{"id":11951,"date":"2026-03-09T14:35:56","date_gmt":"2026-03-09T14:35:56","guid":{"rendered":"https:\/\/kseynasa.gr\/?page_id=11951"},"modified":"2026-03-09T14:35:56","modified_gmt":"2026-03-09T14:35:56","slug":"nutzungsbedingungen","status":"publish","type":"page","link":"https:\/\/kseynasa.gr\/de\/nutzungsbedingungen\/","title":{"rendered":"Nutzungsbedingungen"},"content":{"rendered":"<div id=\"1687002832319-1d19a690-2407\" class=\"vc_tta-panel\" data-vc-content=\".vc_tta-panel-body\">\n<div class=\"vc_tta-panel-heading\">\n<h3 class=\"vc_tta-panel-title vc_tta-controls-icon-position-left\"><span class=\"vc_tta-title-text\">Rezeption<\/span><i class=\"vc_tta-controls-icon vc_tta-controls-icon-plus\"><\/i><\/h3>\n<\/div>\n<div class=\"vc_tta-panel-body\">\n<div class=\"wpb_text_column wpb_content_element \">\n<div class=\"wpb_wrapper\">\n<ul>\n<li><strong>\u00d6ffnungszeiten:<\/strong>\u00a009:00\u201314:30 &amp; 17:30\u201321:00<\/li>\n<\/ul>\n<\/div>\n<\/div>\n<\/div>\n<\/div>\n<div id=\"1612931679792-aa61af9b-ddc1\" class=\"vc_tta-panel\" data-vc-content=\".vc_tta-panel-body\">\n<div class=\"vc_tta-panel-heading\">\n<h3 class=\"vc_tta-panel-title vc_tta-controls-icon-position-left\"><span class=\"vc_tta-title-text\">Reservierungen<\/span><i class=\"vc_tta-controls-icon vc_tta-controls-icon-plus\"><\/i><\/h3>\n<\/div>\n<div class=\"vc_tta-panel-body\">\n<div class=\"wpb_text_column wpb_content_element \">\n<div class=\"wpb_wrapper\">\n<ul>\n<li>Eine Anzahlung von 30\u202f% ist erforderlich und muss innerhalb von 3 Tagen nach Best\u00e4tigung der Reservierung bezahlt werden.<\/li>\n<li>Restzahlung bis sp\u00e4testens 15 Tage vor Ankunft.<\/li>\n<li>Bei Reservierungen mit nicht erstattbarer Rate ist eine vollst\u00e4ndige Zahlung (100\u202f%) innerhalb von 3 Tagen nach Best\u00e4tigung erforderlich.<\/li>\n<li>F\u00fcr Last-Minute-Reservierungen (14 Tage oder weniger vor Ankunft) gelten die Zahlungsbedingungen der nicht erstattbaren Rate<\/li>\n<\/ul>\n<\/div>\n<\/div>\n<\/div>\n<\/div>\n<div id=\"1612932065711-7cf6d1d6-98b9\" class=\"vc_tta-panel\" data-vc-content=\".vc_tta-panel-body\">\n<div class=\"vc_tta-panel-heading\">\n<h3 class=\"vc_tta-panel-title vc_tta-controls-icon-position-left\"><span class=\"vc_tta-title-text\">Check-in<\/span><i class=\"vc_tta-controls-icon vc_tta-controls-icon-plus\"><\/i><\/h3>\n<\/div>\n<div class=\"vc_tta-panel-body\">\n<div class=\"wpb_text_column wpb_content_element \">\n<div class=\"wpb_wrapper\">\n<ul>\n<li>Von 15:00 bis 21:00 Uhr \u2013 Wenn Sie fr\u00fch ankommen und Ihr Zimmer verf\u00fcgbar ist, k\u00f6nnen Sie es sofort beziehen. Andernfalls bewahren wir gerne Ihr Gep\u00e4ck auf.<\/li>\n<li>F\u00fcr einen Check-in vor 09:00 Uhr oder nach 21:00 Uhr ist eine vorherige Benachrichtigung an die Unterkunft erforderlich (<a href=\"mailto:sales@alp-hospitality.gr\">sales@alp-hospitality.gr<\/a>).<\/li>\n<li>Die Kurtaxe ist beim Check-in zu bezahlen.<\/li>\n<\/ul>\n<\/div>\n<\/div>\n<\/div>\n<\/div>\n<div id=\"1612932096966-81d39b63-34c5\" class=\"vc_tta-panel\" data-vc-content=\".vc_tta-panel-body\">\n<div class=\"vc_tta-panel-heading\">\n<h3 class=\"vc_tta-panel-title vc_tta-controls-icon-position-left\"><span class=\"vc_tta-title-text\">Check-out<\/span><i class=\"vc_tta-controls-icon vc_tta-controls-icon-plus\"><\/i><\/h3>\n<\/div>\n<div class=\"vc_tta-panel-body\">\n<div class=\"wpb_text_column wpb_content_element \">\n<div class=\"wpb_wrapper\">\n<ul>\n<li>Bis 11:00 Uhr<\/li>\n<\/ul>\n<\/div>\n<\/div>\n<\/div>\n<\/div>\n<div id=\"1638897453715-c0cf15ae-abf5\" class=\"vc_tta-panel\" data-vc-content=\".vc_tta-panel-body\">\n<div class=\"vc_tta-panel-heading\">\n<h3 class=\"vc_tta-panel-title vc_tta-controls-icon-position-left\"><span class=\"vc_tta-title-text\">Kurtaxe in Griechenland<\/span><i class=\"vc_tta-controls-icon vc_tta-controls-icon-plus\"><\/i><\/h3>\n<\/div>\n<div class=\"vc_tta-panel-body\">\n<div class=\"wpb_text_column wpb_content_element \">\n<div class=\"wpb_wrapper\">\n<ul>\n<li>Seit dem 1. Januar 2018 gilt in Griechenland eine neue Gesetzgebung zur Kurtaxe.<\/li>\n<li>Laut dieser Gesetzgebung sind G\u00e4ste verpflichtet, eine Kurtaxe zu zahlen, die je nach Unterkunftskategorie variiert.<\/li>\n<li>Die Kurtaxe ist bei der Ankunft direkt an die Unterkunft zu zahlen.<\/li>\n<li>Der Eigent\u00fcmer oder die Rezeptionist\/in ist verpflichtet, eine Rechnung f\u00fcr die Kurtaxe auszustellen.<\/li>\n<li>Der Betrag der Kurtaxe ist nicht im Mietpreis der Unterkunft enthalten.<\/li>\n<li>Die Kurtaxe wird pro Zimmer und nicht pro Person berechnet. Es fallen keine Mehrwertsteuergeb\u00fchren an.<\/li>\n<\/ul>\n<p>Kurtaxe pro Zimmer und Tag:<\/p>\n<ul>\n<li>1\u20132 Sterne: 2\u202f\u20ac<\/li>\n<li>3 Sterne: 5\u202f\u20ac<\/li>\n<li>4 Sterne: 10\u202f\u20ac<\/li>\n<li>5 Sterne &amp; Villen: 15\u202f\u20ac<\/li>\n<\/ul>\n<p>F\u00fcr Aufenthalte in Ferienwohnungen betr\u00e4gt die Kurtaxe 8\u202f\u20ac pro Tag und Wohnung.<\/p>\n<\/div>\n<\/div>\n<\/div>\n<\/div>\n<div id=\"1612932093687-bc1f3341-ed53\" class=\"vc_tta-panel\" data-vc-content=\".vc_tta-panel-body\">\n<div class=\"vc_tta-panel-heading\">\n<h3 class=\"vc_tta-panel-title vc_tta-controls-icon-position-left\"><span class=\"vc_tta-title-text\">Zahlungen<\/span><i class=\"vc_tta-controls-icon vc_tta-controls-icon-plus\"><\/i><\/h3>\n<\/div>\n<div class=\"vc_tta-panel-body\">\n<div class=\"wpb_text_column wpb_content_element \">\n<div class=\"wpb_wrapper\">\n<ul>\n<li>Wir akzeptieren Bargeld, PayPal, Debit-\/Kreditkarten, Bank\u00fcberweisung und Western Union.<\/li>\n<\/ul>\n<\/div>\n<\/div>\n<\/div>\n<\/div>\n<div id=\"1612932092001-9d9554dc-6300\" class=\"vc_tta-panel\" data-vc-content=\".vc_tta-panel-body\">\n<div class=\"vc_tta-panel-heading\">\n<h3 class=\"vc_tta-panel-title vc_tta-controls-icon-position-left\"><span class=\"vc_tta-title-text\">Stornierungen<\/span><i class=\"vc_tta-controls-icon vc_tta-controls-icon-plus\"><\/i><\/h3>\n<\/div>\n<div class=\"vc_tta-panel-body\">\n<div class=\"wpb_text_column wpb_content_element \">\n<div class=\"wpb_wrapper\">\n<ul>\n<li>Stornierungen werden nur per E-Mail an\u00a0<a href=\"mailto:sales@alp-hospitality.gr\">sales@alp-hospitality.gr<\/a>\u00a0akzeptiert.<\/li>\n<li>Stornierungen, die 15 oder mehr Tage vor dem geplanten Ankunftsdatum erfolgen, erhalten eine vollst\u00e4ndige R\u00fcckerstattung der Anzahlung.<\/li>\n<li>Stornierungen innerhalb von 14 Tagen vor dem geplanten Ankunftsdatum erhalten keine R\u00fcckerstattung.<\/li>\n<li>Bei Nichterscheinen erfolgt keine R\u00fcckerstattung.<\/li>\n<\/ul>\n<\/div>\n<\/div>\n<\/div>\n<\/div>\n<div id=\"1612932090224-7470ffd1-56ec\" class=\"vc_tta-panel\" data-vc-content=\".vc_tta-panel-body\">\n<div class=\"vc_tta-panel-heading\">\n<h3 class=\"vc_tta-panel-title vc_tta-controls-icon-position-left\"><span class=\"vc_tta-title-text\">Fr\u00fche Abreise<\/span><i class=\"vc_tta-controls-icon vc_tta-controls-icon-plus\"><\/i><\/h3>\n<\/div>\n<div class=\"vc_tta-panel-body\">\n<div class=\"wpb_text_column wpb_content_element \">\n<div class=\"wpb_wrapper\">\n<ul>\n<li>Bei Abreise vor dem geplanten Datum erfolgt keine R\u00fcckerstattung.<\/li>\n<\/ul>\n<\/div>\n<\/div>\n<\/div>\n<\/div>\n<div id=\"1612932095302-8d16dc9e-4c63\" class=\"vc_tta-panel\" data-vc-content=\".vc_tta-panel-body\">\n<div class=\"vc_tta-panel-heading\">\n<h3 class=\"vc_tta-panel-title vc_tta-controls-icon-position-left\"><span class=\"vc_tta-title-text\">Kinder<\/span><i class=\"vc_tta-controls-icon vc_tta-controls-icon-plus\"><\/i><\/h3>\n<\/div>\n<div class=\"vc_tta-panel-body\">\n<div class=\"wpb_text_column wpb_content_element \">\n<div class=\"wpb_wrapper\">\n<ul>\n<li>Kinder jeden Alters sind willkommen.<\/li>\n<li>Ein Babybett ist auf Anfrage kostenlos f\u00fcr Kinder bis 2 Jahre verf\u00fcgbar.<\/li>\n<li>Kinder ab 12 Jahren gelten in dieser Unterkunft als Erwachsene.<\/li>\n<li>Es besteht keine M\u00f6glichkeit, ein zus\u00e4tzliches Bett hinzuzuf\u00fcgen.<\/li>\n<li>Die maximale Anzahl an Babybetten h\u00e4ngt vom gew\u00e4hlten Zimmer ab. Bitte \u00fcberpr\u00fcfen Sie die maximale Kapazit\u00e4t des Zimmers.<\/li>\n<li>Alle Babybetten und zus\u00e4tzlichen Betten unterliegen der Verf\u00fcgbarkeit.<\/li>\n<\/ul>\n<\/div>\n<\/div>\n<\/div>\n<\/div>\n<div id=\"1612932088271-f15a75b4-f328\" class=\"vc_tta-panel\" data-vc-content=\".vc_tta-panel-body\">\n<div class=\"vc_tta-panel-heading\">\n<h3 class=\"vc_tta-panel-title vc_tta-controls-icon-position-left\"><span class=\"vc_tta-title-text\">Reinigung<\/span><i class=\"vc_tta-controls-icon vc_tta-controls-icon-plus\"><\/i><\/h3>\n<\/div>\n<div class=\"vc_tta-panel-body\">\n<div class=\"wpb_text_column wpb_content_element \">\n<div class=\"wpb_wrapper\">\n<ul>\n<li>Ihr Apartment wird vor Ihrer Ankunft gr\u00fcndlich gereinigt und verf\u00fcgt \u00fcber frische Bettw\u00e4sche und Handt\u00fccher.<\/li>\n<li>Wir reinigen die Apartments t\u00e4glich.<\/li>\n<li>Handt\u00fccher werden alle 2 Tage gewechselt.<\/li>\n<li>Bettw\u00e4sche wird alle 3 Tage gewechselt.<\/li>\n<\/ul>\n<\/div>\n<\/div>\n<\/div>\n<\/div>\n<div id=\"1612932250330-fabc2f8f-f75e\" class=\"vc_tta-panel\" data-vc-content=\".vc_tta-panel-body\">\n<div class=\"vc_tta-panel-heading\">\n<h3 class=\"vc_tta-panel-title vc_tta-controls-icon-position-left\"><span class=\"vc_tta-title-text\">Pool<\/span><i class=\"vc_tta-controls-icon vc_tta-controls-icon-plus\"><\/i><\/h3>\n<\/div>\n<div class=\"vc_tta-panel-body\">\n<div class=\"wpb_text_column wpb_content_element \">\n<div class=\"wpb_wrapper\">\n<ul>\n<li><strong>\u00d6ffnungszeiten:<\/strong>\u00a009:00\u201314:30 \/ 17:30\u201320:00<\/li>\n<li>Der Verzehr von Speisen und Getr\u00e4nken, die nicht im Hotel gekauft wurden, ist untersagt.<\/li>\n<li>Bitte duschen Sie vor dem Betreten des Pools.<\/li>\n<li>Das Tragen von Badebekleidung ist erforderlich.<\/li>\n<li>Schwimmen in Kleidung oder Schuhen ist nicht gestattet.<\/li>\n<li>Kinder unter 12 Jahren m\u00fcssen von einem Erwachsenen im Poolbereich begleitet werden.<\/li>\n<li>Haustiere sind im Poolbereich nicht erlaubt.<\/li>\n<li>Laufen, Schubsen oder Tauchen im Poolbereich ist untersagt.<\/li>\n<li>Warten Sie 3 Stunden nach dem Essen oder dem Konsum von Alkohol, bevor Sie den Pool betreten.<\/li>\n<li>Der Zutritt zum Pool ist f\u00fcr Nichtschwimmer nicht gestattet.<\/li>\n<li>Personen mit ansteckenden Krankheiten d\u00fcrfen den Pool nicht benutzen.<\/li>\n<li>Notrufnummer: 166<\/li>\n<\/ul>\n<\/div>\n<\/div>\n<\/div>\n<\/div>\n<div id=\"1613638444119-a8ee8282-deca\" class=\"vc_tta-panel\" data-vc-content=\".vc_tta-panel-body\">\n<div class=\"vc_tta-panel-heading\">\n<h3 class=\"vc_tta-panel-title vc_tta-controls-icon-position-left\"><span class=\"vc_tta-title-text\">Allgemeine Richtlinien<\/span><i class=\"vc_tta-controls-icon vc_tta-controls-icon-plus\"><\/i><\/h3>\n<\/div>\n<div class=\"vc_tta-panel-body\">\n<div class=\"wpb_text_column wpb_content_element \">\n<div class=\"wpb_wrapper\">\n<ul>\n<li>Es gilt ein striktes Rauchverbot in den Zimmern. Rauchen ist auf den Balkonen gestattet.<\/li>\n<li>G\u00e4ste m\u00fcssen die Ruhezeiten zwischen 14:30\u201317:30 und 22:30\u201309:00 einhalten.<\/li>\n<li>Haustiere sind nicht erlaubt.<\/li>\n<\/ul>\n<\/div>\n<\/div>\n<\/div>\n<\/div>\n","protected":false},"excerpt":{"rendered":"<p>Rezeption \u00d6ffnungszeiten:\u00a009:00\u201314:30 &amp; 17:30\u201321:00 Reservierungen Eine Anzahlung von 30\u202f% ist erforderlich und muss innerhalb von 3 Tagen nach Best\u00e4tigung der Reservierung bezahlt werden. Restzahlung bis sp\u00e4testens 15 Tage vor Ankunft. Bei Reservierungen mit nicht erstattbarer Rate ist eine vollst\u00e4ndige Zahlung (100\u202f%) innerhalb von 3 Tagen nach Best\u00e4tigung erforderlich. F\u00fcr Last-Minute-Reservierungen (14 Tage oder weniger vor [&hellip;]<\/p>\n","protected":false},"author":2,"featured_media":0,"parent":0,"menu_order":0,"comment_status":"closed","ping_status":"closed","template":"","meta":[],"yoast_head":"<!-- This site is optimized with the Yoast SEO plugin v17.7.1 - https:\/\/yoast.com\/wordpress\/plugins\/seo\/ -->\n<title>Nutzungsbedingungen - Kseynasa Nikiti Suites<\/title>\n<meta name=\"robots\" content=\"index, follow, max-snippet:-1, max-image-preview:large, max-video-preview:-1\" \/>\n<link rel=\"canonical\" href=\"https:\/\/kseynasa.gr\/de\/nutzungsbedingungen\/\" \/>\n<meta property=\"og:locale\" content=\"de_DE\" \/>\n<meta property=\"og:type\" content=\"article\" \/>\n<meta property=\"og:title\" content=\"Nutzungsbedingungen - Kseynasa Nikiti Suites\" \/>\n<meta property=\"og:description\" content=\"Rezeption \u00d6ffnungszeiten:\u00a009:00\u201314:30 &amp; 17:30\u201321:00 Reservierungen Eine Anzahlung von 30\u202f% ist erforderlich und muss innerhalb von 3 Tagen nach Best\u00e4tigung der Reservierung bezahlt werden. Restzahlung bis sp\u00e4testens 15 Tage vor Ankunft. Bei Reservierungen mit nicht erstattbarer Rate ist eine vollst\u00e4ndige Zahlung (100\u202f%) innerhalb von 3 Tagen nach Best\u00e4tigung erforderlich. F\u00fcr Last-Minute-Reservierungen (14 Tage oder weniger vor [&hellip;]\" \/>\n<meta property=\"og:url\" content=\"https:\/\/kseynasa.gr\/de\/nutzungsbedingungen\/\" \/>\n<meta property=\"og:site_name\" content=\"Kseynasa Nikiti Suites\" \/>\n<meta name=\"twitter:card\" content=\"summary_large_image\" \/>\n<meta name=\"twitter:label1\" content=\"Est. reading time\" \/>\n\t<meta name=\"twitter:data1\" content=\"3 Minuten\" \/>\n<script type=\"application\/ld+json\" class=\"yoast-schema-graph\">{\"@context\":\"https:\/\/schema.org\",\"@graph\":[{\"@type\":\"WebSite\",\"@id\":\"https:\/\/kseynasa.gr\/#website\",\"url\":\"https:\/\/kseynasa.gr\/\",\"name\":\"Kseynasa Nikiti Suites\",\"description\":\"at Nikiti Sithonia Chalkidiki Greece\",\"potentialAction\":[{\"@type\":\"SearchAction\",\"target\":{\"@type\":\"EntryPoint\",\"urlTemplate\":\"https:\/\/kseynasa.gr\/?s={search_term_string}\"},\"query-input\":\"required name=search_term_string\"}],\"inLanguage\":\"de-DE\"},{\"@type\":\"WebPage\",\"@id\":\"https:\/\/kseynasa.gr\/de\/nutzungsbedingungen\/#webpage\",\"url\":\"https:\/\/kseynasa.gr\/de\/nutzungsbedingungen\/\",\"name\":\"Nutzungsbedingungen - Kseynasa Nikiti Suites\",\"isPartOf\":{\"@id\":\"https:\/\/kseynasa.gr\/#website\"},\"datePublished\":\"2026-03-09T14:35:56+00:00\",\"dateModified\":\"2026-03-09T14:35:56+00:00\",\"breadcrumb\":{\"@id\":\"https:\/\/kseynasa.gr\/de\/nutzungsbedingungen\/#breadcrumb\"},\"inLanguage\":\"de-DE\",\"potentialAction\":[{\"@type\":\"ReadAction\",\"target\":[\"https:\/\/kseynasa.gr\/de\/nutzungsbedingungen\/\"]}]},{\"@type\":\"BreadcrumbList\",\"@id\":\"https:\/\/kseynasa.gr\/de\/nutzungsbedingungen\/#breadcrumb\",\"itemListElement\":[{\"@type\":\"ListItem\",\"position\":1,\"name\":\"Home\",\"item\":\"https:\/\/kseynasa.gr\/de\/\"},{\"@type\":\"ListItem\",\"position\":2,\"name\":\"Nutzungsbedingungen\"}]}]}<\/script>\n<!-- \/ Yoast SEO plugin. -->","yoast_head_json":{"title":"Nutzungsbedingungen - Kseynasa Nikiti Suites","robots":{"index":"index","follow":"follow","max-snippet":"max-snippet:-1","max-image-preview":"max-image-preview:large","max-video-preview":"max-video-preview:-1"},"canonical":"https:\/\/kseynasa.gr\/de\/nutzungsbedingungen\/","og_locale":"de_DE","og_type":"article","og_title":"Nutzungsbedingungen - Kseynasa Nikiti Suites","og_description":"Rezeption \u00d6ffnungszeiten:\u00a009:00\u201314:30 &amp; 17:30\u201321:00 Reservierungen Eine Anzahlung von 30\u202f% ist erforderlich und muss innerhalb von 3 Tagen nach Best\u00e4tigung der Reservierung bezahlt werden. Restzahlung bis sp\u00e4testens 15 Tage vor Ankunft. Bei Reservierungen mit nicht erstattbarer Rate ist eine vollst\u00e4ndige Zahlung (100\u202f%) innerhalb von 3 Tagen nach Best\u00e4tigung erforderlich. F\u00fcr Last-Minute-Reservierungen (14 Tage oder weniger vor [&hellip;]","og_url":"https:\/\/kseynasa.gr\/de\/nutzungsbedingungen\/","og_site_name":"Kseynasa Nikiti Suites","twitter_card":"summary_large_image","twitter_misc":{"Est. reading time":"3 Minuten"},"schema":{"@context":"https:\/\/schema.org","@graph":[{"@type":"WebSite","@id":"https:\/\/kseynasa.gr\/#website","url":"https:\/\/kseynasa.gr\/","name":"Kseynasa Nikiti Suites","description":"at Nikiti Sithonia Chalkidiki Greece","potentialAction":[{"@type":"SearchAction","target":{"@type":"EntryPoint","urlTemplate":"https:\/\/kseynasa.gr\/?s={search_term_string}"},"query-input":"required name=search_term_string"}],"inLanguage":"de-DE"},{"@type":"WebPage","@id":"https:\/\/kseynasa.gr\/de\/nutzungsbedingungen\/#webpage","url":"https:\/\/kseynasa.gr\/de\/nutzungsbedingungen\/","name":"Nutzungsbedingungen - Kseynasa Nikiti Suites","isPartOf":{"@id":"https:\/\/kseynasa.gr\/#website"},"datePublished":"2026-03-09T14:35:56+00:00","dateModified":"2026-03-09T14:35:56+00:00","breadcrumb":{"@id":"https:\/\/kseynasa.gr\/de\/nutzungsbedingungen\/#breadcrumb"},"inLanguage":"de-DE","potentialAction":[{"@type":"ReadAction","target":["https:\/\/kseynasa.gr\/de\/nutzungsbedingungen\/"]}]},{"@type":"BreadcrumbList","@id":"https:\/\/kseynasa.gr\/de\/nutzungsbedingungen\/#breadcrumb","itemListElement":[{"@type":"ListItem","position":1,"name":"Home","item":"https:\/\/kseynasa.gr\/de\/"},{"@type":"ListItem","position":2,"name":"Nutzungsbedingungen"}]}]}},"_links":{"self":[{"href":"https:\/\/kseynasa.gr\/de\/wp-json\/wp\/v2\/pages\/11951"}],"collection":[{"href":"https:\/\/kseynasa.gr\/de\/wp-json\/wp\/v2\/pages"}],"about":[{"href":"https:\/\/kseynasa.gr\/de\/wp-json\/wp\/v2\/types\/page"}],"author":[{"embeddable":true,"href":"https:\/\/kseynasa.gr\/de\/wp-json\/wp\/v2\/users\/2"}],"replies":[{"embeddable":true,"href":"https:\/\/kseynasa.gr\/de\/wp-json\/wp\/v2\/comments?post=11951"}],"version-history":[{"count":1,"href":"https:\/\/kseynasa.gr\/de\/wp-json\/wp\/v2\/pages\/11951\/revisions"}],"predecessor-version":[{"id":11952,"href":"https:\/\/kseynasa.gr\/de\/wp-json\/wp\/v2\/pages\/11951\/revisions\/11952"}],"wp:attachment":[{"href":"https:\/\/kseynasa.gr\/de\/wp-json\/wp\/v2\/media?parent=11951"}],"curies":[{"name":"wp","href":"https:\/\/api.w.org\/{rel}","templated":true}]}}