{"id":3131,"date":"2018-05-25T04:39:02","date_gmt":"2018-05-25T04:39:02","guid":{"rendered":"https:\/\/kseynasa.gr\/front-page\/"},"modified":"2026-03-09T16:34:49","modified_gmt":"2026-03-09T16:34:49","slug":"front-page","status":"publish","type":"page","link":"https:\/\/kseynasa.gr\/de\/","title":{"rendered":"Kseynasa"},"content":{"rendered":"<p>[vc_row full_width=&#8220;stretch_row&#8220; shadow_x_offset=&#8220;0&#8243; shadow_y_offset=&#8220;0&#8243; shadow_blur=&#8220;0&#8243; shadow_spread=&#8220;0&#8243; shadow_color=&#8220;&#8220; el_class=&#8220;overlap&#8220; css=&#8220;.vc_custom_1542870643138{margin-top: -160px !important;}&#8220;][vc_column shadow_x_offset=&#8220;0&#8243; shadow_y_offset=&#8220;0&#8243; shadow_blur=&#8220;0&#8243; shadow_spread=&#8220;0&#8243; shadow_color=&#8220;&#8220; offset=&#8220;vc_col-lg-offset-1 vc_col-lg-10 vc_col-md-offset-1 vc_col-md-10 vc_col-xs-12&#8243;][rev_slider_vc alias=&#8220;home&#8220;][\/vc_column][\/vc_row][vc_row full_width=&#8220;stretch_row&#8220; shadow_x_offset=&#8220;0&#8243; shadow_y_offset=&#8220;0&#8243; shadow_blur=&#8220;0&#8243; shadow_spread=&#8220;0&#8243; shadow_color=&#8220;&#8220; el_class=&#8220;overlap&#8220;][vc_column css_animation=&#8220;none&#8220; shadow_x_offset=&#8220;0&#8243; shadow_y_offset=&#8220;0&#8243; shadow_blur=&#8220;0&#8243; shadow_spread=&#8220;0&#8243; shadow_color=&#8220;rgba(153,153,153,0.15)&#8220; offset=&#8220;vc_col-lg-offset-0 vc_col-lg-12 vc_col-md-offset-0 vc_col-md-12 vc_col-xs-12&#8243; css=&#8220;.vc_custom_1542870952541{margin-top: -180px !important;padding-right: 0px !important;padding-left: 0px !important;}&#8220;][stm_spacer height_tablet=&#8220;0&#8243; height_mobile=&#8220;0&#8243;][stm_button button_size=&#8220;lg&#8220; button_pos=&#8220;center&#8220; button_color=&#8220;secondary&#8220; button_bg_color=&#8220;#2d404b&#8220; button_bg_color_hover=&#8220;#c19b76&#8243; link=&#8220;url:https%3A%2F%2Fbooking-engine.hotelpoint.io%2Fbec6d577-00bc-4456-9b3d-e7fb34dc9b7f|title:JETZT%20BUCHEN&#8220; c_class=&#8220;home_slider_button&#8220;][\/vc_column][\/vc_row][vc_row shadow_x_offset=&#8220;0&#8243; shadow_y_offset=&#8220;0&#8243; shadow_blur=&#8220;0&#8243; shadow_spread=&#8220;0&#8243; shadow_color=&#8220;&#8220; css=&#8220;.vc_custom_1613741286784{margin-top: 100px !important;}&#8220;][vc_column shadow_x_offset=&#8220;0&#8243; shadow_y_offset=&#8220;0&#8243; shadow_blur=&#8220;0&#8243; shadow_spread=&#8220;0&#8243; shadow_color=&#8220;&#8220; offset=&#8220;vc_col-lg-4 vc_col-md-12&#8243;][vc_custom_heading text=&#8220;Enjoy&#8220; font_container=&#8220;tag:h6|font_size:140|text_align:left|color:%23e8d0b8&#8243; google_fonts=&#8220;font_family:Herr%20Von%20Muellerhoff%3Aregular|font_style:400%20regular%3A400%3Anormal&#8220;][vc_custom_heading text=&#8220;&#8230;Chalkidiki&#8220; font_container=&#8220;tag:h3|font_size:48|text_align:left&#8220; google_fonts=&#8220;font_family:Roboto%3A100%2C100italic%2C300%2C300italic%2Cregular%2Citalic%2C500%2C500italic%2C700%2C700italic%2C900%2C900italic|font_style:700%20bold%20regular%3A700%3Anormal&#8220; css=&#8220;.vc_custom_1611645158688{margin-top: -20px !important;padding-top: 25px !important;}&#8220;][\/vc_column][vc_column shadow_x_offset=&#8220;0&#8243; shadow_y_offset=&#8220;0&#8243; shadow_blur=&#8220;0&#8243; shadow_spread=&#8220;0&#8243; shadow_color=&#8220;&#8220; offset=&#8220;vc_col-lg-4 vc_col-md-6&#8243;][vc_column_text]Kseynasa Nikiti Suites sind luxuri\u00f6se Zimmer in Nikiti, die f\u00fcr einen angenehmen und unvergesslichen Aufenthalt gebaut wurden. Alle Suiten befinden sich in einem brandneuen Geb\u00e4ude mit brandneuer Ausstattung und wurden geschaffen, um das Beste f\u00fcr Familien oder Paare zu bieten, die die fantastische Lage, die nahe gelegenen Str\u00e4nde und das Nachtleben genie\u00dfen m\u00f6chten.[\/vc_column_text][\/vc_column][vc_column shadow_x_offset=&#8220;0&#8243; shadow_y_offset=&#8220;0&#8243; shadow_blur=&#8220;0&#8243; shadow_spread=&#8220;0&#8243; shadow_color=&#8220;&#8220; offset=&#8220;vc_col-lg-4 vc_col-md-6&#8243;][vc_column_text]In Nikiti gelegen, haben Sie alles, was Sie brauchen, ganz in Ihrer N\u00e4he. Sie k\u00f6nnen Tag und Nacht schwimmen gehen, Tavernen und Bars besuchen, ohne ein Auto zu ben\u00f6tigen. Von dieser idealen Position aus k\u00f6nnen Sie die sch\u00f6ne Halbinsel Sithonia oder jeden Teil von Chalkidiki f\u00fcr kurze Ausfl\u00fcge erkunden.[\/vc_column_text][\/vc_column][\/vc_row][vc_row shadow_x_offset=&#8220;0&#8243; shadow_y_offset=&#8220;0&#8243; shadow_blur=&#8220;0&#8243; shadow_spread=&#8220;0&#8243; shadow_color=&#8220;&#8220; css=&#8220;.vc_custom_1613962921169{margin-bottom: 60px !important;}&#8220; el_class=&#8220;kseynasa_row&#8220;][vc_column width=&#8220;1\/3&#8243;][\/vc_column][vc_column width=&#8220;2\/3&#8243;][vc_column_text]\u201eKseynasa\u201c ist die Aussprache des griechischen Wortes \u201e\u03be\u03b5\u03b3\u03bd\u03bf\u03b9\u03b1\u03c3\u03b9\u03ac\u201c und bedeutet sorglos. Dies bedeutet, dass Sie sich f\u00fcr den Rest Ihrer Tage keine Sorgen machen m\u00fcssen. Entspannen Sie sich, lachen Sie aus vollem Herzen, sind Sie mit den Menschen zusammen, die Sie lieben, schaffen Sie Erinnerungen und verbringen Sie Zeit mit Ihrem Partner oder Ihrer Familie. In den Kseynasa Nikiti Suites finden Sie alles, was Sie f\u00fcr einen unbeschwerten Sommer brauchen.[\/vc_column_text][\/vc_column][\/vc_row][vc_row full_width=&#8220;stretch_row_content_no_spaces&#8220; shadow_x_offset=&#8220;0&#8243; shadow_y_offset=&#8220;0&#8243; shadow_blur=&#8220;0&#8243; shadow_spread=&#8220;0&#8243; shadow_color=&#8220;&#8220; css=&#8220;.vc_custom_1539247964793{margin-right: 15px !important;margin-left: 12px !important;}&#8220;][vc_column width=&#8220;1\/2&#8243; shadow_x_offset=&#8220;0&#8243; shadow_y_offset=&#8220;0&#8243; shadow_blur=&#8220;0&#8243; shadow_spread=&#8220;0&#8243; shadow_color=&#8220;&#8220; offset=&#8220;vc_col-lg-3 vc_col-md-6 vc_col-xs-12&#8243;][stm_info_box icon=&#8220;stmicon-laptop_mac&#8220; icon_size=&#8220;79&#8243; style=&#8220;style_2&#8243; title=&#8220;Arbeit und Kontakt&#8220; image=&#8220;1748&#8243;]Erledigen Sie Ihre Arbeit oder jede Kommunikation mit unserem kostenlosen WLAN-Internet.[\/stm_info_box][\/vc_column][vc_column width=&#8220;1\/2&#8243; shadow_x_offset=&#8220;0&#8243; shadow_y_offset=&#8220;0&#8243; shadow_blur=&#8220;0&#8243; shadow_spread=&#8220;0&#8243; shadow_color=&#8220;&#8220; offset=&#8220;vc_col-lg-3 vc_col-md-6 vc_col-xs-12&#8243;][stm_info_box icon=&#8220;stmicon-hotel-spa&#8220; icon_size=&#8220;84&#8243; style=&#8220;style_2&#8243; title=&#8220;Sauberkeit &amp; Hygiene&#8220; image=&#8220;1590&#8243;]F\u00fchlen Sie sich frisch und sicher in unseren Zimmern.[\/stm_info_box][\/vc_column][vc_column width=&#8220;1\/2&#8243; shadow_x_offset=&#8220;0&#8243; shadow_y_offset=&#8220;0&#8243; shadow_blur=&#8220;0&#8243; shadow_spread=&#8220;0&#8243; shadow_color=&#8220;&#8220; offset=&#8220;vc_col-lg-3 vc_col-md-6 vc_col-xs-12&#8243;][stm_info_box icon=&#8220;stmicon-wb_sunny&#8220; icon_size=&#8220;80&#8243; style=&#8220;style_2&#8243; title=&#8220;Unser Pool&#8220; image=&#8220;1750&#8243;]Genie\u00dfen Sie unseren Pool.[\/stm_info_box][\/vc_column][vc_column width=&#8220;1\/2&#8243; shadow_x_offset=&#8220;0&#8243; shadow_y_offset=&#8220;0&#8243; shadow_blur=&#8220;0&#8243; shadow_spread=&#8220;0&#8243; shadow_color=&#8220;&#8220; offset=&#8220;vc_col-lg-3 vc_col-md-6 vc_col-xs-12&#8243;][stm_info_box icon=&#8220;stmicon-beach_access&#8220; icon_size=&#8220;80&#8243; style=&#8220;style_2&#8243; title=&#8220;Gehen Sie zum Strand&#8220; image=&#8220;1752&#8243;]Sie sind an einem perfekten Ort, um viele Str\u00e4nde zu besuchen.[\/stm_info_box][\/vc_column][\/vc_row][vc_row full_width=&#8220;stretch_row&#8220; shadow_x_offset=&#8220;0&#8243; shadow_y_offset=&#8220;0&#8243; shadow_blur=&#8220;0&#8243; shadow_spread=&#8220;0&#8243; shadow_color=&#8220;&#8220; css=&#8220;.vc_custom_1542189027519{margin-top: -30px !important;padding-top: 80px !important;padding-bottom: 45px !important;background-color: #f5f5f5 !important;}&#8220;][vc_column css_animation=&#8220;none&#8220; shadow_x_offset=&#8220;0&#8243; shadow_y_offset=&#8220;0&#8243; shadow_blur=&#8220;0&#8243; shadow_spread=&#8220;0&#8243; offset=&#8220;vc_col-lg-4 vc_col-md-4&#8243;][stm_icon_box icon=&#8220;stmicon-hotel-internet&#8220; icon_class=&#8220;ttc&#8220; icon_size=&#8220;56&#8243; icon_height=&#8220;80&#8243; icon_width=&#8220;85&#8243; min_height=&#8220;220&#8243; flip=&#8220;&#8220; flip_title_color=&#8220;&#8220; flip_content_color=&#8220;&#8220; title=&#8220;Genie\u00dfen Sie kostenloses WLAN&#8220; title_fsz=&#8220;24&#8243; flip_title=&#8220;&#8220; flip_content=&#8220;&#8220; css=&#8220;.vc_custom_1640915456665{padding-right: 15px !important;}&#8220;]Wir teilen Ihre Bedenken bez\u00fcglich der Kommunikation. Wifi ist f\u00fcr die Nutzung in Innenr\u00e4umen oder in allen \u00f6ffentlichen Bereichen unserer Installationen kostenlos.[\/stm_icon_box][stm_spacer height=&#8220;0&#8243; height_tablet=&#8220;20&#8243; height_mobile=&#8220;35&#8243;][\/vc_column][vc_column css_animation=&#8220;none&#8220; shadow_x_offset=&#8220;0&#8243; shadow_y_offset=&#8220;0&#8243; shadow_blur=&#8220;0&#8243; shadow_spread=&#8220;0&#8243; offset=&#8220;vc_col-lg-4 vc_col-md-4&#8243;][stm_icon_box icon=&#8220;stmicon-hotel&#8220; icon_class=&#8220;ttc&#8220; icon_size=&#8220;54&#8243; icon_height=&#8220;80&#8243; icon_width=&#8220;85&#8243; min_height=&#8220;220&#8243; flip=&#8220;&#8220; flip_title_color=&#8220;&#8220; flip_content_color=&#8220;&#8220; title=&#8220;Komplette Dienstleistungen&#8220; title_fsz=&#8220;24&#8243; flip_title=&#8220;&#8220; flip_content=&#8220;&#8220; css=&#8220;.vc_custom_1640915483290{padding-right: 15px !important;}&#8220;]Unsere Suiten sind komplett mit Ger\u00e4ten und Annehmlichkeiten ausgestattet. Wir sind hier, um Ihnen zu dienen und Ihnen zu helfen, bei allem, was Sie brauchen.[\/stm_icon_box][stm_spacer height=&#8220;0&#8243; height_tablet=&#8220;20&#8243; height_mobile=&#8220;35&#8243;][\/vc_column][vc_column css_animation=&#8220;none&#8220; shadow_x_offset=&#8220;0&#8243; shadow_y_offset=&#8220;0&#8243; shadow_blur=&#8220;0&#8243; shadow_spread=&#8220;0&#8243; shadow_color=&#8220;&#8220; offset=&#8220;vc_col-lg-4 vc_col-md-4&#8243;][stm_icon_box icon=&#8220;stmicon-hotel-pool&#8220; icon_class=&#8220;ttc&#8220; icon_size=&#8220;44&#8243; icon_height=&#8220;80&#8243; icon_width=&#8220;85&#8243; min_height=&#8220;220&#8243; flip=&#8220;&#8220; flip_title_color=&#8220;&#8220; flip_content_color=&#8220;&#8220; title=&#8220;Schwimmingpool&#8220; title_fsz=&#8220;24&#8243; flip_title=&#8220;&#8220; flip_content=&#8220;&#8220; css=&#8220;.vc_custom_1640915512767{padding-right: 15px !important;}&#8220;]Genie\u00dfen Sie Ihren Tag, trinken Sie Kaffee oder schwimmen und spielen Sie mit Ihren Kindern in einer sicheren Umgebung. Nachts ist die Spotlight-Atmosph\u00e4re magisch![\/stm_icon_box][\/vc_column][\/vc_row][vc_row full_width=&#8220;stretch_row_content&#8220; shadow_x_offset=&#8220;0&#8243; shadow_y_offset=&#8220;0&#8243; shadow_blur=&#8220;0&#8243; shadow_spread=&#8220;0&#8243; shadow_color=&#8220;&#8220; css=&#8220;.vc_custom_1542189658881{margin-top: 70px !important;margin-bottom: 70px !important;padding-top: 65px !important;}&#8220;][vc_column css_animation=&#8220;none&#8220; shadow_x_offset=&#8220;0&#8243; shadow_y_offset=&#8220;0&#8243; shadow_blur=&#8220;0&#8243; shadow_spread=&#8220;0&#8243; shadow_color=&#8220;&#8220; offset=&#8220;vc_col-lg-offset-1 vc_col-lg-10 vc_col-md-offset-1 vc_col-md-10 vc_col-xs-12&#8243;][stm_wp_hotelier_selective_rooms_carousel per_row=&#8220;3&#8243;][\/vc_column][\/vc_row][vc_row full_width=&#8220;stretch_row_content_no_spaces&#8220; shadow_x_offset=&#8220;0&#8243; shadow_y_offset=&#8220;0&#8243; shadow_blur=&#8220;0&#8243; shadow_spread=&#8220;0&#8243; shadow_color=&#8220;&#8220; css=&#8220;.vc_custom_1612930675505{margin-top: 70px !important;margin-bottom: 0px !important;}&#8220;][vc_column]\n\t\t\t<!-- START frankfurt REVOLUTION SLIDER 6.3.6 --><p class=\"rs-p-wp-fix\"><\/p>\n\t\t\t<rs-module-wrap id=\"rev_slider_2_1_wrapper\" data-source=\"gallery\" style=\"background:transparent;padding:0;margin:0px auto;margin-top:0;margin-bottom:0;max-width:;\">\n\t\t\t\t<rs-module id=\"rev_slider_2_1\" style=\"\" data-version=\"6.3.6\">\n\t\t\t\t\t<rs-slides>\n\t\t\t\t\t\t<rs-slide data-key=\"rs-2\" data-title=\"Slide\" data-anim=\"ei:d;eo:d;s:600;r:0;t:fade;sl:d;\">\n\t\t\t\t\t\t\t<img src=\"\/\/kseynasa.gr\/wp-content\/uploads\/wide_home.jpg\" title=\"wide_home\" width=\"2000\" height=\"694\" class=\"rev-slidebg\" data-no-retina>\n<!---->\t\t\t\t\t\t<\/rs-slide>\n\t\t\t\t\t<\/rs-slides>\n\t\t\t\t<\/rs-module>\n\t\t\t\t<script type=\"text\/javascript\">\n\t\t\t\t\tsetREVStartSize({c: 'rev_slider_2_1',rl:[1240,1024,1024,480],el:[600,600,600,720],gw:[1920,1024,1024,480],gh:[600,600,600,720],type:'standard',justify:'',layout:'fullwidth',mh:\"0\"});\n\t\t\t\t\tvar\trevapi2,\n\t\t\t\t\t\ttpj;\n\t\t\t\t\tfunction revinit_revslider21() {\n\t\t\t\t\tjQuery(function() {\n\t\t\t\t\t\ttpj = jQuery;\n\t\t\t\t\t\trevapi2 = tpj(\"#rev_slider_2_1\");\n\t\t\t\t\t\tif(revapi2==undefined || revapi2.revolution == undefined){\n\t\t\t\t\t\t\trevslider_showDoubleJqueryError(\"rev_slider_2_1\");\n\t\t\t\t\t\t}else{\n\t\t\t\t\t\t\trevapi2.revolution({\n\t\t\t\t\t\t\t\tvisibilityLevels:\"1240,1024,1024,480\",\n\t\t\t\t\t\t\t\tgridwidth:\"1920,1024,1024,480\",\n\t\t\t\t\t\t\t\tgridheight:\"600,600,600,720\",\n\t\t\t\t\t\t\t\tspinner:\"spinner0\",\n\t\t\t\t\t\t\t\tperspective:600,\n\t\t\t\t\t\t\t\tperspectiveType:\"local\",\n\t\t\t\t\t\t\t\teditorheight:\"600,600,960,720\",\n\t\t\t\t\t\t\t\tresponsiveLevels:\"1240,1024,1024,480\",\n\t\t\t\t\t\t\t\tprogressBar:{disableProgressBar:true},\n\t\t\t\t\t\t\t\tnavigation: {\n\t\t\t\t\t\t\t\t\tonHoverStop:false\n\t\t\t\t\t\t\t\t},\n\t\t\t\t\t\t\t\tfallbacks: {\n\t\t\t\t\t\t\t\t\tallowHTML5AutoPlayOnAndroid:true\n\t\t\t\t\t\t\t\t},\n\t\t\t\t\t\t\t});\n\t\t\t\t\t\t}\n\t\t\t\t\t\t\n\t\t\t\t\t});\n\t\t\t\t\t} \/\/ End of RevInitScript\n\t\t\t\tvar once_revslider21 = false;\n\t\t\t\tif (document.readyState === \"loading\") {document.addEventListener('readystatechange',function() { if((document.readyState === \"interactive\" || document.readyState === \"complete\") && !once_revslider21 ) { once_revslider21 = true; revinit_revslider21();}});} else {once_revslider21 = true; revinit_revslider21();}\n\t\t\t\t<\/script>\n\t\t\t<\/rs-module-wrap>\n\t\t\t<!-- END REVOLUTION SLIDER -->\n[\/vc_column][\/vc_row]<\/p>\n","protected":false},"excerpt":{"rendered":"<p>[vc_row full_width=&#8220;stretch_row&#8220; shadow_x_offset=&#8220;0&#8243; shadow_y_offset=&#8220;0&#8243; shadow_blur=&#8220;0&#8243; shadow_spread=&#8220;0&#8243; shadow_color=&#8220;&#8220; el_class=&#8220;overlap&#8220; css=&#8220;.vc_custom_1542870643138{margin-top: -160px !important;}&#8220;][vc_column shadow_x_offset=&#8220;0&#8243; shadow_y_offset=&#8220;0&#8243; shadow_blur=&#8220;0&#8243; shadow_spread=&#8220;0&#8243; shadow_color=&#8220;&#8220; offset=&#8220;vc_col-lg-offset-1 vc_col-lg-10 vc_col-md-offset-1 vc_col-md-10 vc_col-xs-12&#8243;][rev_slider_vc alias=&#8220;home&#8220;][\/vc_column][\/vc_row][vc_row full_width=&#8220;stretch_row&#8220; shadow_x_offset=&#8220;0&#8243; shadow_y_offset=&#8220;0&#8243; shadow_blur=&#8220;0&#8243; shadow_spread=&#8220;0&#8243; shadow_color=&#8220;&#8220; el_class=&#8220;overlap&#8220;][vc_column css_animation=&#8220;none&#8220; shadow_x_offset=&#8220;0&#8243; shadow_y_offset=&#8220;0&#8243; shadow_blur=&#8220;0&#8243; shadow_spread=&#8220;0&#8243; shadow_color=&#8220;rgba(153,153,153,0.15)&#8220; offset=&#8220;vc_col-lg-offset-0 vc_col-lg-12 vc_col-md-offset-0 vc_col-md-12 vc_col-xs-12&#8243; css=&#8220;.vc_custom_1542870952541{margin-top: -180px !important;padding-right: 0px !important;padding-left: 0px !important;}&#8220;][stm_spacer height_tablet=&#8220;0&#8243; height_mobile=&#8220;0&#8243;][stm_button button_size=&#8220;lg&#8220; button_pos=&#8220;center&#8220; button_color=&#8220;secondary&#8220; button_bg_color=&#8220;#2d404b&#8220; button_bg_color_hover=&#8220;#c19b76&#8243; link=&#8220;url:https%3A%2F%2Fbooking-engine.hotelpoint.io%2Fbec6d577-00bc-4456-9b3d-e7fb34dc9b7f|title:JETZT%20BUCHEN&#8220; [&hellip;]<\/p>\n","protected":false},"author":1,"featured_media":0,"parent":0,"menu_order":0,"comment_status":"closed","ping_status":"closed","template":"","meta":[],"yoast_head":"<!-- This site is optimized with the Yoast SEO plugin v17.7.1 - https:\/\/yoast.com\/wordpress\/plugins\/seo\/ -->\n<title>Kseynasa - Kseynasa Nikiti Suites<\/title>\n<meta name=\"robots\" content=\"index, follow, max-snippet:-1, max-image-preview:large, max-video-preview:-1\" \/>\n<link rel=\"canonical\" href=\"https:\/\/kseynasa.gr\/de\/\" \/>\n<meta property=\"og:locale\" content=\"de_DE\" \/>\n<meta property=\"og:type\" content=\"article\" \/>\n<meta property=\"og:title\" content=\"Kseynasa - Kseynasa Nikiti Suites\" \/>\n<meta property=\"og:description\" content=\"[vc_row full_width=&#8220;stretch_row&#8220; shadow_x_offset=&#8220;0&#8243; shadow_y_offset=&#8220;0&#8243; shadow_blur=&#8220;0&#8243; shadow_spread=&#8220;0&#8243; shadow_color=&#8220;&#8220; el_class=&#8220;overlap&#8220; css=&#8220;.vc_custom_1542870643138{margin-top: -160px !important;}&#8220;][vc_column shadow_x_offset=&#8220;0&#8243; shadow_y_offset=&#8220;0&#8243; shadow_blur=&#8220;0&#8243; shadow_spread=&#8220;0&#8243; shadow_color=&#8220;&#8220; offset=&#8220;vc_col-lg-offset-1 vc_col-lg-10 vc_col-md-offset-1 vc_col-md-10 vc_col-xs-12&#8243;][rev_slider_vc alias=&#8220;home&#8220;][\/vc_column][\/vc_row][vc_row full_width=&#8220;stretch_row&#8220; shadow_x_offset=&#8220;0&#8243; shadow_y_offset=&#8220;0&#8243; shadow_blur=&#8220;0&#8243; shadow_spread=&#8220;0&#8243; shadow_color=&#8220;&#8220; el_class=&#8220;overlap&#8220;][vc_column css_animation=&#8220;none&#8220; shadow_x_offset=&#8220;0&#8243; shadow_y_offset=&#8220;0&#8243; shadow_blur=&#8220;0&#8243; shadow_spread=&#8220;0&#8243; shadow_color=&#8220;rgba(153,153,153,0.15)&#8220; offset=&#8220;vc_col-lg-offset-0 vc_col-lg-12 vc_col-md-offset-0 vc_col-md-12 vc_col-xs-12&#8243; css=&#8220;.vc_custom_1542870952541{margin-top: -180px !important;padding-right: 0px !important;padding-left: 0px !important;}&#8220;][stm_spacer height_tablet=&#8220;0&#8243; height_mobile=&#8220;0&#8243;][stm_button button_size=&#8220;lg&#8220; button_pos=&#8220;center&#8220; button_color=&#8220;secondary&#8220; button_bg_color=&#8220;#2d404b&#8220; button_bg_color_hover=&#8220;#c19b76&#8243; link=&#8220;url:https%3A%2F%2Fbooking-engine.hotelpoint.io%2Fbec6d577-00bc-4456-9b3d-e7fb34dc9b7f|title:JETZT%20BUCHEN&#8220; [&hellip;]\" \/>\n<meta property=\"og:url\" content=\"https:\/\/kseynasa.gr\/de\/\" \/>\n<meta property=\"og:site_name\" content=\"Kseynasa Nikiti Suites\" \/>\n<meta property=\"article:modified_time\" content=\"2026-03-09T16:34:49+00:00\" \/>\n<meta name=\"twitter:card\" content=\"summary_large_image\" \/>\n<meta name=\"twitter:label1\" content=\"Est. reading time\" \/>\n\t<meta name=\"twitter:data1\" content=\"3 Minuten\" \/>\n<script type=\"application\/ld+json\" class=\"yoast-schema-graph\">{\"@context\":\"https:\/\/schema.org\",\"@graph\":[{\"@type\":\"WebSite\",\"@id\":\"https:\/\/kseynasa.gr\/#website\",\"url\":\"https:\/\/kseynasa.gr\/\",\"name\":\"Kseynasa Nikiti Suites\",\"description\":\"at Nikiti Sithonia Chalkidiki Greece\",\"potentialAction\":[{\"@type\":\"SearchAction\",\"target\":{\"@type\":\"EntryPoint\",\"urlTemplate\":\"https:\/\/kseynasa.gr\/?s={search_term_string}\"},\"query-input\":\"required name=search_term_string\"}],\"inLanguage\":\"de-DE\"},{\"@type\":\"WebPage\",\"@id\":\"https:\/\/kseynasa.gr\/de\/#webpage\",\"url\":\"https:\/\/kseynasa.gr\/de\/\",\"name\":\"Kseynasa - Kseynasa Nikiti Suites\",\"isPartOf\":{\"@id\":\"https:\/\/kseynasa.gr\/#website\"},\"datePublished\":\"2018-05-25T04:39:02+00:00\",\"dateModified\":\"2026-03-09T16:34:49+00:00\",\"breadcrumb\":{\"@id\":\"https:\/\/kseynasa.gr\/de\/#breadcrumb\"},\"inLanguage\":\"de-DE\",\"potentialAction\":[{\"@type\":\"ReadAction\",\"target\":[\"https:\/\/kseynasa.gr\/de\/\"]}]},{\"@type\":\"BreadcrumbList\",\"@id\":\"https:\/\/kseynasa.gr\/de\/#breadcrumb\",\"itemListElement\":[{\"@type\":\"ListItem\",\"position\":1,\"name\":\"Home\",\"item\":\"https:\/\/kseynasa.gr\/de\/\"},{\"@type\":\"ListItem\",\"position\":2,\"name\":\"Kseynasa\"}]}]}<\/script>\n<!-- \/ Yoast SEO plugin. -->","yoast_head_json":{"title":"Kseynasa - Kseynasa Nikiti Suites","robots":{"index":"index","follow":"follow","max-snippet":"max-snippet:-1","max-image-preview":"max-image-preview:large","max-video-preview":"max-video-preview:-1"},"canonical":"https:\/\/kseynasa.gr\/de\/","og_locale":"de_DE","og_type":"article","og_title":"Kseynasa - Kseynasa Nikiti Suites","og_description":"[vc_row full_width=&#8220;stretch_row&#8220; shadow_x_offset=&#8220;0&#8243; shadow_y_offset=&#8220;0&#8243; shadow_blur=&#8220;0&#8243; shadow_spread=&#8220;0&#8243; shadow_color=&#8220;&#8220; el_class=&#8220;overlap&#8220; css=&#8220;.vc_custom_1542870643138{margin-top: -160px !important;}&#8220;][vc_column shadow_x_offset=&#8220;0&#8243; shadow_y_offset=&#8220;0&#8243; shadow_blur=&#8220;0&#8243; shadow_spread=&#8220;0&#8243; shadow_color=&#8220;&#8220; offset=&#8220;vc_col-lg-offset-1 vc_col-lg-10 vc_col-md-offset-1 vc_col-md-10 vc_col-xs-12&#8243;][rev_slider_vc alias=&#8220;home&#8220;][\/vc_column][\/vc_row][vc_row full_width=&#8220;stretch_row&#8220; shadow_x_offset=&#8220;0&#8243; shadow_y_offset=&#8220;0&#8243; shadow_blur=&#8220;0&#8243; shadow_spread=&#8220;0&#8243; shadow_color=&#8220;&#8220; el_class=&#8220;overlap&#8220;][vc_column css_animation=&#8220;none&#8220; shadow_x_offset=&#8220;0&#8243; shadow_y_offset=&#8220;0&#8243; shadow_blur=&#8220;0&#8243; shadow_spread=&#8220;0&#8243; shadow_color=&#8220;rgba(153,153,153,0.15)&#8220; offset=&#8220;vc_col-lg-offset-0 vc_col-lg-12 vc_col-md-offset-0 vc_col-md-12 vc_col-xs-12&#8243; css=&#8220;.vc_custom_1542870952541{margin-top: -180px !important;padding-right: 0px !important;padding-left: 0px !important;}&#8220;][stm_spacer height_tablet=&#8220;0&#8243; height_mobile=&#8220;0&#8243;][stm_button button_size=&#8220;lg&#8220; button_pos=&#8220;center&#8220; button_color=&#8220;secondary&#8220; button_bg_color=&#8220;#2d404b&#8220; button_bg_color_hover=&#8220;#c19b76&#8243; link=&#8220;url:https%3A%2F%2Fbooking-engine.hotelpoint.io%2Fbec6d577-00bc-4456-9b3d-e7fb34dc9b7f|title:JETZT%20BUCHEN&#8220; [&hellip;]","og_url":"https:\/\/kseynasa.gr\/de\/","og_site_name":"Kseynasa Nikiti Suites","article_modified_time":"2026-03-09T16:34:49+00:00","twitter_card":"summary_large_image","twitter_misc":{"Est. reading time":"3 Minuten"},"schema":{"@context":"https:\/\/schema.org","@graph":[{"@type":"WebSite","@id":"https:\/\/kseynasa.gr\/#website","url":"https:\/\/kseynasa.gr\/","name":"Kseynasa Nikiti Suites","description":"at Nikiti Sithonia Chalkidiki Greece","potentialAction":[{"@type":"SearchAction","target":{"@type":"EntryPoint","urlTemplate":"https:\/\/kseynasa.gr\/?s={search_term_string}"},"query-input":"required name=search_term_string"}],"inLanguage":"de-DE"},{"@type":"WebPage","@id":"https:\/\/kseynasa.gr\/de\/#webpage","url":"https:\/\/kseynasa.gr\/de\/","name":"Kseynasa - Kseynasa Nikiti Suites","isPartOf":{"@id":"https:\/\/kseynasa.gr\/#website"},"datePublished":"2018-05-25T04:39:02+00:00","dateModified":"2026-03-09T16:34:49+00:00","breadcrumb":{"@id":"https:\/\/kseynasa.gr\/de\/#breadcrumb"},"inLanguage":"de-DE","potentialAction":[{"@type":"ReadAction","target":["https:\/\/kseynasa.gr\/de\/"]}]},{"@type":"BreadcrumbList","@id":"https:\/\/kseynasa.gr\/de\/#breadcrumb","itemListElement":[{"@type":"ListItem","position":1,"name":"Home","item":"https:\/\/kseynasa.gr\/de\/"},{"@type":"ListItem","position":2,"name":"Kseynasa"}]}]}},"_links":{"self":[{"href":"https:\/\/kseynasa.gr\/de\/wp-json\/wp\/v2\/pages\/3131"}],"collection":[{"href":"https:\/\/kseynasa.gr\/de\/wp-json\/wp\/v2\/pages"}],"about":[{"href":"https:\/\/kseynasa.gr\/de\/wp-json\/wp\/v2\/types\/page"}],"author":[{"embeddable":true,"href":"https:\/\/kseynasa.gr\/de\/wp-json\/wp\/v2\/users\/1"}],"replies":[{"embeddable":true,"href":"https:\/\/kseynasa.gr\/de\/wp-json\/wp\/v2\/comments?post=3131"}],"version-history":[{"count":6,"href":"https:\/\/kseynasa.gr\/de\/wp-json\/wp\/v2\/pages\/3131\/revisions"}],"predecessor-version":[{"id":11968,"href":"https:\/\/kseynasa.gr\/de\/wp-json\/wp\/v2\/pages\/3131\/revisions\/11968"}],"wp:attachment":[{"href":"https:\/\/kseynasa.gr\/de\/wp-json\/wp\/v2\/media?parent=3131"}],"curies":[{"name":"wp","href":"https:\/\/api.w.org\/{rel}","templated":true}]}}