{"id":3589,"date":"2021-02-18T12:36:45","date_gmt":"2021-02-18T12:36:45","guid":{"rendered":"https:\/\/kseynasa.gr\/nikiti\/"},"modified":"2021-12-31T02:34:02","modified_gmt":"2021-12-31T02:34:02","slug":"nikiti","status":"publish","type":"page","link":"https:\/\/kseynasa.gr\/de\/nikiti\/","title":{"rendered":"NIKITI"},"content":{"rendered":"<p>[vc_row][vc_column][vc_column_text]Die <strong>Kseynasa Nikiti Suites<\/strong> befinden sich in Nikiti, auf der mittleren Halbinsel von Chalkidiki, im sch\u00f6nen Sithonia. Es ist nur 400 m vom langen Sandstrand von Nikiti mit klarem blauem Wasser entfernt und bietet direkten Zugang zu allen touristischen und anderen Infrastrukturen der Stadt.<\/p>\n<p>Von <strong>Nikiti<\/strong> aus k\u00f6nnen Sie alle Sch\u00f6nheiten von Sithonia erkunden: malerische H\u00e4fen, Fischerd\u00f6rfer, gr\u00fcne Landschaften mit Olivenhainen und Pinienw\u00e4ldern, traditionelle D\u00f6rfer, mit Pinien bedeckte Sandstr\u00e4nde usw. Die \u201estrategische\u201c geografische Lage von Nikiti bietet Ihnen die M\u00f6glichkeit die restlichen zwei Halbinseln von Chalkidiki zu entdecken: Kassandra und Agio Oros (Berg Athos).<\/p>\n<p>Entfernungen:<\/p>\n<p>Thessaloniki: 90 km<br \/>\nFlughafen Thessaloniki \u201eMazedonien\u201c: 87 km<br \/>\nNeos Marmaras: 20 km<br \/>\nGeneral Hospital of Halkidiki: 37 km[\/vc_column_text][\/vc_column][\/vc_row]<\/p>\n","protected":false},"excerpt":{"rendered":"<p>[vc_row][vc_column][vc_column_text]Die Kseynasa Nikiti Suites befinden sich in Nikiti, auf der mittleren Halbinsel von Chalkidiki, im sch\u00f6nen Sithonia. Es ist nur 400 m vom langen Sandstrand von Nikiti mit klarem blauem Wasser entfernt und bietet direkten Zugang zu allen touristischen und anderen Infrastrukturen der Stadt. Von Nikiti aus k\u00f6nnen Sie alle Sch\u00f6nheiten von Sithonia erkunden: malerische [&hellip;]<\/p>\n","protected":false},"author":2,"featured_media":0,"parent":0,"menu_order":0,"comment_status":"closed","ping_status":"closed","template":"","meta":[],"yoast_head":"<!-- This site is optimized with the Yoast SEO plugin v17.7.1 - https:\/\/yoast.com\/wordpress\/plugins\/seo\/ -->\n<title>NIKITI - Kseynasa Nikiti Suites<\/title>\n<meta name=\"robots\" content=\"index, follow, max-snippet:-1, max-image-preview:large, max-video-preview:-1\" \/>\n<link rel=\"canonical\" href=\"https:\/\/kseynasa.gr\/de\/nikiti\/\" \/>\n<meta property=\"og:locale\" content=\"de_DE\" \/>\n<meta property=\"og:type\" content=\"article\" \/>\n<meta property=\"og:title\" content=\"NIKITI - Kseynasa Nikiti Suites\" \/>\n<meta property=\"og:description\" content=\"[vc_row][vc_column][vc_column_text]Die Kseynasa Nikiti Suites befinden sich in Nikiti, auf der mittleren Halbinsel von Chalkidiki, im sch\u00f6nen Sithonia. Es ist nur 400 m vom langen Sandstrand von Nikiti mit klarem blauem Wasser entfernt und bietet direkten Zugang zu allen touristischen und anderen Infrastrukturen der Stadt. Von Nikiti aus k\u00f6nnen Sie alle Sch\u00f6nheiten von Sithonia erkunden: malerische [&hellip;]\" \/>\n<meta property=\"og:url\" content=\"https:\/\/kseynasa.gr\/de\/nikiti\/\" \/>\n<meta property=\"og:site_name\" content=\"Kseynasa Nikiti Suites\" \/>\n<meta property=\"article:modified_time\" content=\"2021-12-31T02:34:02+00:00\" \/>\n<meta name=\"twitter:card\" content=\"summary_large_image\" \/>\n<meta name=\"twitter:label1\" content=\"Est. reading time\" \/>\n\t<meta name=\"twitter:data1\" content=\"1 Minute\" \/>\n<script type=\"application\/ld+json\" class=\"yoast-schema-graph\">{\"@context\":\"https:\/\/schema.org\",\"@graph\":[{\"@type\":\"WebSite\",\"@id\":\"https:\/\/kseynasa.gr\/#website\",\"url\":\"https:\/\/kseynasa.gr\/\",\"name\":\"Kseynasa Nikiti Suites\",\"description\":\"at Nikiti Sithonia Chalkidiki Greece\",\"potentialAction\":[{\"@type\":\"SearchAction\",\"target\":{\"@type\":\"EntryPoint\",\"urlTemplate\":\"https:\/\/kseynasa.gr\/?s={search_term_string}\"},\"query-input\":\"required name=search_term_string\"}],\"inLanguage\":\"de-DE\"},{\"@type\":\"WebPage\",\"@id\":\"https:\/\/kseynasa.gr\/de\/nikiti\/#webpage\",\"url\":\"https:\/\/kseynasa.gr\/de\/nikiti\/\",\"name\":\"NIKITI - Kseynasa Nikiti Suites\",\"isPartOf\":{\"@id\":\"https:\/\/kseynasa.gr\/#website\"},\"datePublished\":\"2021-02-18T12:36:45+00:00\",\"dateModified\":\"2021-12-31T02:34:02+00:00\",\"breadcrumb\":{\"@id\":\"https:\/\/kseynasa.gr\/de\/nikiti\/#breadcrumb\"},\"inLanguage\":\"de-DE\",\"potentialAction\":[{\"@type\":\"ReadAction\",\"target\":[\"https:\/\/kseynasa.gr\/de\/nikiti\/\"]}]},{\"@type\":\"BreadcrumbList\",\"@id\":\"https:\/\/kseynasa.gr\/de\/nikiti\/#breadcrumb\",\"itemListElement\":[{\"@type\":\"ListItem\",\"position\":1,\"name\":\"Home\",\"item\":\"https:\/\/kseynasa.gr\/de\/\"},{\"@type\":\"ListItem\",\"position\":2,\"name\":\"NIKITI\"}]}]}<\/script>\n<!-- \/ Yoast SEO plugin. -->","yoast_head_json":{"title":"NIKITI - Kseynasa Nikiti Suites","robots":{"index":"index","follow":"follow","max-snippet":"max-snippet:-1","max-image-preview":"max-image-preview:large","max-video-preview":"max-video-preview:-1"},"canonical":"https:\/\/kseynasa.gr\/de\/nikiti\/","og_locale":"de_DE","og_type":"article","og_title":"NIKITI - Kseynasa Nikiti Suites","og_description":"[vc_row][vc_column][vc_column_text]Die Kseynasa Nikiti Suites befinden sich in Nikiti, auf der mittleren Halbinsel von Chalkidiki, im sch\u00f6nen Sithonia. Es ist nur 400 m vom langen Sandstrand von Nikiti mit klarem blauem Wasser entfernt und bietet direkten Zugang zu allen touristischen und anderen Infrastrukturen der Stadt. Von Nikiti aus k\u00f6nnen Sie alle Sch\u00f6nheiten von Sithonia erkunden: malerische [&hellip;]","og_url":"https:\/\/kseynasa.gr\/de\/nikiti\/","og_site_name":"Kseynasa Nikiti Suites","article_modified_time":"2021-12-31T02:34:02+00:00","twitter_card":"summary_large_image","twitter_misc":{"Est. reading time":"1 Minute"},"schema":{"@context":"https:\/\/schema.org","@graph":[{"@type":"WebSite","@id":"https:\/\/kseynasa.gr\/#website","url":"https:\/\/kseynasa.gr\/","name":"Kseynasa Nikiti Suites","description":"at Nikiti Sithonia Chalkidiki Greece","potentialAction":[{"@type":"SearchAction","target":{"@type":"EntryPoint","urlTemplate":"https:\/\/kseynasa.gr\/?s={search_term_string}"},"query-input":"required name=search_term_string"}],"inLanguage":"de-DE"},{"@type":"WebPage","@id":"https:\/\/kseynasa.gr\/de\/nikiti\/#webpage","url":"https:\/\/kseynasa.gr\/de\/nikiti\/","name":"NIKITI - Kseynasa Nikiti Suites","isPartOf":{"@id":"https:\/\/kseynasa.gr\/#website"},"datePublished":"2021-02-18T12:36:45+00:00","dateModified":"2021-12-31T02:34:02+00:00","breadcrumb":{"@id":"https:\/\/kseynasa.gr\/de\/nikiti\/#breadcrumb"},"inLanguage":"de-DE","potentialAction":[{"@type":"ReadAction","target":["https:\/\/kseynasa.gr\/de\/nikiti\/"]}]},{"@type":"BreadcrumbList","@id":"https:\/\/kseynasa.gr\/de\/nikiti\/#breadcrumb","itemListElement":[{"@type":"ListItem","position":1,"name":"Home","item":"https:\/\/kseynasa.gr\/de\/"},{"@type":"ListItem","position":2,"name":"NIKITI"}]}]}},"_links":{"self":[{"href":"https:\/\/kseynasa.gr\/de\/wp-json\/wp\/v2\/pages\/3589"}],"collection":[{"href":"https:\/\/kseynasa.gr\/de\/wp-json\/wp\/v2\/pages"}],"about":[{"href":"https:\/\/kseynasa.gr\/de\/wp-json\/wp\/v2\/types\/page"}],"author":[{"embeddable":true,"href":"https:\/\/kseynasa.gr\/de\/wp-json\/wp\/v2\/users\/2"}],"replies":[{"embeddable":true,"href":"https:\/\/kseynasa.gr\/de\/wp-json\/wp\/v2\/comments?post=3589"}],"version-history":[{"count":2,"href":"https:\/\/kseynasa.gr\/de\/wp-json\/wp\/v2\/pages\/3589\/revisions"}],"predecessor-version":[{"id":3625,"href":"https:\/\/kseynasa.gr\/de\/wp-json\/wp\/v2\/pages\/3589\/revisions\/3625"}],"wp:attachment":[{"href":"https:\/\/kseynasa.gr\/de\/wp-json\/wp\/v2\/media?parent=3589"}],"curies":[{"name":"wp","href":"https:\/\/api.w.org\/{rel}","templated":true}]}}