{"id":3593,"date":"2018-06-07T06:42:06","date_gmt":"2018-06-07T06:42:06","guid":{"rendered":"https:\/\/kseynasa.gr\/accommodation\/"},"modified":"2022-09-30T06:28:33","modified_gmt":"2022-09-30T06:28:33","slug":"unterkunft","status":"publish","type":"page","link":"https:\/\/kseynasa.gr\/de\/unterkunft\/","title":{"rendered":"Unterkunft"},"content":{"rendered":"<p>[vc_row][vc_column][stm_spacer height=&#8220;40&#8243; height_tablet=&#8220;30&#8243; height_mobile=&#8220;20&#8243;][\/vc_column][\/vc_row][vc_row equal_height=&#8220;yes&#8220; content_placement=&#8220;top&#8220; shadow_x_offset=&#8220;0&#8243; shadow_y_offset=&#8220;0&#8243; shadow_blur=&#8220;0&#8243; shadow_spread=&#8220;0&#8243; shadow_color=&#8220;&#8220; css=&#8220;.vc_custom_1613889853078{margin-bottom: 50px !important;}&#8220;][vc_column width=&#8220;1\/3&#8243;][vc_custom_heading text=&#8220;Annehmlichkeiten &amp; Dienstleistungen&#8220; font_container=&#8220;tag:h3|text_align:left&#8220; use_theme_fonts=&#8220;yes&#8220;][\/vc_column][vc_column width=&#8220;2\/3&#8243;][vc_column_text]Kseynasa Suites bietet die Kombination von nat\u00fcrlicher Sch\u00f6nheit und entspannender Unterkunft, w\u00e4hrend das malerische Nikiti-Paradies auf Chalkidiki alle Ihre Erwartungen erf\u00fcllen wird.<\/p>\n<p>Um Ihren entspannten Aufenthalt an einem angenehmen Ort zu gew\u00e4hrleisten, bieten wir folgende M\u00f6glichkeiten an.[\/vc_column_text][\/vc_column][\/vc_row][vc_row][vc_column][stm_wp_hotelier_rooms_list style=&#8220;style_2&#8243; css_animation=&#8220;none&#8220; per_page=&#8220;6&#8243; rooms_types=&#8220;23&#8243;][\/vc_column][\/vc_row][vc_row][vc_column][\/vc_column][\/vc_row]<\/p>\n","protected":false},"excerpt":{"rendered":"<p>[vc_row][vc_column][stm_spacer height=&#8220;40&#8243; height_tablet=&#8220;30&#8243; height_mobile=&#8220;20&#8243;][\/vc_column][\/vc_row][vc_row equal_height=&#8220;yes&#8220; content_placement=&#8220;top&#8220; shadow_x_offset=&#8220;0&#8243; shadow_y_offset=&#8220;0&#8243; shadow_blur=&#8220;0&#8243; shadow_spread=&#8220;0&#8243; shadow_color=&#8220;&#8220; css=&#8220;.vc_custom_1613889853078{margin-bottom: 50px !important;}&#8220;][vc_column width=&#8220;1\/3&#8243;][vc_custom_heading text=&#8220;Annehmlichkeiten &amp; Dienstleistungen&#8220; font_container=&#8220;tag:h3|text_align:left&#8220; use_theme_fonts=&#8220;yes&#8220;][\/vc_column][vc_column width=&#8220;2\/3&#8243;][vc_column_text]Kseynasa Suites bietet die Kombination von nat\u00fcrlicher Sch\u00f6nheit und entspannender Unterkunft, w\u00e4hrend das malerische Nikiti-Paradies auf Chalkidiki alle Ihre Erwartungen erf\u00fcllen wird. Um Ihren entspannten Aufenthalt an einem angenehmen Ort zu gew\u00e4hrleisten, bieten wir folgende [&hellip;]<\/p>\n","protected":false},"author":1,"featured_media":11034,"parent":0,"menu_order":0,"comment_status":"closed","ping_status":"closed","template":"","meta":[],"yoast_head":"<!-- This site is optimized with the Yoast SEO plugin v17.7.1 - https:\/\/yoast.com\/wordpress\/plugins\/seo\/ -->\n<title>Unterkunft - Kseynasa Nikiti Suites<\/title>\n<meta name=\"robots\" content=\"index, follow, max-snippet:-1, max-image-preview:large, max-video-preview:-1\" \/>\n<link rel=\"canonical\" href=\"https:\/\/kseynasa.gr\/de\/unterkunft\/\" \/>\n<meta property=\"og:locale\" content=\"de_DE\" \/>\n<meta property=\"og:type\" content=\"article\" \/>\n<meta property=\"og:title\" content=\"Unterkunft - Kseynasa Nikiti Suites\" \/>\n<meta property=\"og:description\" content=\"[vc_row][vc_column][stm_spacer height=&#8220;40&#8243; height_tablet=&#8220;30&#8243; height_mobile=&#8220;20&#8243;][\/vc_column][\/vc_row][vc_row equal_height=&#8220;yes&#8220; content_placement=&#8220;top&#8220; shadow_x_offset=&#8220;0&#8243; shadow_y_offset=&#8220;0&#8243; shadow_blur=&#8220;0&#8243; shadow_spread=&#8220;0&#8243; shadow_color=&#8220;&#8220; css=&#8220;.vc_custom_1613889853078{margin-bottom: 50px !important;}&#8220;][vc_column width=&#8220;1\/3&#8243;][vc_custom_heading text=&#8220;Annehmlichkeiten &amp; Dienstleistungen&#8220; font_container=&#8220;tag:h3|text_align:left&#8220; use_theme_fonts=&#8220;yes&#8220;][\/vc_column][vc_column width=&#8220;2\/3&#8243;][vc_column_text]Kseynasa Suites bietet die Kombination von nat\u00fcrlicher Sch\u00f6nheit und entspannender Unterkunft, w\u00e4hrend das malerische Nikiti-Paradies auf Chalkidiki alle Ihre Erwartungen erf\u00fcllen wird. Um Ihren entspannten Aufenthalt an einem angenehmen Ort zu gew\u00e4hrleisten, bieten wir folgende [&hellip;]\" \/>\n<meta property=\"og:url\" content=\"https:\/\/kseynasa.gr\/de\/unterkunft\/\" \/>\n<meta property=\"og:site_name\" content=\"Kseynasa Nikiti Suites\" \/>\n<meta property=\"article:modified_time\" content=\"2022-09-30T06:28:33+00:00\" \/>\n<meta name=\"twitter:card\" content=\"summary_large_image\" \/>\n<meta name=\"twitter:label1\" content=\"Est. reading time\" \/>\n\t<meta name=\"twitter:data1\" content=\"1 Minute\" \/>\n<script type=\"application\/ld+json\" class=\"yoast-schema-graph\">{\"@context\":\"https:\/\/schema.org\",\"@graph\":[{\"@type\":\"WebSite\",\"@id\":\"https:\/\/kseynasa.gr\/#website\",\"url\":\"https:\/\/kseynasa.gr\/\",\"name\":\"Kseynasa Nikiti Suites\",\"description\":\"at Nikiti Sithonia Chalkidiki Greece\",\"potentialAction\":[{\"@type\":\"SearchAction\",\"target\":{\"@type\":\"EntryPoint\",\"urlTemplate\":\"https:\/\/kseynasa.gr\/?s={search_term_string}\"},\"query-input\":\"required name=search_term_string\"}],\"inLanguage\":\"de-DE\"},{\"@type\":\"ImageObject\",\"@id\":\"https:\/\/kseynasa.gr\/de\/unterkunft\/#primaryimage\",\"inLanguage\":\"de-DE\",\"url\":\"https:\/\/kseynasa.gr\/wp-content\/uploads\/DSC_2513-2.jpg\",\"contentUrl\":\"https:\/\/kseynasa.gr\/wp-content\/uploads\/DSC_2513-2.jpg\",\"width\":1400,\"height\":933},{\"@type\":\"WebPage\",\"@id\":\"https:\/\/kseynasa.gr\/de\/unterkunft\/#webpage\",\"url\":\"https:\/\/kseynasa.gr\/de\/unterkunft\/\",\"name\":\"Unterkunft - Kseynasa Nikiti Suites\",\"isPartOf\":{\"@id\":\"https:\/\/kseynasa.gr\/#website\"},\"primaryImageOfPage\":{\"@id\":\"https:\/\/kseynasa.gr\/de\/unterkunft\/#primaryimage\"},\"datePublished\":\"2018-06-07T06:42:06+00:00\",\"dateModified\":\"2022-09-30T06:28:33+00:00\",\"breadcrumb\":{\"@id\":\"https:\/\/kseynasa.gr\/de\/unterkunft\/#breadcrumb\"},\"inLanguage\":\"de-DE\",\"potentialAction\":[{\"@type\":\"ReadAction\",\"target\":[\"https:\/\/kseynasa.gr\/de\/unterkunft\/\"]}]},{\"@type\":\"BreadcrumbList\",\"@id\":\"https:\/\/kseynasa.gr\/de\/unterkunft\/#breadcrumb\",\"itemListElement\":[{\"@type\":\"ListItem\",\"position\":1,\"name\":\"Home\",\"item\":\"https:\/\/kseynasa.gr\/de\/\"},{\"@type\":\"ListItem\",\"position\":2,\"name\":\"Unterkunft\"}]}]}<\/script>\n<!-- \/ Yoast SEO plugin. -->","yoast_head_json":{"title":"Unterkunft - Kseynasa Nikiti Suites","robots":{"index":"index","follow":"follow","max-snippet":"max-snippet:-1","max-image-preview":"max-image-preview:large","max-video-preview":"max-video-preview:-1"},"canonical":"https:\/\/kseynasa.gr\/de\/unterkunft\/","og_locale":"de_DE","og_type":"article","og_title":"Unterkunft - Kseynasa Nikiti Suites","og_description":"[vc_row][vc_column][stm_spacer height=&#8220;40&#8243; height_tablet=&#8220;30&#8243; height_mobile=&#8220;20&#8243;][\/vc_column][\/vc_row][vc_row equal_height=&#8220;yes&#8220; content_placement=&#8220;top&#8220; shadow_x_offset=&#8220;0&#8243; shadow_y_offset=&#8220;0&#8243; shadow_blur=&#8220;0&#8243; shadow_spread=&#8220;0&#8243; shadow_color=&#8220;&#8220; css=&#8220;.vc_custom_1613889853078{margin-bottom: 50px !important;}&#8220;][vc_column width=&#8220;1\/3&#8243;][vc_custom_heading text=&#8220;Annehmlichkeiten &amp; Dienstleistungen&#8220; font_container=&#8220;tag:h3|text_align:left&#8220; use_theme_fonts=&#8220;yes&#8220;][\/vc_column][vc_column width=&#8220;2\/3&#8243;][vc_column_text]Kseynasa Suites bietet die Kombination von nat\u00fcrlicher Sch\u00f6nheit und entspannender Unterkunft, w\u00e4hrend das malerische Nikiti-Paradies auf Chalkidiki alle Ihre Erwartungen erf\u00fcllen wird. Um Ihren entspannten Aufenthalt an einem angenehmen Ort zu gew\u00e4hrleisten, bieten wir folgende [&hellip;]","og_url":"https:\/\/kseynasa.gr\/de\/unterkunft\/","og_site_name":"Kseynasa Nikiti Suites","article_modified_time":"2022-09-30T06:28:33+00:00","twitter_card":"summary_large_image","twitter_misc":{"Est. reading time":"1 Minute"},"schema":{"@context":"https:\/\/schema.org","@graph":[{"@type":"WebSite","@id":"https:\/\/kseynasa.gr\/#website","url":"https:\/\/kseynasa.gr\/","name":"Kseynasa Nikiti Suites","description":"at Nikiti Sithonia Chalkidiki Greece","potentialAction":[{"@type":"SearchAction","target":{"@type":"EntryPoint","urlTemplate":"https:\/\/kseynasa.gr\/?s={search_term_string}"},"query-input":"required name=search_term_string"}],"inLanguage":"de-DE"},{"@type":"ImageObject","@id":"https:\/\/kseynasa.gr\/de\/unterkunft\/#primaryimage","inLanguage":"de-DE","url":"https:\/\/kseynasa.gr\/wp-content\/uploads\/DSC_2513-2.jpg","contentUrl":"https:\/\/kseynasa.gr\/wp-content\/uploads\/DSC_2513-2.jpg","width":1400,"height":933},{"@type":"WebPage","@id":"https:\/\/kseynasa.gr\/de\/unterkunft\/#webpage","url":"https:\/\/kseynasa.gr\/de\/unterkunft\/","name":"Unterkunft - Kseynasa Nikiti Suites","isPartOf":{"@id":"https:\/\/kseynasa.gr\/#website"},"primaryImageOfPage":{"@id":"https:\/\/kseynasa.gr\/de\/unterkunft\/#primaryimage"},"datePublished":"2018-06-07T06:42:06+00:00","dateModified":"2022-09-30T06:28:33+00:00","breadcrumb":{"@id":"https:\/\/kseynasa.gr\/de\/unterkunft\/#breadcrumb"},"inLanguage":"de-DE","potentialAction":[{"@type":"ReadAction","target":["https:\/\/kseynasa.gr\/de\/unterkunft\/"]}]},{"@type":"BreadcrumbList","@id":"https:\/\/kseynasa.gr\/de\/unterkunft\/#breadcrumb","itemListElement":[{"@type":"ListItem","position":1,"name":"Home","item":"https:\/\/kseynasa.gr\/de\/"},{"@type":"ListItem","position":2,"name":"Unterkunft"}]}]}},"_links":{"self":[{"href":"https:\/\/kseynasa.gr\/de\/wp-json\/wp\/v2\/pages\/3593"}],"collection":[{"href":"https:\/\/kseynasa.gr\/de\/wp-json\/wp\/v2\/pages"}],"about":[{"href":"https:\/\/kseynasa.gr\/de\/wp-json\/wp\/v2\/types\/page"}],"author":[{"embeddable":true,"href":"https:\/\/kseynasa.gr\/de\/wp-json\/wp\/v2\/users\/1"}],"replies":[{"embeddable":true,"href":"https:\/\/kseynasa.gr\/de\/wp-json\/wp\/v2\/comments?post=3593"}],"version-history":[{"count":4,"href":"https:\/\/kseynasa.gr\/de\/wp-json\/wp\/v2\/pages\/3593\/revisions"}],"predecessor-version":[{"id":4050,"href":"https:\/\/kseynasa.gr\/de\/wp-json\/wp\/v2\/pages\/3593\/revisions\/4050"}],"wp:featuredmedia":[{"embeddable":true,"href":"https:\/\/kseynasa.gr\/de\/wp-json\/wp\/v2\/media\/11034"}],"wp:attachment":[{"href":"https:\/\/kseynasa.gr\/de\/wp-json\/wp\/v2\/media?parent=3593"}],"curies":[{"name":"wp","href":"https:\/\/api.w.org\/{rel}","templated":true}]}}