{"id":3597,"date":"2021-02-18T12:34:27","date_gmt":"2021-02-18T12:34:27","guid":{"rendered":"https:\/\/kseynasa.gr\/beaches\/"},"modified":"2021-12-31T03:12:13","modified_gmt":"2021-12-31T03:12:13","slug":"straende","status":"publish","type":"page","link":"https:\/\/kseynasa.gr\/de\/straende\/","title":{"rendered":"STR\u00c4NDE"},"content":{"rendered":"<p>[vc_row][vc_column][vc_column_text]Rund um <strong>Nikiti<\/strong> und <strong>Sithonia<\/strong> im Allgemeinen gibt es Sandstr\u00e4nde mit blauem Wasser, die zu den besten auf Chalkidiki geh\u00f6ren. Der mit der Blauen Flagge ausgezeichnete Strand von Nikiti ist jedoch eine ideale Wahl f\u00fcr Familien mit kleinen Kindern, da er warmes und flaches Wasser mit sandigem Meeresboden und Strand hat<\/p>\n<p>Die Str\u00e4nde von Sithonia zeichnen sich durch ihr blaues Wasser und die Sauberkeit des Meeres aus.<\/p>\n<p>Nikiti K\u00fcste<br \/>\nAgios Georgios K\u00fcste<br \/>\nKalogria K\u00fcste<br \/>\nLagomandra K\u00fcste<br \/>\nVourvourou K\u00fcste<br \/>\nAgios Ioannis K\u00fcste<br \/>\nPorto Carras K\u00fcste<br \/>\nK\u00fcste von Neos Marmaras<br \/>\nTristinika Toroni K\u00fcste<br \/>\nElia K\u00fcste<br \/>\nKavourotripes K\u00fcste<br \/>\nArmenistis K\u00fcste<br \/>\nKalamitsi K\u00fcste<br \/>\n\u2026und viele andere<\/p>\n<p>Sie erreichen sie mit dem Auto von den <strong>Kseynasa Nikiti Suites<\/strong> innerhalb von 5 bis 30 Minuten.[\/vc_column_text][\/vc_column][\/vc_row]<\/p>\n","protected":false},"excerpt":{"rendered":"<p>[vc_row][vc_column][vc_column_text]Rund um Nikiti und Sithonia im Allgemeinen gibt es Sandstr\u00e4nde mit blauem Wasser, die zu den besten auf Chalkidiki geh\u00f6ren. Der mit der Blauen Flagge ausgezeichnete Strand von Nikiti ist jedoch eine ideale Wahl f\u00fcr Familien mit kleinen Kindern, da er warmes und flaches Wasser mit sandigem Meeresboden und Strand hat Die Str\u00e4nde von Sithonia [&hellip;]<\/p>\n","protected":false},"author":2,"featured_media":0,"parent":0,"menu_order":0,"comment_status":"closed","ping_status":"closed","template":"","meta":[],"yoast_head":"<!-- This site is optimized with the Yoast SEO plugin v17.7.1 - https:\/\/yoast.com\/wordpress\/plugins\/seo\/ -->\n<title>STR\u00c4NDE - Kseynasa Nikiti Suites<\/title>\n<meta name=\"robots\" content=\"index, follow, max-snippet:-1, max-image-preview:large, max-video-preview:-1\" \/>\n<link rel=\"canonical\" href=\"https:\/\/kseynasa.gr\/de\/straende\/\" \/>\n<meta property=\"og:locale\" content=\"de_DE\" \/>\n<meta property=\"og:type\" content=\"article\" \/>\n<meta property=\"og:title\" content=\"STR\u00c4NDE - Kseynasa Nikiti Suites\" \/>\n<meta property=\"og:description\" content=\"[vc_row][vc_column][vc_column_text]Rund um Nikiti und Sithonia im Allgemeinen gibt es Sandstr\u00e4nde mit blauem Wasser, die zu den besten auf Chalkidiki geh\u00f6ren. Der mit der Blauen Flagge ausgezeichnete Strand von Nikiti ist jedoch eine ideale Wahl f\u00fcr Familien mit kleinen Kindern, da er warmes und flaches Wasser mit sandigem Meeresboden und Strand hat Die Str\u00e4nde von Sithonia [&hellip;]\" \/>\n<meta property=\"og:url\" content=\"https:\/\/kseynasa.gr\/de\/straende\/\" \/>\n<meta property=\"og:site_name\" content=\"Kseynasa Nikiti Suites\" \/>\n<meta property=\"article:modified_time\" content=\"2021-12-31T03:12:13+00:00\" \/>\n<meta name=\"twitter:card\" content=\"summary_large_image\" \/>\n<meta name=\"twitter:label1\" content=\"Est. reading time\" \/>\n\t<meta name=\"twitter:data1\" content=\"1 Minute\" \/>\n<script type=\"application\/ld+json\" class=\"yoast-schema-graph\">{\"@context\":\"https:\/\/schema.org\",\"@graph\":[{\"@type\":\"WebSite\",\"@id\":\"https:\/\/kseynasa.gr\/#website\",\"url\":\"https:\/\/kseynasa.gr\/\",\"name\":\"Kseynasa Nikiti Suites\",\"description\":\"at Nikiti Sithonia Chalkidiki Greece\",\"potentialAction\":[{\"@type\":\"SearchAction\",\"target\":{\"@type\":\"EntryPoint\",\"urlTemplate\":\"https:\/\/kseynasa.gr\/?s={search_term_string}\"},\"query-input\":\"required name=search_term_string\"}],\"inLanguage\":\"de-DE\"},{\"@type\":\"WebPage\",\"@id\":\"https:\/\/kseynasa.gr\/de\/straende\/#webpage\",\"url\":\"https:\/\/kseynasa.gr\/de\/straende\/\",\"name\":\"STR\\u00c4NDE - Kseynasa Nikiti Suites\",\"isPartOf\":{\"@id\":\"https:\/\/kseynasa.gr\/#website\"},\"datePublished\":\"2021-02-18T12:34:27+00:00\",\"dateModified\":\"2021-12-31T03:12:13+00:00\",\"breadcrumb\":{\"@id\":\"https:\/\/kseynasa.gr\/de\/straende\/#breadcrumb\"},\"inLanguage\":\"de-DE\",\"potentialAction\":[{\"@type\":\"ReadAction\",\"target\":[\"https:\/\/kseynasa.gr\/de\/straende\/\"]}]},{\"@type\":\"BreadcrumbList\",\"@id\":\"https:\/\/kseynasa.gr\/de\/straende\/#breadcrumb\",\"itemListElement\":[{\"@type\":\"ListItem\",\"position\":1,\"name\":\"Home\",\"item\":\"https:\/\/kseynasa.gr\/de\/\"},{\"@type\":\"ListItem\",\"position\":2,\"name\":\"STR\\u00c4NDE\"}]}]}<\/script>\n<!-- \/ Yoast SEO plugin. -->","yoast_head_json":{"title":"STR\u00c4NDE - Kseynasa Nikiti Suites","robots":{"index":"index","follow":"follow","max-snippet":"max-snippet:-1","max-image-preview":"max-image-preview:large","max-video-preview":"max-video-preview:-1"},"canonical":"https:\/\/kseynasa.gr\/de\/straende\/","og_locale":"de_DE","og_type":"article","og_title":"STR\u00c4NDE - Kseynasa Nikiti Suites","og_description":"[vc_row][vc_column][vc_column_text]Rund um Nikiti und Sithonia im Allgemeinen gibt es Sandstr\u00e4nde mit blauem Wasser, die zu den besten auf Chalkidiki geh\u00f6ren. Der mit der Blauen Flagge ausgezeichnete Strand von Nikiti ist jedoch eine ideale Wahl f\u00fcr Familien mit kleinen Kindern, da er warmes und flaches Wasser mit sandigem Meeresboden und Strand hat Die Str\u00e4nde von Sithonia [&hellip;]","og_url":"https:\/\/kseynasa.gr\/de\/straende\/","og_site_name":"Kseynasa Nikiti Suites","article_modified_time":"2021-12-31T03:12:13+00:00","twitter_card":"summary_large_image","twitter_misc":{"Est. reading time":"1 Minute"},"schema":{"@context":"https:\/\/schema.org","@graph":[{"@type":"WebSite","@id":"https:\/\/kseynasa.gr\/#website","url":"https:\/\/kseynasa.gr\/","name":"Kseynasa Nikiti Suites","description":"at Nikiti Sithonia Chalkidiki Greece","potentialAction":[{"@type":"SearchAction","target":{"@type":"EntryPoint","urlTemplate":"https:\/\/kseynasa.gr\/?s={search_term_string}"},"query-input":"required name=search_term_string"}],"inLanguage":"de-DE"},{"@type":"WebPage","@id":"https:\/\/kseynasa.gr\/de\/straende\/#webpage","url":"https:\/\/kseynasa.gr\/de\/straende\/","name":"STR\u00c4NDE - Kseynasa Nikiti Suites","isPartOf":{"@id":"https:\/\/kseynasa.gr\/#website"},"datePublished":"2021-02-18T12:34:27+00:00","dateModified":"2021-12-31T03:12:13+00:00","breadcrumb":{"@id":"https:\/\/kseynasa.gr\/de\/straende\/#breadcrumb"},"inLanguage":"de-DE","potentialAction":[{"@type":"ReadAction","target":["https:\/\/kseynasa.gr\/de\/straende\/"]}]},{"@type":"BreadcrumbList","@id":"https:\/\/kseynasa.gr\/de\/straende\/#breadcrumb","itemListElement":[{"@type":"ListItem","position":1,"name":"Home","item":"https:\/\/kseynasa.gr\/de\/"},{"@type":"ListItem","position":2,"name":"STR\u00c4NDE"}]}]}},"_links":{"self":[{"href":"https:\/\/kseynasa.gr\/de\/wp-json\/wp\/v2\/pages\/3597"}],"collection":[{"href":"https:\/\/kseynasa.gr\/de\/wp-json\/wp\/v2\/pages"}],"about":[{"href":"https:\/\/kseynasa.gr\/de\/wp-json\/wp\/v2\/types\/page"}],"author":[{"embeddable":true,"href":"https:\/\/kseynasa.gr\/de\/wp-json\/wp\/v2\/users\/2"}],"replies":[{"embeddable":true,"href":"https:\/\/kseynasa.gr\/de\/wp-json\/wp\/v2\/comments?post=3597"}],"version-history":[{"count":3,"href":"https:\/\/kseynasa.gr\/de\/wp-json\/wp\/v2\/pages\/3597\/revisions"}],"predecessor-version":[{"id":3627,"href":"https:\/\/kseynasa.gr\/de\/wp-json\/wp\/v2\/pages\/3597\/revisions\/3627"}],"wp:attachment":[{"href":"https:\/\/kseynasa.gr\/de\/wp-json\/wp\/v2\/media?parent=3597"}],"curies":[{"name":"wp","href":"https:\/\/api.w.org\/{rel}","templated":true}]}}