{"id":11655,"date":"2023-04-03T06:49:08","date_gmt":"2023-04-03T06:49:08","guid":{"rendered":"https:\/\/kseynasa.gr\/?page_id=11655"},"modified":"2023-04-03T06:52:57","modified_gmt":"2023-04-03T06:52:57","slug":"spiagge","status":"publish","type":"page","link":"https:\/\/kseynasa.gr\/it\/spiagge\/","title":{"rendered":"SPIAGGE"},"content":{"rendered":"<p>[vc_row][vc_column][vc_column_text]A <strong>Nikiti<\/strong> ed ingenerale in <strong>Sithonia<\/strong> troverete spiagge cristalline, tra le pi\u00f9 belle della Calcidica,inoltre la spiaggia di Nikiti, <strong>bandiera blu<\/strong>, \u00e8 l&#8217;ideale per famiglie e bambini poich\u00e9 offre calde acque ed un fondo sabbioso e poco profondo.<\/p>\n<p>Le spiagge di Sithonia si distinguono per l&#8217;azzurro e la limpidezza delle loro acque:<\/p>\n<p>spiaggia di Nikiti<br \/>\nspiaggia di Aghios Giorgos<br \/>\nspiaggia di kalogri\u00e0<br \/>\nspiaggia di Lagomandra<br \/>\nspiaggia di Vourvourou<br \/>\nspiaggia di Aghios Yannis<br \/>\nspiaggia di Porto Carr\u00e0s<br \/>\nspiaggia di Nea Marmar\u00e0<br \/>\nspiaggia di Trispinika Toroni<br \/>\nspiaggia Eli\u00e0<br \/>\nspiaggia Kavourotripes<br \/>\nspiaggia di Armenisti<br \/>\nspiaggia di Kalamitsi<br \/>\ne molte altre&#8230;<\/p>\n<p>Da <strong>Kseynasa<\/strong> distano tra i 5 ed i 30 minuti.[\/vc_column_text][\/vc_column][\/vc_row]<\/p>\n","protected":false},"excerpt":{"rendered":"<p>[vc_row][vc_column][vc_column_text]A Nikiti ed ingenerale in Sithonia troverete spiagge cristalline, tra le pi\u00f9 belle della Calcidica,inoltre la spiaggia di Nikiti, bandiera blu, \u00e8 l&#8217;ideale per famiglie e bambini poich\u00e9 offre calde acque ed un fondo sabbioso e poco profondo. Le spiagge di Sithonia si distinguono per l&#8217;azzurro e la limpidezza delle loro acque: spiaggia di Nikiti [&hellip;]<\/p>\n","protected":false},"author":2,"featured_media":0,"parent":0,"menu_order":0,"comment_status":"closed","ping_status":"closed","template":"","meta":[],"yoast_head":"<!-- This site is optimized with the Yoast SEO plugin v17.7.1 - https:\/\/yoast.com\/wordpress\/plugins\/seo\/ -->\n<title>SPIAGGE - Kseynasa Nikiti Suites<\/title>\n<meta name=\"robots\" content=\"index, follow, max-snippet:-1, max-image-preview:large, max-video-preview:-1\" \/>\n<link rel=\"canonical\" href=\"https:\/\/kseynasa.gr\/it\/spiagge\/\" \/>\n<meta property=\"og:locale\" content=\"it_IT\" \/>\n<meta property=\"og:type\" content=\"article\" \/>\n<meta property=\"og:title\" content=\"SPIAGGE - Kseynasa Nikiti Suites\" \/>\n<meta property=\"og:description\" content=\"[vc_row][vc_column][vc_column_text]A Nikiti ed ingenerale in Sithonia troverete spiagge cristalline, tra le pi\u00f9 belle della Calcidica,inoltre la spiaggia di Nikiti, bandiera blu, \u00e8 l&#8217;ideale per famiglie e bambini poich\u00e9 offre calde acque ed un fondo sabbioso e poco profondo. Le spiagge di Sithonia si distinguono per l&#8217;azzurro e la limpidezza delle loro acque: spiaggia di Nikiti [&hellip;]\" \/>\n<meta property=\"og:url\" content=\"https:\/\/kseynasa.gr\/it\/spiagge\/\" \/>\n<meta property=\"og:site_name\" content=\"Kseynasa Nikiti Suites\" \/>\n<meta property=\"article:modified_time\" content=\"2023-04-03T06:52:57+00:00\" \/>\n<meta name=\"twitter:card\" content=\"summary_large_image\" \/>\n<meta name=\"twitter:label1\" content=\"Est. reading time\" \/>\n\t<meta name=\"twitter:data1\" content=\"1 minuto\" \/>\n<script type=\"application\/ld+json\" class=\"yoast-schema-graph\">{\"@context\":\"https:\/\/schema.org\",\"@graph\":[{\"@type\":\"WebSite\",\"@id\":\"https:\/\/kseynasa.gr\/#website\",\"url\":\"https:\/\/kseynasa.gr\/\",\"name\":\"Kseynasa Nikiti Suites\",\"description\":\"at Nikiti Sithonia Chalkidiki Greece\",\"potentialAction\":[{\"@type\":\"SearchAction\",\"target\":{\"@type\":\"EntryPoint\",\"urlTemplate\":\"https:\/\/kseynasa.gr\/?s={search_term_string}\"},\"query-input\":\"required name=search_term_string\"}],\"inLanguage\":\"it-IT\"},{\"@type\":\"WebPage\",\"@id\":\"https:\/\/kseynasa.gr\/it\/spiagge\/#webpage\",\"url\":\"https:\/\/kseynasa.gr\/it\/spiagge\/\",\"name\":\"SPIAGGE - Kseynasa Nikiti Suites\",\"isPartOf\":{\"@id\":\"https:\/\/kseynasa.gr\/#website\"},\"datePublished\":\"2023-04-03T06:49:08+00:00\",\"dateModified\":\"2023-04-03T06:52:57+00:00\",\"breadcrumb\":{\"@id\":\"https:\/\/kseynasa.gr\/it\/spiagge\/#breadcrumb\"},\"inLanguage\":\"it-IT\",\"potentialAction\":[{\"@type\":\"ReadAction\",\"target\":[\"https:\/\/kseynasa.gr\/it\/spiagge\/\"]}]},{\"@type\":\"BreadcrumbList\",\"@id\":\"https:\/\/kseynasa.gr\/it\/spiagge\/#breadcrumb\",\"itemListElement\":[{\"@type\":\"ListItem\",\"position\":1,\"name\":\"Home\",\"item\":\"https:\/\/kseynasa.gr\/it\/\"},{\"@type\":\"ListItem\",\"position\":2,\"name\":\"SPIAGGE\"}]}]}<\/script>\n<!-- \/ Yoast SEO plugin. -->","yoast_head_json":{"title":"SPIAGGE - Kseynasa Nikiti Suites","robots":{"index":"index","follow":"follow","max-snippet":"max-snippet:-1","max-image-preview":"max-image-preview:large","max-video-preview":"max-video-preview:-1"},"canonical":"https:\/\/kseynasa.gr\/it\/spiagge\/","og_locale":"it_IT","og_type":"article","og_title":"SPIAGGE - Kseynasa Nikiti Suites","og_description":"[vc_row][vc_column][vc_column_text]A Nikiti ed ingenerale in Sithonia troverete spiagge cristalline, tra le pi\u00f9 belle della Calcidica,inoltre la spiaggia di Nikiti, bandiera blu, \u00e8 l&#8217;ideale per famiglie e bambini poich\u00e9 offre calde acque ed un fondo sabbioso e poco profondo. Le spiagge di Sithonia si distinguono per l&#8217;azzurro e la limpidezza delle loro acque: spiaggia di Nikiti [&hellip;]","og_url":"https:\/\/kseynasa.gr\/it\/spiagge\/","og_site_name":"Kseynasa Nikiti Suites","article_modified_time":"2023-04-03T06:52:57+00:00","twitter_card":"summary_large_image","twitter_misc":{"Est. reading time":"1 minuto"},"schema":{"@context":"https:\/\/schema.org","@graph":[{"@type":"WebSite","@id":"https:\/\/kseynasa.gr\/#website","url":"https:\/\/kseynasa.gr\/","name":"Kseynasa Nikiti Suites","description":"at Nikiti Sithonia Chalkidiki Greece","potentialAction":[{"@type":"SearchAction","target":{"@type":"EntryPoint","urlTemplate":"https:\/\/kseynasa.gr\/?s={search_term_string}"},"query-input":"required name=search_term_string"}],"inLanguage":"it-IT"},{"@type":"WebPage","@id":"https:\/\/kseynasa.gr\/it\/spiagge\/#webpage","url":"https:\/\/kseynasa.gr\/it\/spiagge\/","name":"SPIAGGE - Kseynasa Nikiti Suites","isPartOf":{"@id":"https:\/\/kseynasa.gr\/#website"},"datePublished":"2023-04-03T06:49:08+00:00","dateModified":"2023-04-03T06:52:57+00:00","breadcrumb":{"@id":"https:\/\/kseynasa.gr\/it\/spiagge\/#breadcrumb"},"inLanguage":"it-IT","potentialAction":[{"@type":"ReadAction","target":["https:\/\/kseynasa.gr\/it\/spiagge\/"]}]},{"@type":"BreadcrumbList","@id":"https:\/\/kseynasa.gr\/it\/spiagge\/#breadcrumb","itemListElement":[{"@type":"ListItem","position":1,"name":"Home","item":"https:\/\/kseynasa.gr\/it\/"},{"@type":"ListItem","position":2,"name":"SPIAGGE"}]}]}},"_links":{"self":[{"href":"https:\/\/kseynasa.gr\/it\/wp-json\/wp\/v2\/pages\/11655"}],"collection":[{"href":"https:\/\/kseynasa.gr\/it\/wp-json\/wp\/v2\/pages"}],"about":[{"href":"https:\/\/kseynasa.gr\/it\/wp-json\/wp\/v2\/types\/page"}],"author":[{"embeddable":true,"href":"https:\/\/kseynasa.gr\/it\/wp-json\/wp\/v2\/users\/2"}],"replies":[{"embeddable":true,"href":"https:\/\/kseynasa.gr\/it\/wp-json\/wp\/v2\/comments?post=11655"}],"version-history":[{"count":4,"href":"https:\/\/kseynasa.gr\/it\/wp-json\/wp\/v2\/pages\/11655\/revisions"}],"predecessor-version":[{"id":11659,"href":"https:\/\/kseynasa.gr\/it\/wp-json\/wp\/v2\/pages\/11655\/revisions\/11659"}],"wp:attachment":[{"href":"https:\/\/kseynasa.gr\/it\/wp-json\/wp\/v2\/media?parent=11655"}],"curies":[{"name":"wp","href":"https:\/\/api.w.org\/{rel}","templated":true}]}}