{"id":11660,"date":"2023-04-03T06:59:35","date_gmt":"2023-04-03T06:59:35","guid":{"rendered":"https:\/\/kseynasa.gr\/?page_id=11660"},"modified":"2023-04-05T17:08:32","modified_gmt":"2023-04-05T17:08:32","slug":"guida-a-sithonia","status":"publish","type":"page","link":"https:\/\/kseynasa.gr\/it\/guida-a-sithonia\/","title":{"rendered":"GUIDA A SITHONIA"},"content":{"rendered":"<p>[vc_row][vc_column][vc_column_text]<\/p>\n<h2><strong>Il vecchio villaggio e la Nikiti costiera<\/strong><\/h2>\n<p>Si distingue come antico insediamento. Costituito da case in pietra, molte delle quali costruite nel XIX secolo e di recente ristrutturate. Il villaggio \u00e8 costruito in collina, ricco di sorgenti, possiede una piccola piazza antica con tre fonti. Passeggiando per la centrale strada pavimentata in pietra giungerete al punto pi\u00f9 elevato dove si erge la grande chiesa di Aghios Nikitas: dal cortile godrete la vista sull&#8217;intero paese. Costruita nel 1867, venne incendiata durante la guerra civile e di nuovo ricostruita tra il 1950 ed il 1952, accanto si trova la piccola chiesa della Dormizione di Maria Vergine con alcuni affreschi risalenti al XVII secolo.<\/p>\n<p>Il paese costiero di Nikiti si \u00e8 sviluppato a partire dal 1950. Nel 1918 esisteva solo una capanna ed un molo di legno dove barca che collegava Salonicco con Kavala e Cassandra era attraccata. Oggi \u00e8 piena di caf\u00e8, bar, taverne, e ristoranti sul mare. Esistono minimarket, farmacie, supermarket e negozi dove potrete acquistare miele.<\/p>\n<h2><strong>Il miele di Nikiti<\/strong><\/h2>\n<p>La Calcidica ha 6.500 apicoltori e si colloca al primo posto nella produzione del Paese ( 32% dell&#8217;intera produzione). I suoi abitanti per tradizione si occupano di apicoltura e la zona \u00e8 un habitat naturale per le api. Nikiti \u00e8 ritenuta il primo paese apicoltore in Europa ed i suoi abitanti si dedicano all&#8217;apicoltura da poco meno di 500 anni, nello specifico alla produzione di miele di pino. Il loro miele \u00e8 etichettato come \u201cSithon\u201d ed \u00e8 annoverato tra le produzioni esemplari per qualit\u00e0 ISO. Presso la Cooperativa potrete assaggiare e comprare miele millefiori, di pino, oltre a rare variet\u00e0 come il miele d&#8217;arancio, d&#8217;erica, di castagno e di timo. Per ulteriori informazioni: www.honeysithon.gr, tel. +30 2375022887-+30 2375020060, e-mail: honey@otenet.gr. A Nikiti troverete inoltre atelier di produzioni ceramiche<\/p>\n<h2><strong>Porto Koufo<\/strong><\/h2>\n<p>era l&#8217;antico porto di Toroneo, il pi\u00f9 grande porto naturale della Grecia Settentrionale, come tramanda Tucidide. Fin dall&#8217;antichit\u00e0 era chiamato Porto del sordo poich\u00e9 chi si trova all&#8217;interno del golfo non sente in nessun modo il rumore del mare all&#8217;esterno, come non potrebbe un sordo! In epoca bizantina era usato come base per la pirateria. Il paesaggio di Porto Koufo \u00e8 uno tra i pi\u00f9 impressionanti della Calcidica poich\u00e9 l&#8217;insenatura \u00e8 cinta da verdi dirupi che lasciano solo un&#8217;apertura di circa 300 metri per il passaggio delle navi e delle barche da pesca.<\/p>\n<h2><strong>Parthenonas<\/strong><\/h2>\n<p>Ritenuto il pi\u00f9 bel villaggio di Sithonia, \u00e8 stato riconosciuto come insediamento tradizionale dal 1978. La strada che vi giunge inizia poco prima di Neo Marmar\u00e0 (4,5 km). Parthenonas possiede case di pietra e tegole di terracotta ed \u00e8 costruita ad anfiteatro ai piedi del Monte Itamos. Al centro del paese troverete la chiesa di Santo Stefano risalente al 1837, fondata sui resti di una chiesa pi\u00f9 antica distrutta nel 1821 e ricostruita nel 2007. Le icone che si trovavano all&#8217;interno della chiesa risalgono al XVIII secolo ed alcune vi sono ancora conservate. Nel villaggio alcune taverne sono ancora aperte. Attorno ad esso si trovano sentieri, alcuni segnalati, che conducono al Monte Itamos.<\/p>\n<h2><strong>Toroni<\/strong><\/h2>\n<p>Gli scavi hanno dimostrato che il territorio venne abitato fin dall&#8217;et\u00e0 preistorica. L&#8217;antica Toroni era la pi\u00f9 importante citt\u00e0 della Calcidica. Sorge sul lato nord-nord ovest della collina di Viglas, la parte occidentale di Porto Koufo. In questa zona sono visibili le mura di et\u00e0 Classica ( V-IV a.C.) e della prima et\u00e0 ellenistica ( III a.C.). Nel sito vedrete ci\u00f2 che resta della cinta muraria- una torre circolare riconvertita a mulino a vento e resti delle fortificazioni sulla collina di Viglas. Gli scavi della necropoli hanno riconsegnato, tra i molti reperti, un&#8217;idria d&#8217;argento del V secolo a.C. con Meduse modellate sulle anse, ora conservata al Museo Archeologico di Salonicco. Sul fondo del mare sono state ritrovate le banchine dell&#8217;antico porto.<\/p>\n<h3>La cittadella fortificata di Likithos<\/h3>\n<p>Tracce di frequentazione dell&#8217;Et\u00e0 del Bronzo (III millennio a.C.), le fondazioni di case ed alcuni resti della prima Et\u00e0 del Ferro ( XI-VIII sec. a.C. ) sono stati scoperti sulla rocciosa penisola. Era una delle due cittadelle fortificate ( acropoli) di Toroni. L&#8217;antica citt\u00e0 aveva possenti mura fortificate e, in accordo con Tucidide, esisteva un tempio dedicato ad Atena al Lykithos. Il lato a mare della penisola aveva una cinta muraria collegata alla cittadella attraverso una porta interna.<\/p>\n<h2><strong>Neo Marmaras<\/strong><\/h2>\n<p>Il villaggio \u00e8 stato fondato nel 1922 da profughi dell&#8217;Asia Minore in un territorio roccioso con piccoli porti. Era il fondo Bababani del Monastero di San Giorgio sul Monte Athos. L&#8217;originale villaggio degli sfollati crebbe velocemente e nel 1970 gli abitanti di Parthenonas giunsero per stabilirsi nella zona occidentale. Un tempo villaggio di pescatori e contadini, \u00e8 diventato monumento del turismo, pieno di alberghi, affittacamere, palazzi, taverne. Al porto, che si trova al centro del paese, sono attraccate barche da pesca e private. Vicino al porto potete ammirare la chiesa dei Generali, dove ancora si conservano le icone dei profughi di Marmar\u00e0.<\/p>\n<h2><strong>Il monastero di Ormylia<\/strong><\/h2>\n<p>L&#8217;importante complesso del Monastero di Ormylia si trova a 4,5 km a nord del paese ed \u00e8 il pi\u00f9 grande di Grecia con pi\u00f9 di cento monaci. Era un possedimento del Monastero Vatopedi edl XII secolo. Nel 1924 venne donato ai profughi per fondare li il villaggio che porta il nome dell&#8217;antico monastero, Vatopedi. Attivit\u00e0 di tessitura, ricamo, agiografia e preparazione di prodotti tipici si svolgono al suo interno ed \u00e8 presente anche un Centro Diagnostico d&#8217;Arte, dotato delle pi\u00f9 moderne strumentazioni, dedicato alla conservazione delle reliquie e delle icone. Il Monastero \u00e8 aperto ai visitatori Martedi-Giovedi-Sabato 10.00-16.00, Domenica 10.00-19.00. tel. +30 2371041498<\/p>\n<p>&nbsp;<\/p>\n<h2 style=\"text-align: center;\"><strong>SPIAGGE<\/strong><\/h2>\n<h2 style=\"text-align: center;\">ORIENTALI<\/h2>\n<h2><strong>Kavourotripes<\/strong><\/h2>\n<p>Questa esotica spiaggia \u00e8 ritenuta una delle pi\u00f9 belle della Calcidica. Si trova a 6 km dopo il Camping Armenisti. \u00c9 formata da 6 insenature con piccole isole rocciose, acque turchesi, e sabbia bianca. Se volete evitare la folla vi consigliamo di visitarla a Giugno o Settembre.<\/p>\n<h2><strong>Karidi<\/strong><\/h2>\n<p>Una serie di piccole, meravigliose spiagge vicine a Vourvourou. Pini che si tuffano in acque celesti, fine sabbia bianca e rocce che paiono disegnate- simili a quelle di Kavourotripes.<\/p>\n<h2><strong>Kalamitsi<\/strong><\/h2>\n<p>Una splendida, sabbiosa insenatura appena accanto al piccolo villaggio, davanti ad un&#8217;attivit\u00e0 di sci acquatico. Il paese offre taverne e beach bar.<\/p>\n<p>&nbsp;<\/p>\n<h2 style=\"text-align: center;\">OCCIDENTALI<\/h2>\n<h2><strong>Aghios Ioannis e Kastri<\/strong><\/h2>\n<p>Spiagge bellissime e molto frequentate, con acque celesti vicino alla costa di Nikiti. Di fronte alla spiaggia di Kastri&#8217; si trova l&#8217;omonima isoletta. La chiesetta di Aghios Iannis, da cui il luogo prende nome, \u00e8 stata costruita su un basso basamento di roccia durante la met\u00e0 del XIX secolo.<\/p>\n<h2><strong>Kalogria<\/strong><\/h2>\n<p>Una tra le pi\u00f9 famose spiagge di Sithonia, acque limpide e blu, con sfumature di verde e fondo sabbioso. Alle spalle una florida vegetazione. I molti beach bar offrono caff\u00e8, bevande ecc&#8230;<\/p>\n<h2><strong>Toroni<\/strong><\/h2>\n<p>Superata Toroni si incontra la sua lunga spiaggia sabbiosa, che porta il suo nome. Di fianco ad essa si trova la fortificazione di Lykithos<\/p>\n<p>[\/vc_column_text][\/vc_column][\/vc_row]<\/p>\n","protected":false},"excerpt":{"rendered":"<p>[vc_row][vc_column][vc_column_text] Il vecchio villaggio e la Nikiti costiera Si distingue come antico insediamento. Costituito da case in pietra, molte delle quali costruite nel XIX secolo e di recente ristrutturate. Il villaggio \u00e8 costruito in collina, ricco di sorgenti, possiede una piccola piazza antica con tre fonti. Passeggiando per la centrale strada pavimentata in pietra giungerete [&hellip;]<\/p>\n","protected":false},"author":2,"featured_media":0,"parent":0,"menu_order":0,"comment_status":"closed","ping_status":"closed","template":"","meta":[],"yoast_head":"<!-- This site is optimized with the Yoast SEO plugin v17.7.1 - https:\/\/yoast.com\/wordpress\/plugins\/seo\/ -->\n<title>GUIDA A SITHONIA - Kseynasa Nikiti Suites<\/title>\n<meta name=\"robots\" content=\"index, follow, max-snippet:-1, max-image-preview:large, max-video-preview:-1\" \/>\n<link rel=\"canonical\" href=\"https:\/\/kseynasa.gr\/it\/guida-a-sithonia\/\" \/>\n<meta property=\"og:locale\" content=\"it_IT\" \/>\n<meta property=\"og:type\" content=\"article\" \/>\n<meta property=\"og:title\" content=\"GUIDA A SITHONIA - Kseynasa Nikiti Suites\" \/>\n<meta property=\"og:description\" content=\"[vc_row][vc_column][vc_column_text] Il vecchio villaggio e la Nikiti costiera Si distingue come antico insediamento. Costituito da case in pietra, molte delle quali costruite nel XIX secolo e di recente ristrutturate. Il villaggio \u00e8 costruito in collina, ricco di sorgenti, possiede una piccola piazza antica con tre fonti. Passeggiando per la centrale strada pavimentata in pietra giungerete [&hellip;]\" \/>\n<meta property=\"og:url\" content=\"https:\/\/kseynasa.gr\/it\/guida-a-sithonia\/\" \/>\n<meta property=\"og:site_name\" content=\"Kseynasa Nikiti Suites\" \/>\n<meta property=\"article:modified_time\" content=\"2023-04-05T17:08:32+00:00\" \/>\n<meta name=\"twitter:card\" content=\"summary_large_image\" \/>\n<meta name=\"twitter:label1\" content=\"Est. reading time\" \/>\n\t<meta name=\"twitter:data1\" content=\"5 minuti\" \/>\n<script type=\"application\/ld+json\" class=\"yoast-schema-graph\">{\"@context\":\"https:\/\/schema.org\",\"@graph\":[{\"@type\":\"WebSite\",\"@id\":\"https:\/\/kseynasa.gr\/#website\",\"url\":\"https:\/\/kseynasa.gr\/\",\"name\":\"Kseynasa Nikiti Suites\",\"description\":\"at Nikiti Sithonia Chalkidiki Greece\",\"potentialAction\":[{\"@type\":\"SearchAction\",\"target\":{\"@type\":\"EntryPoint\",\"urlTemplate\":\"https:\/\/kseynasa.gr\/?s={search_term_string}\"},\"query-input\":\"required name=search_term_string\"}],\"inLanguage\":\"it-IT\"},{\"@type\":\"WebPage\",\"@id\":\"https:\/\/kseynasa.gr\/it\/guida-a-sithonia\/#webpage\",\"url\":\"https:\/\/kseynasa.gr\/it\/guida-a-sithonia\/\",\"name\":\"GUIDA A SITHONIA - Kseynasa Nikiti Suites\",\"isPartOf\":{\"@id\":\"https:\/\/kseynasa.gr\/#website\"},\"datePublished\":\"2023-04-03T06:59:35+00:00\",\"dateModified\":\"2023-04-05T17:08:32+00:00\",\"breadcrumb\":{\"@id\":\"https:\/\/kseynasa.gr\/it\/guida-a-sithonia\/#breadcrumb\"},\"inLanguage\":\"it-IT\",\"potentialAction\":[{\"@type\":\"ReadAction\",\"target\":[\"https:\/\/kseynasa.gr\/it\/guida-a-sithonia\/\"]}]},{\"@type\":\"BreadcrumbList\",\"@id\":\"https:\/\/kseynasa.gr\/it\/guida-a-sithonia\/#breadcrumb\",\"itemListElement\":[{\"@type\":\"ListItem\",\"position\":1,\"name\":\"Home\",\"item\":\"https:\/\/kseynasa.gr\/it\/\"},{\"@type\":\"ListItem\",\"position\":2,\"name\":\"GUIDA A SITHONIA\"}]}]}<\/script>\n<!-- \/ Yoast SEO plugin. -->","yoast_head_json":{"title":"GUIDA A SITHONIA - Kseynasa Nikiti Suites","robots":{"index":"index","follow":"follow","max-snippet":"max-snippet:-1","max-image-preview":"max-image-preview:large","max-video-preview":"max-video-preview:-1"},"canonical":"https:\/\/kseynasa.gr\/it\/guida-a-sithonia\/","og_locale":"it_IT","og_type":"article","og_title":"GUIDA A SITHONIA - Kseynasa Nikiti Suites","og_description":"[vc_row][vc_column][vc_column_text] Il vecchio villaggio e la Nikiti costiera Si distingue come antico insediamento. Costituito da case in pietra, molte delle quali costruite nel XIX secolo e di recente ristrutturate. Il villaggio \u00e8 costruito in collina, ricco di sorgenti, possiede una piccola piazza antica con tre fonti. Passeggiando per la centrale strada pavimentata in pietra giungerete [&hellip;]","og_url":"https:\/\/kseynasa.gr\/it\/guida-a-sithonia\/","og_site_name":"Kseynasa Nikiti Suites","article_modified_time":"2023-04-05T17:08:32+00:00","twitter_card":"summary_large_image","twitter_misc":{"Est. reading time":"5 minuti"},"schema":{"@context":"https:\/\/schema.org","@graph":[{"@type":"WebSite","@id":"https:\/\/kseynasa.gr\/#website","url":"https:\/\/kseynasa.gr\/","name":"Kseynasa Nikiti Suites","description":"at Nikiti Sithonia Chalkidiki Greece","potentialAction":[{"@type":"SearchAction","target":{"@type":"EntryPoint","urlTemplate":"https:\/\/kseynasa.gr\/?s={search_term_string}"},"query-input":"required name=search_term_string"}],"inLanguage":"it-IT"},{"@type":"WebPage","@id":"https:\/\/kseynasa.gr\/it\/guida-a-sithonia\/#webpage","url":"https:\/\/kseynasa.gr\/it\/guida-a-sithonia\/","name":"GUIDA A SITHONIA - Kseynasa Nikiti Suites","isPartOf":{"@id":"https:\/\/kseynasa.gr\/#website"},"datePublished":"2023-04-03T06:59:35+00:00","dateModified":"2023-04-05T17:08:32+00:00","breadcrumb":{"@id":"https:\/\/kseynasa.gr\/it\/guida-a-sithonia\/#breadcrumb"},"inLanguage":"it-IT","potentialAction":[{"@type":"ReadAction","target":["https:\/\/kseynasa.gr\/it\/guida-a-sithonia\/"]}]},{"@type":"BreadcrumbList","@id":"https:\/\/kseynasa.gr\/it\/guida-a-sithonia\/#breadcrumb","itemListElement":[{"@type":"ListItem","position":1,"name":"Home","item":"https:\/\/kseynasa.gr\/it\/"},{"@type":"ListItem","position":2,"name":"GUIDA A SITHONIA"}]}]}},"_links":{"self":[{"href":"https:\/\/kseynasa.gr\/it\/wp-json\/wp\/v2\/pages\/11660"}],"collection":[{"href":"https:\/\/kseynasa.gr\/it\/wp-json\/wp\/v2\/pages"}],"about":[{"href":"https:\/\/kseynasa.gr\/it\/wp-json\/wp\/v2\/types\/page"}],"author":[{"embeddable":true,"href":"https:\/\/kseynasa.gr\/it\/wp-json\/wp\/v2\/users\/2"}],"replies":[{"embeddable":true,"href":"https:\/\/kseynasa.gr\/it\/wp-json\/wp\/v2\/comments?post=11660"}],"version-history":[{"count":6,"href":"https:\/\/kseynasa.gr\/it\/wp-json\/wp\/v2\/pages\/11660\/revisions"}],"predecessor-version":[{"id":11784,"href":"https:\/\/kseynasa.gr\/it\/wp-json\/wp\/v2\/pages\/11660\/revisions\/11784"}],"wp:attachment":[{"href":"https:\/\/kseynasa.gr\/it\/wp-json\/wp\/v2\/media?parent=11660"}],"curies":[{"name":"wp","href":"https:\/\/api.w.org\/{rel}","templated":true}]}}