{"id":11666,"date":"2023-04-03T15:56:16","date_gmt":"2023-04-03T15:56:16","guid":{"rendered":"https:\/\/kseynasa.gr\/?page_id=11666"},"modified":"2023-04-05T17:09:26","modified_gmt":"2023-04-05T17:09:26","slug":"calcidica","status":"publish","type":"page","link":"https:\/\/kseynasa.gr\/it\/calcidica\/","title":{"rendered":"CALCIDICA"},"content":{"rendered":"<p>[vc_row][vc_column][vc_column_text]<\/p>\n<h2 style=\"text-align: center;\">Il territorio di Cassandra<\/h2>\n<p>&nbsp;<\/p>\n<h2><strong>L&#8217;antica Olinto<\/strong><\/h2>\n<p>Arroccata in un luogo prescelto che domina la piana, era una citt\u00e0 di et\u00e0 Classica architettonicamente e strutturalmente esemplare. Fin dagli inizi degli scavi intrapresi negli anni &#8217;20, offr\u00ec preziose informazioni sul disegno urbanistico degli insediamenti della zona con le sue strutture architettoniche, ampie e parallele strade, spazi pubblici e, in generale, con una concezione urbanistica ippodamea. Per evitare il caldo torrido dell&#8217;estate si consiglia di visitarla la mattina presto in quanto dovrete camminare a lungo. Quando arrivate sulla collina settentrionale, vedrete e comprenderete il modo in cui era organizzata la vita quotidiana 2500 anni fa. Ogni quartiere \u00e8 costituito da 10 case con un cortile interno comune, acqua corrente ed un evoluto sistema di fognature. Per raggiungere il sito, guidate da Nikiti verso Nea Moudani\u00e0 e appena passato Kalives di Polygiros, vedrete le indicazioni sulla destra.<\/p>\n<h2><strong>Grotta di Petralona<\/strong><\/h2>\n<p>Si trova sulle propaggini occidentali del Monte Katsik\u00e0, poco fuori dall&#8217;omonimo villaggio di profughi di Petralona, 20 km a nord ovest di Nea Moudani\u00e0. La grotta di Petralona ha impressionanti ambienti di stalagmiti, ma ci\u00f2 che la rende cos\u00ec particolare \u00e8 il fatto che vi sia stato ritrovato un cranio umano conservato nella stalagmite. Ha 250.000 anni ( 500.000 secondo altri). Apparteneva ad un uomo di 30-35 anni, molto anziano per l&#8217;epoca, in quanto la vita media non superava i 25 anni. I ritrovamenti mostrano che uomini e animali utilizzarono la grotta come riparo per 700.000 anni. Oltre al cranio di uomo preistorico, sono stati scoperti ossi di animali ora scomparsi dalla Calcidica come orsi, leoni delle caverne, rinoceronti, iene, cervi. La configurazione delle stalagmiti rende la grotta una tra le pi\u00f9 belle d&#8217;Europa. Si distinguono le stalagmiti nane che si sono sviluppate sul pavimento di un ambiente. Di fianco alla grotta troverete il Museo Antropologico di Petralona, tel. +30 23730 71671<\/p>\n<h2><strong>Il Canale di Potidea<\/strong><\/h2>\n<p>Potidea era una colonia di Corinto del VII secolo a.C. e gioc\u00f2 un ruolo significativo nelle guerre del tempo. La sua opposizione alla Lega Ateniese fu una delle cause della Guerra del Peloponneso. Non sappiamo con esattezza quando venne inaugurato il canale, l&#8217;unica cosa certa \u00e8 che avesse una lunghezza di 1250 m ed una larghezza di 40 m e che esisteva gi\u00e0 nel I secolo d.C. Si pensa lo abbia progettato e realizzato re Cassandro di Macedonia 400 anni prima, al fine di agevolare la navigazione e proteggere la citt\u00e0. L&#8217;istmo della penisola di Cassandra tagliato dal canale era protetto da un sistema di fortificazioni della stessa lunghezza ed impediva l&#8217;attacco da terra. \u00c8 possibile un rifacimento sotto Giustiniano. Oggi sopravvivono solo lacerti di mura ed il basamento di una torre angolare sul Golfo Termaico.<\/p>\n<h2><strong>Afyto<\/strong><\/h2>\n<p>Si trova nella penisola di Cassandra, Afito \u00e8 un vivace villaggio con un&#8217;incantevole vista sul mare da una relativa altezza. Offre ristoranti, negozi, caf\u00e8, bar e molte splendide case costruite da maestranze del luogo nella tipica pietra calcarea. Nelle case aperte alla visita vale la pena osservare con attenzione le opere di Katzani e del pittore Parali. Un altro luogo d&#8217;interesse \u00e8 la chiesa centrale di Aghios Dimitri, fondata alla met\u00e0 del XIX secolo unico esempio di basilica a cupola in Calcidica. Sulla maggior parte delle case di Afito popolari incisioni informano il visitatore sulla data di realizzazione e sul primo proprietario. Per raggiungere Afito attraversate il canale di Potidea, superate Nea Focea e troverete la relativa segnaletica sulla sinistra.<\/p>\n<p>&nbsp;<\/p>\n<h2 style=\"text-align: center;\">Calcidica Centrale<\/h2>\n<p>&nbsp;<\/p>\n<h2><strong>Il Museo Archeologico di Polygyros<\/strong><\/h2>\n<p>Si trova nella piazza dei Caduti al centro di Polygyros. I reperti coprono un lasso di tempo che oscilla dall&#8217;Et\u00e0 del Bronzo all&#8217;epoca romana. Vale la pena vedere il kouros incompiuto ed una kore che si datano al VI secolo a.C. , ritrovati nelle acque dell&#8217;antica Stagira, il busto di Acanthos ( del V secolo a.C.) decorato da immagini dipinte e le statue di Stratonio che con ogni probabilit\u00e0 risalgono alla fine del I secolo a.C. ; la cosiddetta \u201c Dama di Stratonio\u201d ed una statua maschile. Vi si trovano inoltre armi e gioielli dal basso arcaismo all&#8217;et\u00e0 Classica,come anche ritrovamenti da Olinto. In un ambiente separato potrete vedere la mostra dal titolo \u201ctre colonie di Andros in Calcidica: Sani, Acanthos, Stagira\u201d. Aperto dalle 8.30-15.00, chiuso il Luned\u00ec, tel. +30 2371022148.<\/p>\n<h2><strong>Antica Stagira<\/strong><\/h2>\n<p>Uno dei pi\u00f9 significativi siti storici della Calcidica si trova sulla penisola di Liotopi, vicino al villaggio di Olimpiadas. L&#8217;antica citt\u00e0 \u00e8 stata fondata su due colline- la costiera a nord e la pi\u00f9 estesa a sud. Lo scavo \u00e8 iniziato nel 1990 e ha dimostrato che la prima colonia fu abitata da coloni di Andro alla met\u00e0 del VII secolo a.C. Pi\u00f9 tardi giunsero quindi i Calcidesi per insediarvisi. L&#8217;aumento demografico port\u00f2 all&#8217;estensione della citt\u00e0 sulla seconda collina agli inizi del V secolo a.C. Successivamente venne costruita la fortificazione che circonda la citt\u00e0 con torri fortificate. Nell&#8217;agor\u00e0, che si trova nell&#8217;avvallamento tra le 2 colline, \u00e8 stata indagata una doppia sto\u00e0 con pubblici magazzini e negozi. Gli scavi hanno inoltre portato alla luce l&#8217;acropoli, i templi, le case ed altri edifici che potrete visitare facendo il giro sia dall&#8217;ingresso della collina nord, vicino alla spiaggia di Sykia, sia dalla cima della collina della collina meridionale dove si trova l&#8217;acropoli, offrendo una splendida vista su di essa. Per ulteriori informazioni tel. +30 2310801402.<\/p>\n<h2><strong>Il Castello di Ouranoupoli<\/strong><\/h2>\n<p>La torre di Prosforiou, simbolo di Ouranoupoli, si ritiene costruita nel XII secolo ed \u00e8 la pi\u00f9 grande e meglio conservata della Calcidica. Il complesso \u00e8 formato dal castello bizantino, dalla fortificazione e dal cantiere navale del 1865. appartenne alla propriet\u00e0 di Prosforion, l&#8217;attuale Ouranoupoli ed il Monastero di Vatopedi vi aveva gi\u00e0 il suo nucleo originario nel 1018. Nel 1379 il signore di Salonicco Ioannis Paleologo vi risiedette. A seguito di un terremoto nel 1585 sub\u00ec gravi danni e nel 1858 risultava disabitato. Negli stessi anni per\u00f2 inizi\u00f2 un&#8217;opera di ristrutturazione da cui prese il moderno aspetto. Nel recente passato si incroci\u00f2 con al storia dei coniugi Loch che vi abitarono. Il consolidamento ed il restauro del castello avvenne per intervento della X Eforia alle Antichit\u00e0 Bizantine. Oggi \u00e8 aperto alle visite e funziona anche come spazio espositivo. Troverete reperti archeologici da Ouranoupoli e la BA Calcidica, una stanza con oggetti appartenuti alla famiglia Loch e creazioni del Monastero di Athanito. All&#8217;ultimo piano della torre, con una splendida vista, si trovava una piccola chiesa. Tel. +30 2377071651<\/p>\n<h2><strong>Il Monastero di Zygou<\/strong><\/h2>\n<p>Si trova a 2 km da Ouranoupoli, \u00e8 una delle bellezze pi\u00f9 significative della Calcidica. Bench\u00e8 esista una continua attivit\u00e0 di scavo al monastero, il sito \u00e8 aperto al pubblico e corredato di cartelli esplicativi. Decine di persone ogni giorno vengono qui in estate. In accordo con il responsabile scientifico, l&#8217;archeologo I. Papangelo, ci\u00f2 che rende questo monastero particolarmente interessante \u00e8 il fatto che permette a visitatori ed esperti di studiare attraverso esso i monasteri del Monte Athos, dal punto di vista archeologico, della struttura e dell&#8217;organizzazione dei luoghi di preghiera. Il monastero di Zigou venne costruito nel X secolo e nel 1198 era gi\u00e0 un eremo. Appena si costru\u00ec ci\u00f2 che di antico ci resta sul Monte Athos. Il monastero era dedicato al profeta Elia ed il primo riferimento noto di Zagou nella penisola di Athos risale al 942. Sembra che attorno al 1206 un comandante Franco accorso a saccheggiare il Monte Sacro si sia stabilito nel castello, per questo il monastero \u00e8 anche detto Francokastro. Come dimostrato dagli scavi venne fondato in un luogo dove erano gi\u00e0 presenti insediamenti del IV secolo a.C. La costruzione della chiesa principale con le sue due cappelle inizi\u00f2 nel XI secolo, alternando 4 fasi edilizie. I pavimenti sono decorati da splendidi marmi. Durante la vostra visita scoprirete inoltre le tracce dei forni, del mulino, del \u201clino\u201d (torchio) e la \u201ctavola\u201d.<\/p>\n<h2><strong>Arnea<\/strong><\/h2>\n<p>Il pi\u00f9 bel paese della Calcidica settentrionale ( 72km da Nikiti e 35 da Polygyros) \u00e8 inoltre il pi\u00f9 grande della regione. Fino al 1928 il suo nome era Liarinkova ed \u00e8 riportato per la prima volta su un manoscritto della fine del XIV secolo come fondo del Monastero Kastamonito del Monte Athos. Pare che il villaggio sia stato costruito nel XVI secolo da coltivatori attorno all&#8217;antica fonte dell&#8217; \u201caeroplano\u201d che si trova nella piazza principale. L&#8217;acqua della fonte scorre attraverso un pezzo di aeroplano e la tradizione vuole che chi beva da qui si sposer\u00e0 con un abitante di Arnea. Attorno alla piazza vi sono isolati dove ammirare le pittoresche case costruite con la tradizionale architettura macedone, dipinte con vivaci colori. A nord della piazza si trova il famoso Palazzo Iatrou, oggi \u00e8 il Museo del Folklore ( se volete visitarlo contattate tel. +30 23723 50121). scendendo verso la strada principale vi troverete davanti alla famosa scuola del 1871 detta scuola cittadina di Liarinkova. \u00c8 la migliore costruita del XIX secolo in Calcidica e dal 1990 vi si trova il Comune. Un campanile del 1889 si trova di fronte. Di fianco si trova la chiesa di Santo Stefano e di fronte la vecchia locanda che ora \u00e8 una foresteria. La chiesa \u00e8 stata eretta nel 1812, prese fuoco nel 1821, venne ricostruita per poi bruciare ancore nel 2005. durante i lavori di restauro del 2006 al di sotto si scoprirono i resti di 3 chiese: una paleocristiana, una bizantina con dipinti di Santi una post bizantina costruita prima del 1812. solo a 2 km a nord del paese verso nord si trova un magnifico bosco di 12.5 ettari con antiche querce. Il giardino di Aghia Paraskev\u00ec ospita un bar ed un ristorante.<\/p>\n<h2><strong>Monte Athos<\/strong><\/h2>\n<p>La leggenda racconta che durante la battaglia tra gli Dei ed i Giganti Athos, un gigante tracio, lanci\u00f2 una spaventosa pietra contro Poseidone ma gli scivol\u00f2 dalle mani e cadde nel Mare Egeo creando la penisola dell&#8217;Athos. Secondo la tradizione cristiana il Monte Athos venne donato dal Signore alla Vergine come \u201c giardino e paradiso ed anche salvezza, rifugio per coloro che cercano la Pace\u201d. Su questo territorio che si allunga nel mare da centinaia di anni i monaci hanno dedicato la loro vita alla pace, alla preghiera ed al monachesimo. Si annovera come Monumento dell&#8217;Eredit\u00e0 Mondiale ed \u00e8 una Repubblica nota con il nome di \u201cRepubblica Monastica Autonoma del Monte Athos\u201d. Oggi esistono 20 monasteri sul Monte Sacro. In accordo le informazioni, i primi eremiti arrivarono nel IV secolo. I primi storicamente accertati ( IX secolo) erano Pietro e Athoniatis ed Euthimios e Neos. I primi asceti si insediarono soli o in piccoli gruppi e portarono con loro l&#8217;antica tradizione orientale-cio\u00e8 l&#8217;austero digiuno e la preghiera. Il grande cambiamento dell&#8217;ascetismo sul Monte Athos avvenne quando Athanasios ed Athoniatis nel 963 con il sostegno dell&#8217;imperatore Nikiforo Foca, fondarono il primo monastero Meghisti Lavra. Nel 971 l&#8217;imperatore Iannis Tsimisco firm\u00f2 il famoso Trattatogeneralmente conosciuto come Trago poich\u00e9 scritto su una pelle di capra- cio\u00e8 l&#8217;insieme delle regole e della disciplina del monachesimo di Athoniatis che continua a governare i monasteri ancora oggi. Una tra le norme pi\u00f9 severe \u00e8 il cosiddetto AVATON proclamato dall&#8217;imperatore Costantino IX Monomachos nel 1046 che vieta l&#8217;ingresso alle donne.<\/p>\n<p>BISANZIO Il sistema organizzativo monastico del Monte Athos presto si estese e guadagn\u00f2 adepti spirituali in tutto l&#8217;Impero Bizantino. I monasteri divennero economicamente indipendenti non solo grazie alla benevolenza e all&#8217;appoggio degli imperatori ma anche per la loro posizione geografica affacciata sul mare. Gradualmente divennero grandi, fortificati complessi che comprendono non solo le celle dei monaci ma anche tutte le indispensabili strutture di servizio. Quasi subito il Monte Sacro attir\u00f2 monaci da diversi paesi acquistando un carattere ortodosso molto forte. L&#8217;invasione dei Franchi durante la IV Stavroforia e gli aggressivi attacchi ai monasteri da parte della Compagnia Catalana d&#8217;Oriente ( 1307-1309)peggiorarono i rapporti con l&#8217;Occidente. Nel XIV la storia dei monasteri si caratterizz\u00f2 per i disastrosi attacchi di pirateria da parte degli Emiri turchi dell&#8217;Asia Minore. Le continue minacce sono il motivo di un&#8217;architettura fortificata che si \u00e8 evoluta nei secoli.[\/vc_column_text][\/vc_column][\/vc_row]<\/p>\n","protected":false},"excerpt":{"rendered":"<p>[vc_row][vc_column][vc_column_text] Il territorio di Cassandra &nbsp; L&#8217;antica Olinto Arroccata in un luogo prescelto che domina la piana, era una citt\u00e0 di et\u00e0 Classica architettonicamente e strutturalmente esemplare. Fin dagli inizi degli scavi intrapresi negli anni &#8217;20, offr\u00ec preziose informazioni sul disegno urbanistico degli insediamenti della zona con le sue strutture architettoniche, ampie e parallele strade, [&hellip;]<\/p>\n","protected":false},"author":2,"featured_media":0,"parent":0,"menu_order":0,"comment_status":"closed","ping_status":"closed","template":"","meta":[],"yoast_head":"<!-- This site is optimized with the Yoast SEO plugin v17.7.1 - https:\/\/yoast.com\/wordpress\/plugins\/seo\/ -->\n<title>CALCIDICA - Kseynasa Nikiti Suites<\/title>\n<meta name=\"robots\" content=\"index, follow, max-snippet:-1, max-image-preview:large, max-video-preview:-1\" \/>\n<link rel=\"canonical\" href=\"https:\/\/kseynasa.gr\/it\/calcidica\/\" \/>\n<meta property=\"og:locale\" content=\"it_IT\" \/>\n<meta property=\"og:type\" content=\"article\" \/>\n<meta property=\"og:title\" content=\"CALCIDICA - Kseynasa Nikiti Suites\" \/>\n<meta property=\"og:description\" content=\"[vc_row][vc_column][vc_column_text] Il territorio di Cassandra &nbsp; L&#8217;antica Olinto Arroccata in un luogo prescelto che domina la piana, era una citt\u00e0 di et\u00e0 Classica architettonicamente e strutturalmente esemplare. Fin dagli inizi degli scavi intrapresi negli anni &#8217;20, offr\u00ec preziose informazioni sul disegno urbanistico degli insediamenti della zona con le sue strutture architettoniche, ampie e parallele strade, [&hellip;]\" \/>\n<meta property=\"og:url\" content=\"https:\/\/kseynasa.gr\/it\/calcidica\/\" \/>\n<meta property=\"og:site_name\" content=\"Kseynasa Nikiti Suites\" \/>\n<meta property=\"article:modified_time\" content=\"2023-04-05T17:09:26+00:00\" \/>\n<meta name=\"twitter:card\" content=\"summary_large_image\" \/>\n<meta name=\"twitter:label1\" content=\"Est. reading time\" \/>\n\t<meta name=\"twitter:data1\" content=\"9 minuti\" \/>\n<script type=\"application\/ld+json\" class=\"yoast-schema-graph\">{\"@context\":\"https:\/\/schema.org\",\"@graph\":[{\"@type\":\"WebSite\",\"@id\":\"https:\/\/kseynasa.gr\/#website\",\"url\":\"https:\/\/kseynasa.gr\/\",\"name\":\"Kseynasa Nikiti Suites\",\"description\":\"at Nikiti Sithonia Chalkidiki Greece\",\"potentialAction\":[{\"@type\":\"SearchAction\",\"target\":{\"@type\":\"EntryPoint\",\"urlTemplate\":\"https:\/\/kseynasa.gr\/?s={search_term_string}\"},\"query-input\":\"required name=search_term_string\"}],\"inLanguage\":\"it-IT\"},{\"@type\":\"WebPage\",\"@id\":\"https:\/\/kseynasa.gr\/it\/calcidica\/#webpage\",\"url\":\"https:\/\/kseynasa.gr\/it\/calcidica\/\",\"name\":\"CALCIDICA - Kseynasa Nikiti Suites\",\"isPartOf\":{\"@id\":\"https:\/\/kseynasa.gr\/#website\"},\"datePublished\":\"2023-04-03T15:56:16+00:00\",\"dateModified\":\"2023-04-05T17:09:26+00:00\",\"breadcrumb\":{\"@id\":\"https:\/\/kseynasa.gr\/it\/calcidica\/#breadcrumb\"},\"inLanguage\":\"it-IT\",\"potentialAction\":[{\"@type\":\"ReadAction\",\"target\":[\"https:\/\/kseynasa.gr\/it\/calcidica\/\"]}]},{\"@type\":\"BreadcrumbList\",\"@id\":\"https:\/\/kseynasa.gr\/it\/calcidica\/#breadcrumb\",\"itemListElement\":[{\"@type\":\"ListItem\",\"position\":1,\"name\":\"Home\",\"item\":\"https:\/\/kseynasa.gr\/it\/\"},{\"@type\":\"ListItem\",\"position\":2,\"name\":\"CALCIDICA\"}]}]}<\/script>\n<!-- \/ Yoast SEO plugin. -->","yoast_head_json":{"title":"CALCIDICA - Kseynasa Nikiti Suites","robots":{"index":"index","follow":"follow","max-snippet":"max-snippet:-1","max-image-preview":"max-image-preview:large","max-video-preview":"max-video-preview:-1"},"canonical":"https:\/\/kseynasa.gr\/it\/calcidica\/","og_locale":"it_IT","og_type":"article","og_title":"CALCIDICA - Kseynasa Nikiti Suites","og_description":"[vc_row][vc_column][vc_column_text] Il territorio di Cassandra &nbsp; L&#8217;antica Olinto Arroccata in un luogo prescelto che domina la piana, era una citt\u00e0 di et\u00e0 Classica architettonicamente e strutturalmente esemplare. Fin dagli inizi degli scavi intrapresi negli anni &#8217;20, offr\u00ec preziose informazioni sul disegno urbanistico degli insediamenti della zona con le sue strutture architettoniche, ampie e parallele strade, [&hellip;]","og_url":"https:\/\/kseynasa.gr\/it\/calcidica\/","og_site_name":"Kseynasa Nikiti Suites","article_modified_time":"2023-04-05T17:09:26+00:00","twitter_card":"summary_large_image","twitter_misc":{"Est. reading time":"9 minuti"},"schema":{"@context":"https:\/\/schema.org","@graph":[{"@type":"WebSite","@id":"https:\/\/kseynasa.gr\/#website","url":"https:\/\/kseynasa.gr\/","name":"Kseynasa Nikiti Suites","description":"at Nikiti Sithonia Chalkidiki Greece","potentialAction":[{"@type":"SearchAction","target":{"@type":"EntryPoint","urlTemplate":"https:\/\/kseynasa.gr\/?s={search_term_string}"},"query-input":"required name=search_term_string"}],"inLanguage":"it-IT"},{"@type":"WebPage","@id":"https:\/\/kseynasa.gr\/it\/calcidica\/#webpage","url":"https:\/\/kseynasa.gr\/it\/calcidica\/","name":"CALCIDICA - Kseynasa Nikiti Suites","isPartOf":{"@id":"https:\/\/kseynasa.gr\/#website"},"datePublished":"2023-04-03T15:56:16+00:00","dateModified":"2023-04-05T17:09:26+00:00","breadcrumb":{"@id":"https:\/\/kseynasa.gr\/it\/calcidica\/#breadcrumb"},"inLanguage":"it-IT","potentialAction":[{"@type":"ReadAction","target":["https:\/\/kseynasa.gr\/it\/calcidica\/"]}]},{"@type":"BreadcrumbList","@id":"https:\/\/kseynasa.gr\/it\/calcidica\/#breadcrumb","itemListElement":[{"@type":"ListItem","position":1,"name":"Home","item":"https:\/\/kseynasa.gr\/it\/"},{"@type":"ListItem","position":2,"name":"CALCIDICA"}]}]}},"_links":{"self":[{"href":"https:\/\/kseynasa.gr\/it\/wp-json\/wp\/v2\/pages\/11666"}],"collection":[{"href":"https:\/\/kseynasa.gr\/it\/wp-json\/wp\/v2\/pages"}],"about":[{"href":"https:\/\/kseynasa.gr\/it\/wp-json\/wp\/v2\/types\/page"}],"author":[{"embeddable":true,"href":"https:\/\/kseynasa.gr\/it\/wp-json\/wp\/v2\/users\/2"}],"replies":[{"embeddable":true,"href":"https:\/\/kseynasa.gr\/it\/wp-json\/wp\/v2\/comments?post=11666"}],"version-history":[{"count":6,"href":"https:\/\/kseynasa.gr\/it\/wp-json\/wp\/v2\/pages\/11666\/revisions"}],"predecessor-version":[{"id":11785,"href":"https:\/\/kseynasa.gr\/it\/wp-json\/wp\/v2\/pages\/11666\/revisions\/11785"}],"wp:attachment":[{"href":"https:\/\/kseynasa.gr\/it\/wp-json\/wp\/v2\/media?parent=11666"}],"curies":[{"name":"wp","href":"https:\/\/api.w.org\/{rel}","templated":true}]}}