{"id":11953,"date":"2026-03-09T14:38:17","date_gmt":"2026-03-09T14:38:17","guid":{"rendered":"https:\/\/kseynasa.gr\/?page_id=11953"},"modified":"2026-03-09T14:38:17","modified_gmt":"2026-03-09T14:38:17","slug":"termeni-de-utilizare","status":"publish","type":"page","link":"https:\/\/kseynasa.gr\/ro\/termeni-de-utilizare\/","title":{"rendered":"Termeni de utilizare"},"content":{"rendered":"<div id=\"1687002905908-6c794acd-c995\" class=\"vc_tta-panel\" data-vc-content=\".vc_tta-panel-body\">\n<div class=\"vc_tta-panel-heading\">\n<h3 class=\"vc_tta-panel-title vc_tta-controls-icon-position-left\"><span class=\"vc_tta-title-text\">Recep\u021bie<\/span><i class=\"vc_tta-controls-icon vc_tta-controls-icon-plus\"><\/i><\/h3>\n<\/div>\n<div class=\"vc_tta-panel-body\">\n<div class=\"wpb_text_column wpb_content_element \">\n<div class=\"wpb_wrapper\">\n<ul>\n<li>Program de func\u021bionare: 09:00\u201314:30 \u0219i 17:30\u201321:00<\/li>\n<\/ul>\n<\/div>\n<\/div>\n<\/div>\n<\/div>\n<div id=\"1612931679792-aa61af9b-ddc1\" class=\"vc_tta-panel\" data-vc-content=\".vc_tta-panel-body\">\n<div class=\"vc_tta-panel-heading\">\n<h3 class=\"vc_tta-panel-title vc_tta-controls-icon-position-left\"><span class=\"vc_tta-title-text\">Rezerv\u0103ri<\/span><i class=\"vc_tta-controls-icon vc_tta-controls-icon-plus\"><\/i><\/h3>\n<\/div>\n<div class=\"vc_tta-panel-body\">\n<div class=\"wpb_text_column wpb_content_element \">\n<div class=\"wpb_wrapper\">\n<ul>\n<li>Se solicit\u0103 un avans de 30%, care trebuie pl\u0103tit \u00een termen de 3 zile de la confirmarea rezerv\u0103rii.<\/li>\n<li>Plata integral\u0103 trebuie efectuat\u0103 cu cel pu\u021bin 15 zile \u00eenainte de sosire.<\/li>\n<li>Pentru rezerv\u0103rile cu tarif nerambursabil, se solicit\u0103 plata integral\u0103 \u00een termen de 3 zile de la confirmarea rezerv\u0103rii.<\/li>\n<li>Pentru rezerv\u0103rile de ultim moment (14 zile sau mai pu\u021bin \u00eenainte de sosire), se aplic\u0103 termenii de plat\u0103 ai tarifelor nerambursabile.<\/li>\n<\/ul>\n<\/div>\n<\/div>\n<\/div>\n<\/div>\n<div id=\"1612932065711-7cf6d1d6-98b9\" class=\"vc_tta-panel\" data-vc-content=\".vc_tta-panel-body\">\n<div class=\"vc_tta-panel-heading\">\n<h3 class=\"vc_tta-panel-title vc_tta-controls-icon-position-left\"><span class=\"vc_tta-title-text\">Check-in<\/span><i class=\"vc_tta-controls-icon vc_tta-controls-icon-plus\"><\/i><\/h3>\n<\/div>\n<div class=\"vc_tta-panel-body\">\n<div class=\"wpb_text_column wpb_content_element \">\n<div class=\"wpb_wrapper\">\n<ul>\n<li>\u00centre 15:00 \u0219i 21:00 \u2013 Dac\u0103 ajunge\u021bi mai devreme \u0219i camera dumneavoastr\u0103 este disponibil\u0103 \u0219i preg\u0103tit\u0103, o pute\u021bi ocupa. \u00cen caz contrar, vom p\u0103stra cu pl\u0103cere bagajele dumneavoastr\u0103.<\/li>\n<li>Pentru check-in \u00eenainte de ora 09:00 sau dup\u0103 ora 21:00, este necesar s\u0103 informa\u021bi unitatea de cazare (sales@alp-hospitality.gr) din timp.<\/li>\n<li>Taxa de cazare trebuie pl\u0103tit\u0103 la check-in.<\/li>\n<\/ul>\n<\/div>\n<\/div>\n<\/div>\n<\/div>\n<div id=\"1612932096966-81d39b63-34c5\" class=\"vc_tta-panel\" data-vc-content=\".vc_tta-panel-body\">\n<div class=\"vc_tta-panel-heading\">\n<h3 class=\"vc_tta-panel-title vc_tta-controls-icon-position-left\"><span class=\"vc_tta-title-text\">Check-out<\/span><i class=\"vc_tta-controls-icon vc_tta-controls-icon-plus\"><\/i><\/h3>\n<\/div>\n<div class=\"vc_tta-panel-body\">\n<div class=\"wpb_text_column wpb_content_element \">\n<div class=\"wpb_wrapper\">\n<ul>\n<li>P\u00e2n\u0103 la ora 11:00 a.m.<\/li>\n<\/ul>\n<\/div>\n<\/div>\n<\/div>\n<\/div>\n<div id=\"1638897453715-c0cf15ae-abf5\" class=\"vc_tta-panel\" data-vc-content=\".vc_tta-panel-body\">\n<div class=\"vc_tta-panel-heading\">\n<h3 class=\"vc_tta-panel-title vc_tta-controls-icon-position-left\"><span class=\"vc_tta-title-text\">Taxa de \u0219edere \u00een Grecia<\/span><i class=\"vc_tta-controls-icon vc_tta-controls-icon-plus\"><\/i><\/h3>\n<\/div>\n<div class=\"vc_tta-panel-body\">\n<div class=\"wpb_text_column wpb_content_element \">\n<div class=\"wpb_wrapper\">\n<ul>\n<li>\u00cencep\u00e2nd cu 1 ianuarie 2018, a intrat \u00een vigoare o nou\u0103 lege privind taxele \u00een Grecia.<\/li>\n<li>Conform acesteia, persoanele care se cazeaz\u0103 sunt obligate s\u0103 pl\u0103teasc\u0103 o tax\u0103 de \u0219edere \u00een func\u021bie de categoria unit\u0103\u021bii de cazare.<\/li>\n<li>Taxa de cazare se pl\u0103te\u0219te la sosire, direct la proprietar sau la recep\u021bie.<\/li>\n<li>Proprietarul sau recep\u021bionerul sunt obliga\u021bi s\u0103 emit\u0103 o factur\u0103 pentru plata taxei de cazare.<\/li>\n<li>Suma taxei nu este inclus\u0103 \u00een pre\u021bul de \u00eenchiriere al unit\u0103\u021bii de cazare.<\/li>\n<\/ul>\n<p>Taxa de cazare se calculeaz\u0103 pe camer\u0103, nu pe persoan\u0103. Nu se aplic\u0103 TVA.<\/p>\n<ul>\n<li>Pentru unit\u0103\u021bi de cazare de 1 sau 2 stele: 2 \u20ac pe camer\u0103 pe zi<\/li>\n<li>Pentru unit\u0103\u021bi de cazare de 3 stele: 5 \u20ac pe camer\u0103 pe zi<\/li>\n<li>Pentru unit\u0103\u021bi de cazare de 4 stele: 10 \u20ac pe camer\u0103 pe zi<\/li>\n<li>Pentru unit\u0103\u021bi de cazare de 5 stele \u0219i vile: 15 \u20ac pe camer\u0103 pe zi<\/li>\n<li>Pentru apartamente de \u00eenchiriere pe termen scurt: 8 \u20ac pe zi pe apartament<\/li>\n<\/ul>\n<\/div>\n<\/div>\n<\/div>\n<\/div>\n<div id=\"1612932093687-bc1f3341-ed53\" class=\"vc_tta-panel\" data-vc-content=\".vc_tta-panel-body\">\n<div class=\"vc_tta-panel-heading\">\n<h3 class=\"vc_tta-panel-title vc_tta-controls-icon-position-left\"><span class=\"vc_tta-title-text\">Pl\u0103\u021bi<\/span><i class=\"vc_tta-controls-icon vc_tta-controls-icon-plus\"><\/i><\/h3>\n<\/div>\n<div class=\"vc_tta-panel-body\">\n<div class=\"wpb_text_column wpb_content_element \">\n<div class=\"wpb_wrapper\">\n<ul>\n<li>Accept\u0103m numerar, plat\u0103 prin PAYPAL, plat\u0103 cu card de debit\/credit, transfer bancar \u0219i Western Union.<\/li>\n<\/ul>\n<\/div>\n<\/div>\n<\/div>\n<\/div>\n<div id=\"1612932092001-9d9554dc-6300\" class=\"vc_tta-panel\" data-vc-content=\".vc_tta-panel-body\">\n<div class=\"vc_tta-panel-heading\">\n<h3 class=\"vc_tta-panel-title vc_tta-controls-icon-position-left\"><span class=\"vc_tta-title-text\">Anul\u0103ri<\/span><i class=\"vc_tta-controls-icon vc_tta-controls-icon-plus\"><\/i><\/h3>\n<\/div>\n<div class=\"vc_tta-panel-body\">\n<div class=\"wpb_text_column wpb_content_element \">\n<div class=\"wpb_wrapper\">\n<ul>\n<li>Anul\u0103rile vor fi acceptate doar prin e-mail la sales@alp-hospitality.gr<\/li>\n<li>Cererile de anulare efectuate cu 15 sau mai multe zile \u00eenainte de data programat\u0103 a sosirii vor primi \u00eenapoi \u00eentreaga sum\u0103 a avansului.<\/li>\n<li>Cererile de anulare efectuate \u00een termen de 14 zile de la data programat\u0103 a sosirii nu vor primi nicio rambursare.<\/li>\n<li>\u201eNo-show\u201d nu vor primi nicio rambursare.<\/li>\n<\/ul>\n<\/div>\n<\/div>\n<\/div>\n<\/div>\n<div id=\"1612932090224-7470ffd1-56ec\" class=\"vc_tta-panel\" data-vc-content=\".vc_tta-panel-body\">\n<div class=\"vc_tta-panel-heading\">\n<h3 class=\"vc_tta-panel-title vc_tta-controls-icon-position-left\"><span class=\"vc_tta-title-text\">Plec\u0103ri anticipate<\/span><i class=\"vc_tta-controls-icon vc_tta-controls-icon-plus\"><\/i><\/h3>\n<\/div>\n<div class=\"vc_tta-panel-body\">\n<div class=\"wpb_text_column wpb_content_element \">\n<div class=\"wpb_wrapper\">\n<ul>\n<li>\u00cen cazul plec\u0103rii \u00eenainte de data programat\u0103, NU se va acorda nicio rambursare.<\/li>\n<\/ul>\n<\/div>\n<\/div>\n<\/div>\n<\/div>\n<div id=\"1612932095302-8d16dc9e-4c63\" class=\"vc_tta-panel\" data-vc-content=\".vc_tta-panel-body\">\n<div class=\"vc_tta-panel-heading\">\n<h3 class=\"vc_tta-panel-title vc_tta-controls-icon-position-left\"><span class=\"vc_tta-title-text\">Copii<\/span><i class=\"vc_tta-controls-icon vc_tta-controls-icon-plus\"><\/i><\/h3>\n<\/div>\n<div class=\"vc_tta-panel-body\">\n<div class=\"wpb_text_column wpb_content_element \">\n<div class=\"wpb_wrapper\">\n<ul>\n<li>Se accept\u0103 copii de toate v\u00e2rstele.<\/li>\n<li>Se ofer\u0103 p\u0103tu\u021b pentru bebelu\u0219i la cerere, f\u0103r\u0103 costuri suplimentare, pentru copii de p\u00e2n\u0103 la 2 ani.<\/li>\n<li>Copiii de 12 ani \u0219i peste sunt considera\u021bi adul\u021bi \u00een aceast\u0103 unitate de cazare.<\/li>\n<li>Nu exist\u0103 posibilitatea de a ad\u0103uga un pat suplimentar \u00een aceast\u0103 unitate de cazare.<\/li>\n<li>Num\u0103rul maxim de p\u0103tu\u021buri pentru bebelu\u0219i depinde de camera aleas\u0103. V\u0103 rug\u0103m s\u0103 verifica\u021bi camera aleas\u0103 pentru capacitatea maxim\u0103.<\/li>\n<li>Toate p\u0103tu\u021burile pentru bebelu\u0219i \u0219i paturile suplimentare depind de disponibilitate.<\/li>\n<\/ul>\n<\/div>\n<\/div>\n<\/div>\n<\/div>\n<div id=\"1612932088271-f15a75b4-f328\" class=\"vc_tta-panel\" data-vc-content=\".vc_tta-panel-body\">\n<div class=\"vc_tta-panel-heading\">\n<h3 class=\"vc_tta-panel-title vc_tta-controls-icon-position-left\"><span class=\"vc_tta-title-text\">Cur\u0103\u0163enie<\/span><i class=\"vc_tta-controls-icon vc_tta-controls-icon-plus\"><\/i><\/h3>\n<\/div>\n<div class=\"vc_tta-panel-body\">\n<div class=\"wpb_text_column wpb_content_element \">\n<div class=\"wpb_wrapper\">\n<ul>\n<li>Apartamentul dumneavoastr\u0103 este cur\u0103\u021bat temeinic \u00eenainte de sosire \u0219i dispune de lenjerie de pat \u0219i prosoape curate.<\/li>\n<li>Apartamentele sunt cur\u0103\u021bate zilnic.<\/li>\n<li>Prosoapele sunt schimbate la fiecare 2 zile.<\/li>\n<li>Lenjeria de pat este schimbat\u0103 la fiecare 3 zile.<\/li>\n<\/ul>\n<\/div>\n<\/div>\n<\/div>\n<\/div>\n<div id=\"1612932250330-fabc2f8f-f75e\" class=\"vc_tta-panel\" data-vc-content=\".vc_tta-panel-body\">\n<div class=\"vc_tta-panel-heading\">\n<h3 class=\"vc_tta-panel-title vc_tta-controls-icon-position-left\"><span class=\"vc_tta-title-text\">Piscin\u0103<\/span><i class=\"vc_tta-controls-icon vc_tta-controls-icon-plus\"><\/i><\/h3>\n<\/div>\n<div class=\"vc_tta-panel-body\">\n<div class=\"wpb_text_column wpb_content_element \">\n<div class=\"wpb_wrapper\">\n<ul>\n<li>Program de func\u021bionare: 09:00\u201314:30 \/ 17:30\u201320:00<\/li>\n<li>Este interzis consumul de alimente \u0219i b\u0103uturi care nu au fost achizi\u021bionate de la unitatea de cazare.<\/li>\n<li>V\u0103 rug\u0103m s\u0103 utiliza\u021bi du\u0219ul \u00eenainte de a intra \u00een piscin\u0103.<\/li>\n<li>Este obligatoriu s\u0103 purta\u021bi costum de baie pentru a utiliza piscina.<\/li>\n<li>Nu este permis\u0103 \u00eenotul cu haine sau \u00eenc\u0103l\u021b\u0103minte.<\/li>\n<li>Copiii sub 12 ani trebuie s\u0103 fie \u00eenso\u021bi\u021bi de un adult \u00een zona piscinei \u0219i \u00een jurul acesteia.<\/li>\n<li>Animalele de companie nu sunt permise \u00een piscin\u0103.<\/li>\n<li>F\u0103r\u0103 alergat, \u00eempins sau scufund\u0103ri \u00een zona piscinei.<\/li>\n<li>A\u0219tepta\u021bi 3 ore dup\u0103 mas\u0103 sau consumul de alcool \u00eenainte de a intra \u00een piscin\u0103.<\/li>\n<li>Accesul nu este permis vizitatorilor care nu \u0219tiu s\u0103 \u00eenoate.<\/li>\n<li>Persoanelor care sufer\u0103 de orice boal\u0103 nu li se permite s\u0103 utilizeze piscina.<\/li>\n<li>Num\u0103r de urgen\u021b\u0103: 166<\/li>\n<\/ul>\n<\/div>\n<\/div>\n<\/div>\n<\/div>\n<div id=\"1613638444119-a8ee8282-deca\" class=\"vc_tta-panel\" data-vc-content=\".vc_tta-panel-body\">\n<div class=\"vc_tta-panel-heading\">\n<h3 class=\"vc_tta-panel-title vc_tta-controls-icon-position-left\"><span class=\"vc_tta-title-text\">Politici generale<\/span><i class=\"vc_tta-controls-icon vc_tta-controls-icon-plus\"><\/i><\/h3>\n<\/div>\n<div class=\"vc_tta-panel-body\">\n<div class=\"wpb_text_column wpb_content_element \">\n<div class=\"wpb_wrapper\">\n<ul>\n<li>Se aplic\u0103 o politic\u0103 strict\u0103 de interzicere a fumatului \u00een camere. Este permis fumatul pe balcoane.<\/li>\n<li>Vizitatorii trebuie s\u0103 respecte orele de lini\u0219te \u00eentre 14:30\u201317:30 \u0219i 22:30\u201309:00<\/li>\n<li>Animalele de companie nu sunt permise.<\/li>\n<\/ul>\n<\/div>\n<\/div>\n<\/div>\n<\/div>\n","protected":false},"excerpt":{"rendered":"<p>Recep\u021bie Program de func\u021bionare: 09:00\u201314:30 \u0219i 17:30\u201321:00 Rezerv\u0103ri Se solicit\u0103 un avans de 30%, care trebuie pl\u0103tit \u00een termen de 3 zile de la confirmarea rezerv\u0103rii. Plata integral\u0103 trebuie efectuat\u0103 cu cel pu\u021bin 15 zile \u00eenainte de sosire. Pentru rezerv\u0103rile cu tarif nerambursabil, se solicit\u0103 plata integral\u0103 \u00een termen de 3 zile de la confirmarea [&hellip;]<\/p>\n","protected":false},"author":2,"featured_media":0,"parent":0,"menu_order":0,"comment_status":"closed","ping_status":"closed","template":"","meta":[],"yoast_head":"<!-- This site is optimized with the Yoast SEO plugin v17.7.1 - https:\/\/yoast.com\/wordpress\/plugins\/seo\/ -->\n<title>Termeni de utilizare - Kseynasa Nikiti Suites<\/title>\n<meta name=\"robots\" content=\"index, follow, max-snippet:-1, max-image-preview:large, max-video-preview:-1\" \/>\n<link rel=\"canonical\" href=\"https:\/\/kseynasa.gr\/ro\/termeni-de-utilizare\/\" \/>\n<meta property=\"og:locale\" content=\"ro_RO\" \/>\n<meta property=\"og:type\" content=\"article\" \/>\n<meta property=\"og:title\" content=\"Termeni de utilizare - Kseynasa Nikiti Suites\" \/>\n<meta property=\"og:description\" content=\"Recep\u021bie Program de func\u021bionare: 09:00\u201314:30 \u0219i 17:30\u201321:00 Rezerv\u0103ri Se solicit\u0103 un avans de 30%, care trebuie pl\u0103tit \u00een termen de 3 zile de la confirmarea rezerv\u0103rii. Plata integral\u0103 trebuie efectuat\u0103 cu cel pu\u021bin 15 zile \u00eenainte de sosire. Pentru rezerv\u0103rile cu tarif nerambursabil, se solicit\u0103 plata integral\u0103 \u00een termen de 3 zile de la confirmarea [&hellip;]\" \/>\n<meta property=\"og:url\" content=\"https:\/\/kseynasa.gr\/ro\/termeni-de-utilizare\/\" \/>\n<meta property=\"og:site_name\" content=\"Kseynasa Nikiti Suites\" \/>\n<meta name=\"twitter:card\" content=\"summary_large_image\" \/>\n<meta name=\"twitter:label1\" content=\"Est. reading time\" \/>\n\t<meta name=\"twitter:data1\" content=\"4 minute\" \/>\n<script type=\"application\/ld+json\" class=\"yoast-schema-graph\">{\"@context\":\"https:\/\/schema.org\",\"@graph\":[{\"@type\":\"WebSite\",\"@id\":\"https:\/\/kseynasa.gr\/#website\",\"url\":\"https:\/\/kseynasa.gr\/\",\"name\":\"Kseynasa Nikiti Suites\",\"description\":\"at Nikiti Sithonia Chalkidiki Greece\",\"potentialAction\":[{\"@type\":\"SearchAction\",\"target\":{\"@type\":\"EntryPoint\",\"urlTemplate\":\"https:\/\/kseynasa.gr\/?s={search_term_string}\"},\"query-input\":\"required name=search_term_string\"}],\"inLanguage\":\"ro-RO\"},{\"@type\":\"WebPage\",\"@id\":\"https:\/\/kseynasa.gr\/ro\/termeni-de-utilizare\/#webpage\",\"url\":\"https:\/\/kseynasa.gr\/ro\/termeni-de-utilizare\/\",\"name\":\"Termeni de utilizare - Kseynasa Nikiti Suites\",\"isPartOf\":{\"@id\":\"https:\/\/kseynasa.gr\/#website\"},\"datePublished\":\"2026-03-09T14:38:17+00:00\",\"dateModified\":\"2026-03-09T14:38:17+00:00\",\"breadcrumb\":{\"@id\":\"https:\/\/kseynasa.gr\/ro\/termeni-de-utilizare\/#breadcrumb\"},\"inLanguage\":\"ro-RO\",\"potentialAction\":[{\"@type\":\"ReadAction\",\"target\":[\"https:\/\/kseynasa.gr\/ro\/termeni-de-utilizare\/\"]}]},{\"@type\":\"BreadcrumbList\",\"@id\":\"https:\/\/kseynasa.gr\/ro\/termeni-de-utilizare\/#breadcrumb\",\"itemListElement\":[{\"@type\":\"ListItem\",\"position\":1,\"name\":\"Home\",\"item\":\"https:\/\/kseynasa.gr\/ro\/\"},{\"@type\":\"ListItem\",\"position\":2,\"name\":\"Termeni de utilizare\"}]}]}<\/script>\n<!-- \/ Yoast SEO plugin. -->","yoast_head_json":{"title":"Termeni de utilizare - Kseynasa Nikiti Suites","robots":{"index":"index","follow":"follow","max-snippet":"max-snippet:-1","max-image-preview":"max-image-preview:large","max-video-preview":"max-video-preview:-1"},"canonical":"https:\/\/kseynasa.gr\/ro\/termeni-de-utilizare\/","og_locale":"ro_RO","og_type":"article","og_title":"Termeni de utilizare - Kseynasa Nikiti Suites","og_description":"Recep\u021bie Program de func\u021bionare: 09:00\u201314:30 \u0219i 17:30\u201321:00 Rezerv\u0103ri Se solicit\u0103 un avans de 30%, care trebuie pl\u0103tit \u00een termen de 3 zile de la confirmarea rezerv\u0103rii. Plata integral\u0103 trebuie efectuat\u0103 cu cel pu\u021bin 15 zile \u00eenainte de sosire. Pentru rezerv\u0103rile cu tarif nerambursabil, se solicit\u0103 plata integral\u0103 \u00een termen de 3 zile de la confirmarea [&hellip;]","og_url":"https:\/\/kseynasa.gr\/ro\/termeni-de-utilizare\/","og_site_name":"Kseynasa Nikiti Suites","twitter_card":"summary_large_image","twitter_misc":{"Est. reading time":"4 minute"},"schema":{"@context":"https:\/\/schema.org","@graph":[{"@type":"WebSite","@id":"https:\/\/kseynasa.gr\/#website","url":"https:\/\/kseynasa.gr\/","name":"Kseynasa Nikiti Suites","description":"at Nikiti Sithonia Chalkidiki Greece","potentialAction":[{"@type":"SearchAction","target":{"@type":"EntryPoint","urlTemplate":"https:\/\/kseynasa.gr\/?s={search_term_string}"},"query-input":"required name=search_term_string"}],"inLanguage":"ro-RO"},{"@type":"WebPage","@id":"https:\/\/kseynasa.gr\/ro\/termeni-de-utilizare\/#webpage","url":"https:\/\/kseynasa.gr\/ro\/termeni-de-utilizare\/","name":"Termeni de utilizare - Kseynasa Nikiti Suites","isPartOf":{"@id":"https:\/\/kseynasa.gr\/#website"},"datePublished":"2026-03-09T14:38:17+00:00","dateModified":"2026-03-09T14:38:17+00:00","breadcrumb":{"@id":"https:\/\/kseynasa.gr\/ro\/termeni-de-utilizare\/#breadcrumb"},"inLanguage":"ro-RO","potentialAction":[{"@type":"ReadAction","target":["https:\/\/kseynasa.gr\/ro\/termeni-de-utilizare\/"]}]},{"@type":"BreadcrumbList","@id":"https:\/\/kseynasa.gr\/ro\/termeni-de-utilizare\/#breadcrumb","itemListElement":[{"@type":"ListItem","position":1,"name":"Home","item":"https:\/\/kseynasa.gr\/ro\/"},{"@type":"ListItem","position":2,"name":"Termeni de utilizare"}]}]}},"_links":{"self":[{"href":"https:\/\/kseynasa.gr\/ro\/wp-json\/wp\/v2\/pages\/11953"}],"collection":[{"href":"https:\/\/kseynasa.gr\/ro\/wp-json\/wp\/v2\/pages"}],"about":[{"href":"https:\/\/kseynasa.gr\/ro\/wp-json\/wp\/v2\/types\/page"}],"author":[{"embeddable":true,"href":"https:\/\/kseynasa.gr\/ro\/wp-json\/wp\/v2\/users\/2"}],"replies":[{"embeddable":true,"href":"https:\/\/kseynasa.gr\/ro\/wp-json\/wp\/v2\/comments?post=11953"}],"version-history":[{"count":1,"href":"https:\/\/kseynasa.gr\/ro\/wp-json\/wp\/v2\/pages\/11953\/revisions"}],"predecessor-version":[{"id":11954,"href":"https:\/\/kseynasa.gr\/ro\/wp-json\/wp\/v2\/pages\/11953\/revisions\/11954"}],"wp:attachment":[{"href":"https:\/\/kseynasa.gr\/ro\/wp-json\/wp\/v2\/media?parent=11953"}],"curies":[{"name":"wp","href":"https:\/\/api.w.org\/{rel}","templated":true}]}}