{"id":3133,"date":"2018-05-25T04:39:02","date_gmt":"2018-05-25T04:39:02","guid":{"rendered":"https:\/\/kseynasa.gr\/front-page\/"},"modified":"2026-03-09T16:35:19","modified_gmt":"2026-03-09T16:35:19","slug":"front-page","status":"publish","type":"page","link":"https:\/\/kseynasa.gr\/ro\/","title":{"rendered":"Kseynasa"},"content":{"rendered":"<p>[vc_row full_width=&#8221;stretch_row&#8221; shadow_x_offset=&#8221;0&#8243; shadow_y_offset=&#8221;0&#8243; shadow_blur=&#8221;0&#8243; shadow_spread=&#8221;0&#8243; shadow_color=&#8221;&#8221; el_class=&#8221;overlap&#8221; css=&#8221;.vc_custom_1542870643138{margin-top: -160px !important;}&#8221;][vc_column shadow_x_offset=&#8221;0&#8243; shadow_y_offset=&#8221;0&#8243; shadow_blur=&#8221;0&#8243; shadow_spread=&#8221;0&#8243; shadow_color=&#8221;&#8221; offset=&#8221;vc_col-lg-offset-1 vc_col-lg-10 vc_col-md-offset-1 vc_col-md-10 vc_col-xs-12&#8243;][rev_slider_vc alias=&#8221;home&#8221;][\/vc_column][\/vc_row][vc_row full_width=&#8221;stretch_row&#8221; shadow_x_offset=&#8221;0&#8243; shadow_y_offset=&#8221;0&#8243; shadow_blur=&#8221;0&#8243; shadow_spread=&#8221;0&#8243; shadow_color=&#8221;&#8221; el_class=&#8221;overlap&#8221;][vc_column css_animation=&#8221;none&#8221; shadow_x_offset=&#8221;0&#8243; shadow_y_offset=&#8221;0&#8243; shadow_blur=&#8221;0&#8243; shadow_spread=&#8221;0&#8243; shadow_color=&#8221;rgba(153,153,153,0.15)&#8221; offset=&#8221;vc_col-lg-offset-0 vc_col-lg-12 vc_col-md-offset-0 vc_col-md-12 vc_col-xs-12&#8243; css=&#8221;.vc_custom_1542870952541{margin-top: -180px !important;padding-right: 0px !important;padding-left: 0px !important;}&#8221;][stm_spacer height_tablet=&#8221;0&#8243; height_mobile=&#8221;0&#8243;][stm_button button_size=&#8221;lg&#8221; button_pos=&#8221;center&#8221; button_color=&#8221;secondary&#8221; button_bg_color=&#8221;#2d404b&#8221; button_bg_color_hover=&#8221;#c19b76&#8243; link=&#8221;url:https%3A%2F%2Fbooking-engine.hotelpoint.io%2Fbec6d577-00bc-4456-9b3d-e7fb34dc9b7f|title:RESERVA&#8221; c_class=&#8221;home_slider_button&#8221;][\/vc_column][\/vc_row][vc_row shadow_x_offset=&#8221;0&#8243; shadow_y_offset=&#8221;0&#8243; shadow_blur=&#8221;0&#8243; shadow_spread=&#8221;0&#8243; shadow_color=&#8221;&#8221; css=&#8221;.vc_custom_1613741286784{margin-top: 100px !important;}&#8221;][vc_column shadow_x_offset=&#8221;0&#8243; shadow_y_offset=&#8221;0&#8243; shadow_blur=&#8221;0&#8243; shadow_spread=&#8221;0&#8243; shadow_color=&#8221;&#8221; offset=&#8221;vc_col-lg-4 vc_col-md-12&#8243;][vc_custom_heading text=&#8221;Enjoy&#8221; font_container=&#8221;tag:h6|font_size:140|text_align:left|color:%23e8d0b8&#8243; google_fonts=&#8221;font_family:Herr%20Von%20Muellerhoff%3Aregular|font_style:400%20regular%3A400%3Anormal&#8221;][vc_custom_heading text=&#8221;&#8230;Chalkidiki&#8221; font_container=&#8221;tag:h3|font_size:48|text_align:left&#8221; google_fonts=&#8221;font_family:Roboto%3A100%2C100italic%2C300%2C300italic%2Cregular%2Citalic%2C500%2C500italic%2C700%2C700italic%2C900%2C900italic|font_style:700%20bold%20regular%3A700%3Anormal&#8221; css=&#8221;.vc_custom_1611645158688{margin-top: -20px !important;padding-top: 25px !important;}&#8221;][\/vc_column][vc_column shadow_x_offset=&#8221;0&#8243; shadow_y_offset=&#8221;0&#8243; shadow_blur=&#8221;0&#8243; shadow_spread=&#8221;0&#8243; shadow_color=&#8221;&#8221; offset=&#8221;vc_col-lg-4 vc_col-md-6&#8243;][vc_column_text]Kseynasa Nikiti Suites sunt camere de cazare de lux, la Nikiti, construite pentru un sejur pl\u0103cut \u0219i de neuitat. Toate apartamentele sunt \u00eentr-o cl\u0103dire nou-nou\u021b\u0103, cu echipamente nou-nou\u021be \u0219i create pentru a servi cele mai bune familii sau cupluri, care doresc s\u0103 se bucure de o loca\u021bia fantastic\u0103, plajele din apropiere \u0219i via\u021ba de noapte.[\/vc_column_text][\/vc_column][vc_column shadow_x_offset=&#8221;0&#8243; shadow_y_offset=&#8221;0&#8243; shadow_blur=&#8221;0&#8243; shadow_spread=&#8221;0&#8243; shadow_color=&#8221;&#8221; offset=&#8221;vc_col-lg-4 vc_col-md-6&#8243;][vc_column_text]Situat la Nikiti, ai tot ce ai nevoie, foarte aproape de tine. Po\u021bi s\u0103 \u00eeno\u021bi, s\u0103 mergi la taverne \u0219i baruri, zi sau noapte, f\u0103r\u0103 a avea nevoie de ma\u0219in\u0103. Pute\u021bi explora frumoasa peninsul\u0103 Sithonia sau orice parte din Halkidiki, pornind din aceast\u0103 pozi\u021bie ideal\u0103, pentru excursii scurte.[\/vc_column_text][\/vc_column][\/vc_row][vc_row shadow_x_offset=&#8221;0&#8243; shadow_y_offset=&#8221;0&#8243; shadow_blur=&#8221;0&#8243; shadow_spread=&#8221;0&#8243; shadow_color=&#8221;&#8221; css=&#8221;.vc_custom_1613962921169{margin-bottom: 60px !important;}&#8221; el_class=&#8221;kseynasa_row&#8221;][vc_column width=&#8221;1\/3&#8243;][\/vc_column][vc_column width=&#8221;2\/3&#8243;][vc_column_text]\u201eKseynasa\u201d este pronun\u021bia cuv\u00e2ntului grecesc \u201e\u03be\u03b5\u03b3\u03bd\u03bf\u03b9\u03b1\u03c3\u03b9\u03ac\u201c, adic\u0103 f\u0103r\u0103 griji. Aceasta \u00eenseamn\u0103 c\u0103 nu v\u0103 face\u021bi griji pentru restul zilelor. Relaxa\u021bi-v\u0103, r\u00e2de\u021bi din suflet, fi\u021bi al\u0103turi de oamenii pe care \u00eei iubi\u021bi, crea\u021bi-v\u0103 amintiri \u0219i petrece\u021bi timp de calitate cu partenerul sau familia dvs. Tot ce ai nevoie pentru a te bucura de o var\u0103 f\u0103r\u0103 griji este aici, la Kseynasa Nikiti Suites.[\/vc_column_text][\/vc_column][\/vc_row][vc_row full_width=&#8221;stretch_row_content_no_spaces&#8221; shadow_x_offset=&#8221;0&#8243; shadow_y_offset=&#8221;0&#8243; shadow_blur=&#8221;0&#8243; shadow_spread=&#8221;0&#8243; shadow_color=&#8221;&#8221; css=&#8221;.vc_custom_1539247964793{margin-right: 15px !important;margin-left: 12px !important;}&#8221;][vc_column width=&#8221;1\/2&#8243; shadow_x_offset=&#8221;0&#8243; shadow_y_offset=&#8221;0&#8243; shadow_blur=&#8221;0&#8243; shadow_spread=&#8221;0&#8243; shadow_color=&#8221;&#8221; offset=&#8221;vc_col-lg-3 vc_col-md-6 vc_col-xs-12&#8243;][stm_info_box icon=&#8221;stmicon-laptop_mac&#8221; icon_size=&#8221;79&#8243; style=&#8221;style_2&#8243; title=&#8221;Munc\u0103 \u0219i Contact&#8221; image=&#8221;1748&#8243;]Rezolva\u021bi-v\u0103 munca sau orice comunicare, folosind internetul Wi-Fi.[\/stm_info_box][\/vc_column][vc_column width=&#8221;1\/2&#8243; shadow_x_offset=&#8221;0&#8243; shadow_y_offset=&#8221;0&#8243; shadow_blur=&#8221;0&#8243; shadow_spread=&#8221;0&#8243; shadow_color=&#8221;&#8221; offset=&#8221;vc_col-lg-3 vc_col-md-6 vc_col-xs-12&#8243;][stm_info_box icon=&#8221;stmicon-hotel-spa&#8221; icon_size=&#8221;84&#8243; style=&#8221;style_2&#8243; title=&#8221;Curatenie si Igiena&#8221; image=&#8221;1590&#8243;]Sim\u021bi\u021bi-v\u0103 proasp\u0103t \u0219i \u00een siguran\u021b\u0103, \u00een camerele noastre.[\/stm_info_box][\/vc_column][vc_column width=&#8221;1\/2&#8243; shadow_x_offset=&#8221;0&#8243; shadow_y_offset=&#8221;0&#8243; shadow_blur=&#8221;0&#8243; shadow_spread=&#8221;0&#8243; shadow_color=&#8221;&#8221; offset=&#8221;vc_col-lg-3 vc_col-md-6 vc_col-xs-12&#8243;][stm_info_box icon=&#8221;stmicon-wb_sunny&#8221; icon_size=&#8221;80&#8243; style=&#8221;style_2&#8243; title=&#8221;Piscina noastra&#8221; image=&#8221;1750&#8243;]Bucura\u021bi-v\u0103 de piscina noastr\u0103.[\/stm_info_box][\/vc_column][vc_column width=&#8221;1\/2&#8243; shadow_x_offset=&#8221;0&#8243; shadow_y_offset=&#8221;0&#8243; shadow_blur=&#8221;0&#8243; shadow_spread=&#8221;0&#8243; shadow_color=&#8221;&#8221; offset=&#8221;vc_col-lg-3 vc_col-md-6 vc_col-xs-12&#8243;][stm_info_box icon=&#8221;stmicon-beach_access&#8221; icon_size=&#8221;80&#8243; style=&#8221;style_2&#8243; title=&#8221;Du-te la plaj\u0103&#8221; image=&#8221;1752&#8243;]Te afli \u00eentr-o loca\u021bie perfect\u0103 pentru a vizita o mul\u021bime de plaje.[\/stm_info_box][\/vc_column][\/vc_row][vc_row full_width=&#8221;stretch_row&#8221; shadow_x_offset=&#8221;0&#8243; shadow_y_offset=&#8221;0&#8243; shadow_blur=&#8221;0&#8243; shadow_spread=&#8221;0&#8243; shadow_color=&#8221;&#8221; css=&#8221;.vc_custom_1542189027519{margin-top: -30px !important;padding-top: 80px !important;padding-bottom: 45px !important;background-color: #f5f5f5 !important;}&#8221;][vc_column css_animation=&#8221;none&#8221; shadow_x_offset=&#8221;0&#8243; shadow_y_offset=&#8221;0&#8243; shadow_blur=&#8221;0&#8243; shadow_spread=&#8221;0&#8243; offset=&#8221;vc_col-lg-4 vc_col-md-4&#8243;][stm_icon_box icon=&#8221;stmicon-hotel-internet&#8221; icon_class=&#8221;ttc&#8221; icon_size=&#8221;56&#8243; icon_height=&#8221;80&#8243; icon_width=&#8221;85&#8243; min_height=&#8221;220&#8243; flip=&#8221;&#8221; flip_title_color=&#8221;&#8221; flip_content_color=&#8221;&#8221; title=&#8221;Bucura\u021bi-v\u0103 de Wi-Fi gratuit&#8221; title_fsz=&#8221;24&#8243; flip_title=&#8221;&#8221; flip_content=&#8221;&#8221; css=&#8221;.vc_custom_1640980966342{padding-right: 15px !important;}&#8221;]V\u0103 \u00eemp\u0103rt\u0103\u0219im \u00eengrijorarea cu privire la comunica\u021bii. Wifi-ul este gratuit pentru utilizare \u00een interior sau \u00een orice zon\u0103 public\u0103 din instala\u021biile noastre.[\/stm_icon_box][stm_spacer height=&#8221;0&#8243; height_tablet=&#8221;20&#8243; height_mobile=&#8221;35&#8243;][\/vc_column][vc_column css_animation=&#8221;none&#8221; shadow_x_offset=&#8221;0&#8243; shadow_y_offset=&#8221;0&#8243; shadow_blur=&#8221;0&#8243; shadow_spread=&#8221;0&#8243; offset=&#8221;vc_col-lg-4 vc_col-md-4&#8243;][stm_icon_box icon=&#8221;stmicon-hotel&#8221; icon_class=&#8221;ttc&#8221; icon_size=&#8221;54&#8243; icon_height=&#8221;80&#8243; icon_width=&#8221;85&#8243; min_height=&#8221;220&#8243; flip=&#8221;&#8221; flip_title_color=&#8221;&#8221; flip_content_color=&#8221;&#8221; title=&#8221;Servicii complete&#8221; title_fsz=&#8221;24&#8243; flip_title=&#8221;&#8221; flip_content=&#8221;&#8221; css=&#8221;.vc_custom_1640980993451{padding-right: 15px !important;}&#8221;]Apartamentele noastre sunt complet echipate cu electrocasnice \u0219i facilit\u0103\u021bi. Suntem aici pentru a v\u0103 servi \u0219i ajuta, cu orice ave\u021bi nevoie.[\/stm_icon_box][stm_spacer height=&#8221;0&#8243; height_tablet=&#8221;20&#8243; height_mobile=&#8221;35&#8243;][\/vc_column][vc_column css_animation=&#8221;none&#8221; shadow_x_offset=&#8221;0&#8243; shadow_y_offset=&#8221;0&#8243; shadow_blur=&#8221;0&#8243; shadow_spread=&#8221;0&#8243; shadow_color=&#8221;&#8221; offset=&#8221;vc_col-lg-4 vc_col-md-4&#8243;][stm_icon_box icon=&#8221;stmicon-hotel-pool&#8221; icon_class=&#8221;ttc&#8221; icon_size=&#8221;44&#8243; icon_height=&#8221;80&#8243; icon_width=&#8221;85&#8243; min_height=&#8221;220&#8243; flip=&#8221;&#8221; flip_title_color=&#8221;&#8221; flip_content_color=&#8221;&#8221; title=&#8221;Piscina&#8221; title_fsz=&#8221;24&#8243; flip_title=&#8221;&#8221; flip_content=&#8221;&#8221; css=&#8221;.vc_custom_1640981017876{padding-right: 15px !important;}&#8221;]Bucura-te de ziua ta, bea cafea sau inot si jucandu-te cu copiii tai, \u00eentr-un mediu sigur. Noaptea, atmosfera reflectoarelor este magic\u0103![\/stm_icon_box][\/vc_column][\/vc_row][vc_row full_width=&#8221;stretch_row_content&#8221; shadow_x_offset=&#8221;0&#8243; shadow_y_offset=&#8221;0&#8243; shadow_blur=&#8221;0&#8243; shadow_spread=&#8221;0&#8243; shadow_color=&#8221;&#8221; css=&#8221;.vc_custom_1542189658881{margin-top: 70px !important;margin-bottom: 70px !important;padding-top: 65px !important;}&#8221;][vc_column css_animation=&#8221;none&#8221; shadow_x_offset=&#8221;0&#8243; shadow_y_offset=&#8221;0&#8243; shadow_blur=&#8221;0&#8243; shadow_spread=&#8221;0&#8243; shadow_color=&#8221;&#8221; offset=&#8221;vc_col-lg-offset-1 vc_col-lg-10 vc_col-md-offset-1 vc_col-md-10 vc_col-xs-12&#8243;][stm_wp_hotelier_selective_rooms_carousel per_row=&#8221;3&#8243;][\/vc_column][\/vc_row][vc_row full_width=&#8221;stretch_row_content_no_spaces&#8221; shadow_x_offset=&#8221;0&#8243; shadow_y_offset=&#8221;0&#8243; shadow_blur=&#8221;0&#8243; shadow_spread=&#8221;0&#8243; shadow_color=&#8221;&#8221; css=&#8221;.vc_custom_1612930675505{margin-top: 70px !important;margin-bottom: 0px !important;}&#8221;][vc_column]\n\t\t\t<!-- START frankfurt REVOLUTION SLIDER 6.3.6 --><p class=\"rs-p-wp-fix\"><\/p>\n\t\t\t<rs-module-wrap id=\"rev_slider_2_1_wrapper\" data-source=\"gallery\" style=\"background:transparent;padding:0;margin:0px auto;margin-top:0;margin-bottom:0;max-width:;\">\n\t\t\t\t<rs-module id=\"rev_slider_2_1\" style=\"\" data-version=\"6.3.6\">\n\t\t\t\t\t<rs-slides>\n\t\t\t\t\t\t<rs-slide data-key=\"rs-2\" data-title=\"Slide\" data-anim=\"ei:d;eo:d;s:600;r:0;t:fade;sl:d;\">\n\t\t\t\t\t\t\t<img src=\"\/\/kseynasa.gr\/wp-content\/uploads\/wide_home.jpg\" title=\"wide_home\" width=\"2000\" height=\"694\" class=\"rev-slidebg\" data-no-retina>\n<!---->\t\t\t\t\t\t<\/rs-slide>\n\t\t\t\t\t<\/rs-slides>\n\t\t\t\t<\/rs-module>\n\t\t\t\t<script type=\"text\/javascript\">\n\t\t\t\t\tsetREVStartSize({c: 'rev_slider_2_1',rl:[1240,1024,1024,480],el:[600,600,600,720],gw:[1920,1024,1024,480],gh:[600,600,600,720],type:'standard',justify:'',layout:'fullwidth',mh:\"0\"});\n\t\t\t\t\tvar\trevapi2,\n\t\t\t\t\t\ttpj;\n\t\t\t\t\tfunction revinit_revslider21() {\n\t\t\t\t\tjQuery(function() {\n\t\t\t\t\t\ttpj = jQuery;\n\t\t\t\t\t\trevapi2 = tpj(\"#rev_slider_2_1\");\n\t\t\t\t\t\tif(revapi2==undefined || revapi2.revolution == undefined){\n\t\t\t\t\t\t\trevslider_showDoubleJqueryError(\"rev_slider_2_1\");\n\t\t\t\t\t\t}else{\n\t\t\t\t\t\t\trevapi2.revolution({\n\t\t\t\t\t\t\t\tvisibilityLevels:\"1240,1024,1024,480\",\n\t\t\t\t\t\t\t\tgridwidth:\"1920,1024,1024,480\",\n\t\t\t\t\t\t\t\tgridheight:\"600,600,600,720\",\n\t\t\t\t\t\t\t\tspinner:\"spinner0\",\n\t\t\t\t\t\t\t\tperspective:600,\n\t\t\t\t\t\t\t\tperspectiveType:\"local\",\n\t\t\t\t\t\t\t\teditorheight:\"600,600,960,720\",\n\t\t\t\t\t\t\t\tresponsiveLevels:\"1240,1024,1024,480\",\n\t\t\t\t\t\t\t\tprogressBar:{disableProgressBar:true},\n\t\t\t\t\t\t\t\tnavigation: {\n\t\t\t\t\t\t\t\t\tonHoverStop:false\n\t\t\t\t\t\t\t\t},\n\t\t\t\t\t\t\t\tfallbacks: {\n\t\t\t\t\t\t\t\t\tallowHTML5AutoPlayOnAndroid:true\n\t\t\t\t\t\t\t\t},\n\t\t\t\t\t\t\t});\n\t\t\t\t\t\t}\n\t\t\t\t\t\t\n\t\t\t\t\t});\n\t\t\t\t\t} \/\/ End of RevInitScript\n\t\t\t\tvar once_revslider21 = false;\n\t\t\t\tif (document.readyState === \"loading\") {document.addEventListener('readystatechange',function() { if((document.readyState === \"interactive\" || document.readyState === \"complete\") && !once_revslider21 ) { once_revslider21 = true; revinit_revslider21();}});} else {once_revslider21 = true; revinit_revslider21();}\n\t\t\t\t<\/script>\n\t\t\t<\/rs-module-wrap>\n\t\t\t<!-- END REVOLUTION SLIDER -->\n[\/vc_column][\/vc_row]<\/p>\n","protected":false},"excerpt":{"rendered":"<p>[vc_row full_width=&#8221;stretch_row&#8221; shadow_x_offset=&#8221;0&#8243; shadow_y_offset=&#8221;0&#8243; shadow_blur=&#8221;0&#8243; shadow_spread=&#8221;0&#8243; shadow_color=&#8221;&#8221; el_class=&#8221;overlap&#8221; css=&#8221;.vc_custom_1542870643138{margin-top: -160px !important;}&#8221;][vc_column shadow_x_offset=&#8221;0&#8243; shadow_y_offset=&#8221;0&#8243; shadow_blur=&#8221;0&#8243; shadow_spread=&#8221;0&#8243; shadow_color=&#8221;&#8221; offset=&#8221;vc_col-lg-offset-1 vc_col-lg-10 vc_col-md-offset-1 vc_col-md-10 vc_col-xs-12&#8243;][rev_slider_vc alias=&#8221;home&#8221;][\/vc_column][\/vc_row][vc_row full_width=&#8221;stretch_row&#8221; shadow_x_offset=&#8221;0&#8243; shadow_y_offset=&#8221;0&#8243; shadow_blur=&#8221;0&#8243; shadow_spread=&#8221;0&#8243; shadow_color=&#8221;&#8221; el_class=&#8221;overlap&#8221;][vc_column css_animation=&#8221;none&#8221; shadow_x_offset=&#8221;0&#8243; shadow_y_offset=&#8221;0&#8243; shadow_blur=&#8221;0&#8243; shadow_spread=&#8221;0&#8243; shadow_color=&#8221;rgba(153,153,153,0.15)&#8221; offset=&#8221;vc_col-lg-offset-0 vc_col-lg-12 vc_col-md-offset-0 vc_col-md-12 vc_col-xs-12&#8243; css=&#8221;.vc_custom_1542870952541{margin-top: -180px !important;padding-right: 0px !important;padding-left: 0px !important;}&#8221;][stm_spacer height_tablet=&#8221;0&#8243; height_mobile=&#8221;0&#8243;][stm_button button_size=&#8221;lg&#8221; button_pos=&#8221;center&#8221; button_color=&#8221;secondary&#8221; button_bg_color=&#8221;#2d404b&#8221; button_bg_color_hover=&#8221;#c19b76&#8243; link=&#8221;url:https%3A%2F%2Fbooking-engine.hotelpoint.io%2Fbec6d577-00bc-4456-9b3d-e7fb34dc9b7f|title:RESERVA&#8221; [&hellip;]<\/p>\n","protected":false},"author":1,"featured_media":0,"parent":0,"menu_order":0,"comment_status":"closed","ping_status":"closed","template":"","meta":[],"yoast_head":"<!-- This site is optimized with the Yoast SEO plugin v17.7.1 - https:\/\/yoast.com\/wordpress\/plugins\/seo\/ -->\n<title>Kseynasa - Kseynasa Nikiti Suites<\/title>\n<meta name=\"robots\" content=\"index, follow, max-snippet:-1, max-image-preview:large, max-video-preview:-1\" \/>\n<link rel=\"canonical\" href=\"https:\/\/kseynasa.gr\/ro\/\" \/>\n<meta property=\"og:locale\" content=\"ro_RO\" \/>\n<meta property=\"og:type\" content=\"article\" \/>\n<meta property=\"og:title\" content=\"Kseynasa - Kseynasa Nikiti Suites\" \/>\n<meta property=\"og:description\" content=\"[vc_row full_width=&#8221;stretch_row&#8221; shadow_x_offset=&#8221;0&#8243; shadow_y_offset=&#8221;0&#8243; shadow_blur=&#8221;0&#8243; shadow_spread=&#8221;0&#8243; shadow_color=&#8221;&#8221; el_class=&#8221;overlap&#8221; css=&#8221;.vc_custom_1542870643138{margin-top: -160px !important;}&#8221;][vc_column shadow_x_offset=&#8221;0&#8243; shadow_y_offset=&#8221;0&#8243; shadow_blur=&#8221;0&#8243; shadow_spread=&#8221;0&#8243; shadow_color=&#8221;&#8221; offset=&#8221;vc_col-lg-offset-1 vc_col-lg-10 vc_col-md-offset-1 vc_col-md-10 vc_col-xs-12&#8243;][rev_slider_vc alias=&#8221;home&#8221;][\/vc_column][\/vc_row][vc_row full_width=&#8221;stretch_row&#8221; shadow_x_offset=&#8221;0&#8243; shadow_y_offset=&#8221;0&#8243; shadow_blur=&#8221;0&#8243; shadow_spread=&#8221;0&#8243; shadow_color=&#8221;&#8221; el_class=&#8221;overlap&#8221;][vc_column css_animation=&#8221;none&#8221; shadow_x_offset=&#8221;0&#8243; shadow_y_offset=&#8221;0&#8243; shadow_blur=&#8221;0&#8243; shadow_spread=&#8221;0&#8243; shadow_color=&#8221;rgba(153,153,153,0.15)&#8221; offset=&#8221;vc_col-lg-offset-0 vc_col-lg-12 vc_col-md-offset-0 vc_col-md-12 vc_col-xs-12&#8243; css=&#8221;.vc_custom_1542870952541{margin-top: -180px !important;padding-right: 0px !important;padding-left: 0px !important;}&#8221;][stm_spacer height_tablet=&#8221;0&#8243; height_mobile=&#8221;0&#8243;][stm_button button_size=&#8221;lg&#8221; button_pos=&#8221;center&#8221; button_color=&#8221;secondary&#8221; button_bg_color=&#8221;#2d404b&#8221; button_bg_color_hover=&#8221;#c19b76&#8243; link=&#8221;url:https%3A%2F%2Fbooking-engine.hotelpoint.io%2Fbec6d577-00bc-4456-9b3d-e7fb34dc9b7f|title:RESERVA&#8221; [&hellip;]\" \/>\n<meta property=\"og:url\" content=\"https:\/\/kseynasa.gr\/ro\/\" \/>\n<meta property=\"og:site_name\" content=\"Kseynasa Nikiti Suites\" \/>\n<meta property=\"article:modified_time\" content=\"2026-03-09T16:35:19+00:00\" \/>\n<meta name=\"twitter:card\" content=\"summary_large_image\" \/>\n<meta name=\"twitter:label1\" content=\"Est. reading time\" \/>\n\t<meta name=\"twitter:data1\" content=\"3 minute\" \/>\n<script type=\"application\/ld+json\" class=\"yoast-schema-graph\">{\"@context\":\"https:\/\/schema.org\",\"@graph\":[{\"@type\":\"WebSite\",\"@id\":\"https:\/\/kseynasa.gr\/#website\",\"url\":\"https:\/\/kseynasa.gr\/\",\"name\":\"Kseynasa Nikiti Suites\",\"description\":\"at Nikiti Sithonia Chalkidiki Greece\",\"potentialAction\":[{\"@type\":\"SearchAction\",\"target\":{\"@type\":\"EntryPoint\",\"urlTemplate\":\"https:\/\/kseynasa.gr\/?s={search_term_string}\"},\"query-input\":\"required name=search_term_string\"}],\"inLanguage\":\"ro-RO\"},{\"@type\":\"WebPage\",\"@id\":\"https:\/\/kseynasa.gr\/ro\/#webpage\",\"url\":\"https:\/\/kseynasa.gr\/ro\/\",\"name\":\"Kseynasa - Kseynasa Nikiti Suites\",\"isPartOf\":{\"@id\":\"https:\/\/kseynasa.gr\/#website\"},\"datePublished\":\"2018-05-25T04:39:02+00:00\",\"dateModified\":\"2026-03-09T16:35:19+00:00\",\"breadcrumb\":{\"@id\":\"https:\/\/kseynasa.gr\/ro\/#breadcrumb\"},\"inLanguage\":\"ro-RO\",\"potentialAction\":[{\"@type\":\"ReadAction\",\"target\":[\"https:\/\/kseynasa.gr\/ro\/\"]}]},{\"@type\":\"BreadcrumbList\",\"@id\":\"https:\/\/kseynasa.gr\/ro\/#breadcrumb\",\"itemListElement\":[{\"@type\":\"ListItem\",\"position\":1,\"name\":\"Home\",\"item\":\"https:\/\/kseynasa.gr\/ro\/\"},{\"@type\":\"ListItem\",\"position\":2,\"name\":\"Kseynasa\"}]}]}<\/script>\n<!-- \/ Yoast SEO plugin. -->","yoast_head_json":{"title":"Kseynasa - Kseynasa Nikiti Suites","robots":{"index":"index","follow":"follow","max-snippet":"max-snippet:-1","max-image-preview":"max-image-preview:large","max-video-preview":"max-video-preview:-1"},"canonical":"https:\/\/kseynasa.gr\/ro\/","og_locale":"ro_RO","og_type":"article","og_title":"Kseynasa - Kseynasa Nikiti Suites","og_description":"[vc_row full_width=&#8221;stretch_row&#8221; shadow_x_offset=&#8221;0&#8243; shadow_y_offset=&#8221;0&#8243; shadow_blur=&#8221;0&#8243; shadow_spread=&#8221;0&#8243; shadow_color=&#8221;&#8221; el_class=&#8221;overlap&#8221; css=&#8221;.vc_custom_1542870643138{margin-top: -160px !important;}&#8221;][vc_column shadow_x_offset=&#8221;0&#8243; shadow_y_offset=&#8221;0&#8243; shadow_blur=&#8221;0&#8243; shadow_spread=&#8221;0&#8243; shadow_color=&#8221;&#8221; offset=&#8221;vc_col-lg-offset-1 vc_col-lg-10 vc_col-md-offset-1 vc_col-md-10 vc_col-xs-12&#8243;][rev_slider_vc alias=&#8221;home&#8221;][\/vc_column][\/vc_row][vc_row full_width=&#8221;stretch_row&#8221; shadow_x_offset=&#8221;0&#8243; shadow_y_offset=&#8221;0&#8243; shadow_blur=&#8221;0&#8243; shadow_spread=&#8221;0&#8243; shadow_color=&#8221;&#8221; el_class=&#8221;overlap&#8221;][vc_column css_animation=&#8221;none&#8221; shadow_x_offset=&#8221;0&#8243; shadow_y_offset=&#8221;0&#8243; shadow_blur=&#8221;0&#8243; shadow_spread=&#8221;0&#8243; shadow_color=&#8221;rgba(153,153,153,0.15)&#8221; offset=&#8221;vc_col-lg-offset-0 vc_col-lg-12 vc_col-md-offset-0 vc_col-md-12 vc_col-xs-12&#8243; css=&#8221;.vc_custom_1542870952541{margin-top: -180px !important;padding-right: 0px !important;padding-left: 0px !important;}&#8221;][stm_spacer height_tablet=&#8221;0&#8243; height_mobile=&#8221;0&#8243;][stm_button button_size=&#8221;lg&#8221; button_pos=&#8221;center&#8221; button_color=&#8221;secondary&#8221; button_bg_color=&#8221;#2d404b&#8221; button_bg_color_hover=&#8221;#c19b76&#8243; link=&#8221;url:https%3A%2F%2Fbooking-engine.hotelpoint.io%2Fbec6d577-00bc-4456-9b3d-e7fb34dc9b7f|title:RESERVA&#8221; [&hellip;]","og_url":"https:\/\/kseynasa.gr\/ro\/","og_site_name":"Kseynasa Nikiti Suites","article_modified_time":"2026-03-09T16:35:19+00:00","twitter_card":"summary_large_image","twitter_misc":{"Est. reading time":"3 minute"},"schema":{"@context":"https:\/\/schema.org","@graph":[{"@type":"WebSite","@id":"https:\/\/kseynasa.gr\/#website","url":"https:\/\/kseynasa.gr\/","name":"Kseynasa Nikiti Suites","description":"at Nikiti Sithonia Chalkidiki Greece","potentialAction":[{"@type":"SearchAction","target":{"@type":"EntryPoint","urlTemplate":"https:\/\/kseynasa.gr\/?s={search_term_string}"},"query-input":"required name=search_term_string"}],"inLanguage":"ro-RO"},{"@type":"WebPage","@id":"https:\/\/kseynasa.gr\/ro\/#webpage","url":"https:\/\/kseynasa.gr\/ro\/","name":"Kseynasa - Kseynasa Nikiti Suites","isPartOf":{"@id":"https:\/\/kseynasa.gr\/#website"},"datePublished":"2018-05-25T04:39:02+00:00","dateModified":"2026-03-09T16:35:19+00:00","breadcrumb":{"@id":"https:\/\/kseynasa.gr\/ro\/#breadcrumb"},"inLanguage":"ro-RO","potentialAction":[{"@type":"ReadAction","target":["https:\/\/kseynasa.gr\/ro\/"]}]},{"@type":"BreadcrumbList","@id":"https:\/\/kseynasa.gr\/ro\/#breadcrumb","itemListElement":[{"@type":"ListItem","position":1,"name":"Home","item":"https:\/\/kseynasa.gr\/ro\/"},{"@type":"ListItem","position":2,"name":"Kseynasa"}]}]}},"_links":{"self":[{"href":"https:\/\/kseynasa.gr\/ro\/wp-json\/wp\/v2\/pages\/3133"}],"collection":[{"href":"https:\/\/kseynasa.gr\/ro\/wp-json\/wp\/v2\/pages"}],"about":[{"href":"https:\/\/kseynasa.gr\/ro\/wp-json\/wp\/v2\/types\/page"}],"author":[{"embeddable":true,"href":"https:\/\/kseynasa.gr\/ro\/wp-json\/wp\/v2\/users\/1"}],"replies":[{"embeddable":true,"href":"https:\/\/kseynasa.gr\/ro\/wp-json\/wp\/v2\/comments?post=3133"}],"version-history":[{"count":5,"href":"https:\/\/kseynasa.gr\/ro\/wp-json\/wp\/v2\/pages\/3133\/revisions"}],"predecessor-version":[{"id":11969,"href":"https:\/\/kseynasa.gr\/ro\/wp-json\/wp\/v2\/pages\/3133\/revisions\/11969"}],"wp:attachment":[{"href":"https:\/\/kseynasa.gr\/ro\/wp-json\/wp\/v2\/media?parent=3133"}],"curies":[{"name":"wp","href":"https:\/\/api.w.org\/{rel}","templated":true}]}}