{"id":3594,"date":"2018-06-07T06:42:06","date_gmt":"2018-06-07T06:42:06","guid":{"rendered":"https:\/\/kseynasa.gr\/accommodation\/"},"modified":"2022-09-30T06:29:52","modified_gmt":"2022-09-30T06:29:52","slug":"cazare","status":"publish","type":"page","link":"https:\/\/kseynasa.gr\/ro\/cazare\/","title":{"rendered":"Cazare"},"content":{"rendered":"<p>[vc_row][vc_column][stm_spacer height=&#8221;40&#8243; height_tablet=&#8221;30&#8243; height_mobile=&#8221;20&#8243;][\/vc_column][\/vc_row][vc_row equal_height=&#8221;yes&#8221; content_placement=&#8221;top&#8221; shadow_x_offset=&#8221;0&#8243; shadow_y_offset=&#8221;0&#8243; shadow_blur=&#8221;0&#8243; shadow_spread=&#8221;0&#8243; shadow_color=&#8221;&#8221; css=&#8221;.vc_custom_1613889853078{margin-bottom: 50px !important;}&#8221;][vc_column width=&#8221;1\/3&#8243;][vc_custom_heading text=&#8221;Facilit\u0103\u021bi &amp; Servicii&#8221; font_container=&#8221;tag:h3|text_align:left&#8221; use_theme_fonts=&#8221;yes&#8221;][\/vc_column][vc_column width=&#8221;2\/3&#8243;][vc_column_text]Kseynasa Suites ofer\u0103 combina\u021bia dintre frumuse\u021bea natural\u0103 \u0219i cazare relaxant\u0103, \u00een timp ce paradisul pitoresc Nikiti din Halkidiki va satisface toate a\u0219tept\u0103rile dumneavoastr\u0103.<\/p>\n<p>Pentru a v\u0103 asigura un sejur relaxat \u00eentr-un loc pl\u0103cut, v\u0103 oferim urm\u0103toarele op\u021biuni.[\/vc_column_text][\/vc_column][\/vc_row][vc_row][vc_column][stm_wp_hotelier_rooms_list style=&#8221;style_2&#8243; css_animation=&#8221;none&#8221; per_page=&#8221;6&#8243; rooms_types=&#8221;23&#8243;][\/vc_column][\/vc_row][vc_row][vc_column][\/vc_column][\/vc_row]<\/p>\n","protected":false},"excerpt":{"rendered":"<p>[vc_row][vc_column][stm_spacer height=&#8221;40&#8243; height_tablet=&#8221;30&#8243; height_mobile=&#8221;20&#8243;][\/vc_column][\/vc_row][vc_row equal_height=&#8221;yes&#8221; content_placement=&#8221;top&#8221; shadow_x_offset=&#8221;0&#8243; shadow_y_offset=&#8221;0&#8243; shadow_blur=&#8221;0&#8243; shadow_spread=&#8221;0&#8243; shadow_color=&#8221;&#8221; css=&#8221;.vc_custom_1613889853078{margin-bottom: 50px !important;}&#8221;][vc_column width=&#8221;1\/3&#8243;][vc_custom_heading text=&#8221;Facilit\u0103\u021bi &amp; Servicii&#8221; font_container=&#8221;tag:h3|text_align:left&#8221; use_theme_fonts=&#8221;yes&#8221;][\/vc_column][vc_column width=&#8221;2\/3&#8243;][vc_column_text]Kseynasa Suites ofer\u0103 combina\u021bia dintre frumuse\u021bea natural\u0103 \u0219i cazare relaxant\u0103, \u00een timp ce paradisul pitoresc Nikiti din Halkidiki va satisface toate a\u0219tept\u0103rile dumneavoastr\u0103. Pentru a v\u0103 asigura un sejur relaxat \u00eentr-un loc pl\u0103cut, v\u0103 oferim [&hellip;]<\/p>\n","protected":false},"author":1,"featured_media":11036,"parent":0,"menu_order":0,"comment_status":"closed","ping_status":"closed","template":"","meta":[],"yoast_head":"<!-- This site is optimized with the Yoast SEO plugin v17.7.1 - https:\/\/yoast.com\/wordpress\/plugins\/seo\/ -->\n<title>Cazare - Kseynasa Nikiti Suites<\/title>\n<meta name=\"robots\" content=\"index, follow, max-snippet:-1, max-image-preview:large, max-video-preview:-1\" \/>\n<link rel=\"canonical\" href=\"https:\/\/kseynasa.gr\/ro\/cazare\/\" \/>\n<meta property=\"og:locale\" content=\"ro_RO\" \/>\n<meta property=\"og:type\" content=\"article\" \/>\n<meta property=\"og:title\" content=\"Cazare - Kseynasa Nikiti Suites\" \/>\n<meta property=\"og:description\" content=\"[vc_row][vc_column][stm_spacer height=&#8221;40&#8243; height_tablet=&#8221;30&#8243; height_mobile=&#8221;20&#8243;][\/vc_column][\/vc_row][vc_row equal_height=&#8221;yes&#8221; content_placement=&#8221;top&#8221; shadow_x_offset=&#8221;0&#8243; shadow_y_offset=&#8221;0&#8243; shadow_blur=&#8221;0&#8243; shadow_spread=&#8221;0&#8243; shadow_color=&#8221;&#8221; css=&#8221;.vc_custom_1613889853078{margin-bottom: 50px !important;}&#8221;][vc_column width=&#8221;1\/3&#8243;][vc_custom_heading text=&#8221;Facilit\u0103\u021bi &amp; Servicii&#8221; font_container=&#8221;tag:h3|text_align:left&#8221; use_theme_fonts=&#8221;yes&#8221;][\/vc_column][vc_column width=&#8221;2\/3&#8243;][vc_column_text]Kseynasa Suites ofer\u0103 combina\u021bia dintre frumuse\u021bea natural\u0103 \u0219i cazare relaxant\u0103, \u00een timp ce paradisul pitoresc Nikiti din Halkidiki va satisface toate a\u0219tept\u0103rile dumneavoastr\u0103. Pentru a v\u0103 asigura un sejur relaxat \u00eentr-un loc pl\u0103cut, v\u0103 oferim [&hellip;]\" \/>\n<meta property=\"og:url\" content=\"https:\/\/kseynasa.gr\/ro\/cazare\/\" \/>\n<meta property=\"og:site_name\" content=\"Kseynasa Nikiti Suites\" \/>\n<meta property=\"article:modified_time\" content=\"2022-09-30T06:29:52+00:00\" \/>\n<meta name=\"twitter:card\" content=\"summary_large_image\" \/>\n<meta name=\"twitter:label1\" content=\"Est. reading time\" \/>\n\t<meta name=\"twitter:data1\" content=\"1 minut\" \/>\n<script type=\"application\/ld+json\" class=\"yoast-schema-graph\">{\"@context\":\"https:\/\/schema.org\",\"@graph\":[{\"@type\":\"WebSite\",\"@id\":\"https:\/\/kseynasa.gr\/#website\",\"url\":\"https:\/\/kseynasa.gr\/\",\"name\":\"Kseynasa Nikiti Suites\",\"description\":\"at Nikiti Sithonia Chalkidiki Greece\",\"potentialAction\":[{\"@type\":\"SearchAction\",\"target\":{\"@type\":\"EntryPoint\",\"urlTemplate\":\"https:\/\/kseynasa.gr\/?s={search_term_string}\"},\"query-input\":\"required name=search_term_string\"}],\"inLanguage\":\"ro-RO\"},{\"@type\":\"ImageObject\",\"@id\":\"https:\/\/kseynasa.gr\/ro\/cazare\/#primaryimage\",\"inLanguage\":\"ro-RO\",\"url\":\"https:\/\/kseynasa.gr\/wp-content\/uploads\/DSC_2513-2.jpg\",\"contentUrl\":\"https:\/\/kseynasa.gr\/wp-content\/uploads\/DSC_2513-2.jpg\",\"width\":1400,\"height\":933},{\"@type\":\"WebPage\",\"@id\":\"https:\/\/kseynasa.gr\/ro\/cazare\/#webpage\",\"url\":\"https:\/\/kseynasa.gr\/ro\/cazare\/\",\"name\":\"Cazare - Kseynasa Nikiti Suites\",\"isPartOf\":{\"@id\":\"https:\/\/kseynasa.gr\/#website\"},\"primaryImageOfPage\":{\"@id\":\"https:\/\/kseynasa.gr\/ro\/cazare\/#primaryimage\"},\"datePublished\":\"2018-06-07T06:42:06+00:00\",\"dateModified\":\"2022-09-30T06:29:52+00:00\",\"breadcrumb\":{\"@id\":\"https:\/\/kseynasa.gr\/ro\/cazare\/#breadcrumb\"},\"inLanguage\":\"ro-RO\",\"potentialAction\":[{\"@type\":\"ReadAction\",\"target\":[\"https:\/\/kseynasa.gr\/ro\/cazare\/\"]}]},{\"@type\":\"BreadcrumbList\",\"@id\":\"https:\/\/kseynasa.gr\/ro\/cazare\/#breadcrumb\",\"itemListElement\":[{\"@type\":\"ListItem\",\"position\":1,\"name\":\"Home\",\"item\":\"https:\/\/kseynasa.gr\/ro\/\"},{\"@type\":\"ListItem\",\"position\":2,\"name\":\"Cazare\"}]}]}<\/script>\n<!-- \/ Yoast SEO plugin. -->","yoast_head_json":{"title":"Cazare - Kseynasa Nikiti Suites","robots":{"index":"index","follow":"follow","max-snippet":"max-snippet:-1","max-image-preview":"max-image-preview:large","max-video-preview":"max-video-preview:-1"},"canonical":"https:\/\/kseynasa.gr\/ro\/cazare\/","og_locale":"ro_RO","og_type":"article","og_title":"Cazare - Kseynasa Nikiti Suites","og_description":"[vc_row][vc_column][stm_spacer height=&#8221;40&#8243; height_tablet=&#8221;30&#8243; height_mobile=&#8221;20&#8243;][\/vc_column][\/vc_row][vc_row equal_height=&#8221;yes&#8221; content_placement=&#8221;top&#8221; shadow_x_offset=&#8221;0&#8243; shadow_y_offset=&#8221;0&#8243; shadow_blur=&#8221;0&#8243; shadow_spread=&#8221;0&#8243; shadow_color=&#8221;&#8221; css=&#8221;.vc_custom_1613889853078{margin-bottom: 50px !important;}&#8221;][vc_column width=&#8221;1\/3&#8243;][vc_custom_heading text=&#8221;Facilit\u0103\u021bi &amp; Servicii&#8221; font_container=&#8221;tag:h3|text_align:left&#8221; use_theme_fonts=&#8221;yes&#8221;][\/vc_column][vc_column width=&#8221;2\/3&#8243;][vc_column_text]Kseynasa Suites ofer\u0103 combina\u021bia dintre frumuse\u021bea natural\u0103 \u0219i cazare relaxant\u0103, \u00een timp ce paradisul pitoresc Nikiti din Halkidiki va satisface toate a\u0219tept\u0103rile dumneavoastr\u0103. Pentru a v\u0103 asigura un sejur relaxat \u00eentr-un loc pl\u0103cut, v\u0103 oferim [&hellip;]","og_url":"https:\/\/kseynasa.gr\/ro\/cazare\/","og_site_name":"Kseynasa Nikiti Suites","article_modified_time":"2022-09-30T06:29:52+00:00","twitter_card":"summary_large_image","twitter_misc":{"Est. reading time":"1 minut"},"schema":{"@context":"https:\/\/schema.org","@graph":[{"@type":"WebSite","@id":"https:\/\/kseynasa.gr\/#website","url":"https:\/\/kseynasa.gr\/","name":"Kseynasa Nikiti Suites","description":"at Nikiti Sithonia Chalkidiki Greece","potentialAction":[{"@type":"SearchAction","target":{"@type":"EntryPoint","urlTemplate":"https:\/\/kseynasa.gr\/?s={search_term_string}"},"query-input":"required name=search_term_string"}],"inLanguage":"ro-RO"},{"@type":"ImageObject","@id":"https:\/\/kseynasa.gr\/ro\/cazare\/#primaryimage","inLanguage":"ro-RO","url":"https:\/\/kseynasa.gr\/wp-content\/uploads\/DSC_2513-2.jpg","contentUrl":"https:\/\/kseynasa.gr\/wp-content\/uploads\/DSC_2513-2.jpg","width":1400,"height":933},{"@type":"WebPage","@id":"https:\/\/kseynasa.gr\/ro\/cazare\/#webpage","url":"https:\/\/kseynasa.gr\/ro\/cazare\/","name":"Cazare - Kseynasa Nikiti Suites","isPartOf":{"@id":"https:\/\/kseynasa.gr\/#website"},"primaryImageOfPage":{"@id":"https:\/\/kseynasa.gr\/ro\/cazare\/#primaryimage"},"datePublished":"2018-06-07T06:42:06+00:00","dateModified":"2022-09-30T06:29:52+00:00","breadcrumb":{"@id":"https:\/\/kseynasa.gr\/ro\/cazare\/#breadcrumb"},"inLanguage":"ro-RO","potentialAction":[{"@type":"ReadAction","target":["https:\/\/kseynasa.gr\/ro\/cazare\/"]}]},{"@type":"BreadcrumbList","@id":"https:\/\/kseynasa.gr\/ro\/cazare\/#breadcrumb","itemListElement":[{"@type":"ListItem","position":1,"name":"Home","item":"https:\/\/kseynasa.gr\/ro\/"},{"@type":"ListItem","position":2,"name":"Cazare"}]}]}},"_links":{"self":[{"href":"https:\/\/kseynasa.gr\/ro\/wp-json\/wp\/v2\/pages\/3594"}],"collection":[{"href":"https:\/\/kseynasa.gr\/ro\/wp-json\/wp\/v2\/pages"}],"about":[{"href":"https:\/\/kseynasa.gr\/ro\/wp-json\/wp\/v2\/types\/page"}],"author":[{"embeddable":true,"href":"https:\/\/kseynasa.gr\/ro\/wp-json\/wp\/v2\/users\/1"}],"replies":[{"embeddable":true,"href":"https:\/\/kseynasa.gr\/ro\/wp-json\/wp\/v2\/comments?post=3594"}],"version-history":[{"count":4,"href":"https:\/\/kseynasa.gr\/ro\/wp-json\/wp\/v2\/pages\/3594\/revisions"}],"predecessor-version":[{"id":4052,"href":"https:\/\/kseynasa.gr\/ro\/wp-json\/wp\/v2\/pages\/3594\/revisions\/4052"}],"wp:featuredmedia":[{"embeddable":true,"href":"https:\/\/kseynasa.gr\/ro\/wp-json\/wp\/v2\/media\/11036"}],"wp:attachment":[{"href":"https:\/\/kseynasa.gr\/ro\/wp-json\/wp\/v2\/media?parent=3594"}],"curies":[{"name":"wp","href":"https:\/\/api.w.org\/{rel}","templated":true}]}}