{"id":3598,"date":"2021-02-18T12:34:27","date_gmt":"2021-02-18T12:34:27","guid":{"rendered":"https:\/\/kseynasa.gr\/beaches\/"},"modified":"2021-12-31T16:51:28","modified_gmt":"2021-12-31T16:51:28","slug":"plaje","status":"publish","type":"page","link":"https:\/\/kseynasa.gr\/ro\/plaje\/","title":{"rendered":"Plaje"},"content":{"rendered":"<p>[vc_row][vc_column][vc_column_text]\u00cen jurul <strong>Nikitii<\/strong> \u0219i <strong>Sithonia<\/strong> \u00een general, exist\u0103 plaje de nisip cu ape albastre, fiind unele dintre cele mai bune din Halkidiki. Cu toate acestea, plaja Nikiti, premiat\u0103 cu steag albastru, este o alegere ideal\u0103 pentru familiile cu copii mici, deoarece are ap\u0103 cald\u0103 \u0219i pu\u021bin ad\u00e2nc\u0103, cu fund \u0219i plaj\u0103 nisipoas\u0103.<\/p>\n<p>Plajele din Sithonia sunt caracterizate pentru apele albastre \u0219i cur\u0103\u021benia m\u0103rii.<\/p>\n<p>Coasta Nikiti<br \/>\nCoasta Agios Georgios<br \/>\nCoasta Kalogria<br \/>\nCoasta Lagomandra<br \/>\nCoasta Vourvourou<br \/>\nCoasta Agios Ioannis<br \/>\nCoasta Porto Carras<br \/>\nCoasta Neos Marmaras<br \/>\nCoasta Tristinika Toroni<br \/>\nCoasta Elia<br \/>\nCoasta Kavourotripes<br \/>\nCoasta Armenistis<br \/>\ncoasta Kalamitsi<br \/>\n..\u0219i multe altele<\/p>\n<p>Accesa\u021bi-le cu ma\u0219ina de la<strong> Kseynasa Nikiti Suites<\/strong> \u00een 5 p\u00e2n\u0103 la 30 de minute.[\/vc_column_text][\/vc_column][\/vc_row]<\/p>\n","protected":false},"excerpt":{"rendered":"<p>[vc_row][vc_column][vc_column_text]\u00cen jurul Nikitii \u0219i Sithonia \u00een general, exist\u0103 plaje de nisip cu ape albastre, fiind unele dintre cele mai bune din Halkidiki. Cu toate acestea, plaja Nikiti, premiat\u0103 cu steag albastru, este o alegere ideal\u0103 pentru familiile cu copii mici, deoarece are ap\u0103 cald\u0103 \u0219i pu\u021bin ad\u00e2nc\u0103, cu fund \u0219i plaj\u0103 nisipoas\u0103. Plajele din Sithonia [&hellip;]<\/p>\n","protected":false},"author":2,"featured_media":0,"parent":0,"menu_order":0,"comment_status":"closed","ping_status":"closed","template":"","meta":[],"yoast_head":"<!-- This site is optimized with the Yoast SEO plugin v17.7.1 - https:\/\/yoast.com\/wordpress\/plugins\/seo\/ -->\n<title>Plaje - Kseynasa Nikiti Suites<\/title>\n<meta name=\"robots\" content=\"index, follow, max-snippet:-1, max-image-preview:large, max-video-preview:-1\" \/>\n<link rel=\"canonical\" href=\"https:\/\/kseynasa.gr\/ro\/plaje\/\" \/>\n<meta property=\"og:locale\" content=\"ro_RO\" \/>\n<meta property=\"og:type\" content=\"article\" \/>\n<meta property=\"og:title\" content=\"Plaje - Kseynasa Nikiti Suites\" \/>\n<meta property=\"og:description\" content=\"[vc_row][vc_column][vc_column_text]\u00cen jurul Nikitii \u0219i Sithonia \u00een general, exist\u0103 plaje de nisip cu ape albastre, fiind unele dintre cele mai bune din Halkidiki. Cu toate acestea, plaja Nikiti, premiat\u0103 cu steag albastru, este o alegere ideal\u0103 pentru familiile cu copii mici, deoarece are ap\u0103 cald\u0103 \u0219i pu\u021bin ad\u00e2nc\u0103, cu fund \u0219i plaj\u0103 nisipoas\u0103. Plajele din Sithonia [&hellip;]\" \/>\n<meta property=\"og:url\" content=\"https:\/\/kseynasa.gr\/ro\/plaje\/\" \/>\n<meta property=\"og:site_name\" content=\"Kseynasa Nikiti Suites\" \/>\n<meta property=\"article:modified_time\" content=\"2021-12-31T16:51:28+00:00\" \/>\n<meta name=\"twitter:card\" content=\"summary_large_image\" \/>\n<meta name=\"twitter:label1\" content=\"Est. reading time\" \/>\n\t<meta name=\"twitter:data1\" content=\"1 minut\" \/>\n<script type=\"application\/ld+json\" class=\"yoast-schema-graph\">{\"@context\":\"https:\/\/schema.org\",\"@graph\":[{\"@type\":\"WebSite\",\"@id\":\"https:\/\/kseynasa.gr\/#website\",\"url\":\"https:\/\/kseynasa.gr\/\",\"name\":\"Kseynasa Nikiti Suites\",\"description\":\"at Nikiti Sithonia Chalkidiki Greece\",\"potentialAction\":[{\"@type\":\"SearchAction\",\"target\":{\"@type\":\"EntryPoint\",\"urlTemplate\":\"https:\/\/kseynasa.gr\/?s={search_term_string}\"},\"query-input\":\"required name=search_term_string\"}],\"inLanguage\":\"ro-RO\"},{\"@type\":\"WebPage\",\"@id\":\"https:\/\/kseynasa.gr\/ro\/plaje\/#webpage\",\"url\":\"https:\/\/kseynasa.gr\/ro\/plaje\/\",\"name\":\"Plaje - Kseynasa Nikiti Suites\",\"isPartOf\":{\"@id\":\"https:\/\/kseynasa.gr\/#website\"},\"datePublished\":\"2021-02-18T12:34:27+00:00\",\"dateModified\":\"2021-12-31T16:51:28+00:00\",\"breadcrumb\":{\"@id\":\"https:\/\/kseynasa.gr\/ro\/plaje\/#breadcrumb\"},\"inLanguage\":\"ro-RO\",\"potentialAction\":[{\"@type\":\"ReadAction\",\"target\":[\"https:\/\/kseynasa.gr\/ro\/plaje\/\"]}]},{\"@type\":\"BreadcrumbList\",\"@id\":\"https:\/\/kseynasa.gr\/ro\/plaje\/#breadcrumb\",\"itemListElement\":[{\"@type\":\"ListItem\",\"position\":1,\"name\":\"Home\",\"item\":\"https:\/\/kseynasa.gr\/ro\/\"},{\"@type\":\"ListItem\",\"position\":2,\"name\":\"Plaje\"}]}]}<\/script>\n<!-- \/ Yoast SEO plugin. -->","yoast_head_json":{"title":"Plaje - Kseynasa Nikiti Suites","robots":{"index":"index","follow":"follow","max-snippet":"max-snippet:-1","max-image-preview":"max-image-preview:large","max-video-preview":"max-video-preview:-1"},"canonical":"https:\/\/kseynasa.gr\/ro\/plaje\/","og_locale":"ro_RO","og_type":"article","og_title":"Plaje - Kseynasa Nikiti Suites","og_description":"[vc_row][vc_column][vc_column_text]\u00cen jurul Nikitii \u0219i Sithonia \u00een general, exist\u0103 plaje de nisip cu ape albastre, fiind unele dintre cele mai bune din Halkidiki. Cu toate acestea, plaja Nikiti, premiat\u0103 cu steag albastru, este o alegere ideal\u0103 pentru familiile cu copii mici, deoarece are ap\u0103 cald\u0103 \u0219i pu\u021bin ad\u00e2nc\u0103, cu fund \u0219i plaj\u0103 nisipoas\u0103. Plajele din Sithonia [&hellip;]","og_url":"https:\/\/kseynasa.gr\/ro\/plaje\/","og_site_name":"Kseynasa Nikiti Suites","article_modified_time":"2021-12-31T16:51:28+00:00","twitter_card":"summary_large_image","twitter_misc":{"Est. reading time":"1 minut"},"schema":{"@context":"https:\/\/schema.org","@graph":[{"@type":"WebSite","@id":"https:\/\/kseynasa.gr\/#website","url":"https:\/\/kseynasa.gr\/","name":"Kseynasa Nikiti Suites","description":"at Nikiti Sithonia Chalkidiki Greece","potentialAction":[{"@type":"SearchAction","target":{"@type":"EntryPoint","urlTemplate":"https:\/\/kseynasa.gr\/?s={search_term_string}"},"query-input":"required name=search_term_string"}],"inLanguage":"ro-RO"},{"@type":"WebPage","@id":"https:\/\/kseynasa.gr\/ro\/plaje\/#webpage","url":"https:\/\/kseynasa.gr\/ro\/plaje\/","name":"Plaje - Kseynasa Nikiti Suites","isPartOf":{"@id":"https:\/\/kseynasa.gr\/#website"},"datePublished":"2021-02-18T12:34:27+00:00","dateModified":"2021-12-31T16:51:28+00:00","breadcrumb":{"@id":"https:\/\/kseynasa.gr\/ro\/plaje\/#breadcrumb"},"inLanguage":"ro-RO","potentialAction":[{"@type":"ReadAction","target":["https:\/\/kseynasa.gr\/ro\/plaje\/"]}]},{"@type":"BreadcrumbList","@id":"https:\/\/kseynasa.gr\/ro\/plaje\/#breadcrumb","itemListElement":[{"@type":"ListItem","position":1,"name":"Home","item":"https:\/\/kseynasa.gr\/ro\/"},{"@type":"ListItem","position":2,"name":"Plaje"}]}]}},"_links":{"self":[{"href":"https:\/\/kseynasa.gr\/ro\/wp-json\/wp\/v2\/pages\/3598"}],"collection":[{"href":"https:\/\/kseynasa.gr\/ro\/wp-json\/wp\/v2\/pages"}],"about":[{"href":"https:\/\/kseynasa.gr\/ro\/wp-json\/wp\/v2\/types\/page"}],"author":[{"embeddable":true,"href":"https:\/\/kseynasa.gr\/ro\/wp-json\/wp\/v2\/users\/2"}],"replies":[{"embeddable":true,"href":"https:\/\/kseynasa.gr\/ro\/wp-json\/wp\/v2\/comments?post=3598"}],"version-history":[{"count":2,"href":"https:\/\/kseynasa.gr\/ro\/wp-json\/wp\/v2\/pages\/3598\/revisions"}],"predecessor-version":[{"id":3667,"href":"https:\/\/kseynasa.gr\/ro\/wp-json\/wp\/v2\/pages\/3598\/revisions\/3667"}],"wp:attachment":[{"href":"https:\/\/kseynasa.gr\/ro\/wp-json\/wp\/v2\/media?parent=3598"}],"curies":[{"name":"wp","href":"https:\/\/api.w.org\/{rel}","templated":true}]}}