{"id":3602,"date":"2021-02-18T09:15:15","date_gmt":"2021-02-18T09:15:15","guid":{"rendered":"https:\/\/kseynasa.gr\/sithonia-guide\/"},"modified":"2021-12-31T17:01:43","modified_gmt":"2021-12-31T17:01:43","slug":"sithonia-guide","status":"publish","type":"page","link":"https:\/\/kseynasa.gr\/ro\/sithonia-guide\/","title":{"rendered":"Ghid Sithonia"},"content":{"rendered":"<p>[vc_row][vc_column][vc_column_text]<\/p>\n<h2><strong>Satul Vechi \u0219i coasta Nikiti<\/strong><\/h2>\n<p>Este clasificat\u0103 ca a\u0219ezare istoric\u0103. Este format din case de piatr\u0103, dintre care multe au fost construite \u00een secolul al 19-lea \u0219i au fost restaurate \u00een ultimii ani. Satul a fost construit pe dealuri, are multe izvoare \u0219i o pia\u021b\u0103 veche cu trei f\u00e2nt\u00e2ni. Urc\u00e2nd pe strada principal\u0103 pietruit\u0103, ve\u021bi ajunge \u00een cel mai \u00eenalt punct unde ve\u021bi g\u0103si biserica mare Aghios Nikitas: din curtea ei ave\u021bi o vedere asupra \u00eentregului sat. A fost construit\u0103 \u00een 1867, ars\u0103 \u00een timpul r\u0103zboiului civil \u0219i reconstruit\u0103 \u00eentre 1950 \u0219i 1952. Al\u0103turi de ea se afl\u0103 capela lui Koimisis Theotokou cu c\u00e2teva picturi murale dat\u00e2nd din secolul al 17-lea.<\/p>\n<p>A\u0219ezarea de pe plaja Nikiti s-a dezvoltat \u00eencep\u00e2nd cu 1950. \u00cen 1918, exista o singur\u0103 colib\u0103 \u0219i un debarcader de lemn care leag\u0103 Salonic de Kavala \u0219i Kassandra. \u00cen zilele noastre este plin de cafenele, baruri, taverne \u0219i restaurante pe malul m\u0103rii. Exist\u0103 minimarketuri, farmacii, supermarketuri \u0219i magazine de unde pute\u021bi cump\u0103ra miere \u0219i polen.<\/p>\n<h2><strong>Mierea de la Nikiti<\/strong><\/h2>\n<p>Halkidiki are 6.500 de apicultori \u0219i se afl\u0103 pe primul loc la produc\u021bia de miere din \u021bar\u0103 (32% din produc\u021bia total\u0103). Locuitorii s\u0103i sunt \u00een mod tradi\u021bional implica\u021bi \u00een apicultur\u0103, iar zona este un habitat natural pentru albine. Nikiti este considerat a fi primul sat apicol din Europa, iar locuitorii s\u0103i sunt angaja\u021bi \u00een apicultur\u0103 de peste 500 de ani, \u0219i mai precis \u00een produc\u021bia de miere de pin. Mierea lor este ambalat\u0103 sub denumirea de \u201eSithon\u201d \u0219i este certificat\u0103 de standardele interna\u021bionale de calitate ISO. La Cooperativ\u0103 se pot degusta \u0219i achizi\u021biona miere de flori, miere de pin, precum \u0219i soiuri rare de miere precum mierea de portocale, mierea de erica multipolyflora, mierea de castan, mierea de cimbru. Pentru mai multe informa\u021bii: www.honeysithon.gr, tel.: +30 23750 22887, +30 23750 20060-3, e-mail: honey@otenet.gr. \u00cen Nikiti ve\u021bi g\u0103si \u0219i ateliere de ceroplastic\u0103.<\/p>\n<h2><strong>Porto Koufo<\/strong><\/h2>\n<p>Acesta a fost vechiul port Toroneos, cel mai mare port natural din nordul Greciei, a\u0219a cum a men\u021bionat Tucidide. Din cele mai vechi timpuri a fost numit Kofos limin (portul surd), pentru c\u0103 cine st\u0103 \u00een golf nu aude deloc zgomotul m\u0103rii, a\u0219a cum nu ar face un surd! \u00cen timpul bizan\u021bului, a fost o baz\u0103 pentru pira\u021bi. Peisajul de la Porto Koufo este unul dintre cele mai impresionante din Halkidiki, deoarece portul este \u00eenconjurat de st\u00e2nci, l\u0103s\u00e2nd doar o deschidere de aproximativ 300 de metri prin care s\u0103 treac\u0103 vasul \u0219i b\u0103rcile de pescuit.<\/p>\n<h2><strong>Partenona<\/strong><\/h2>\n<p>Este considerat a fi cel mai frumos sat din Sithonia, listat ca a\u0219ezare tradi\u021bional\u0103 din 1978. Drumul care duce aici \u00eencepe cu pu\u021bin \u00eenainte de Neos Marmaras (4,5 km). Parthenonas are case de piatr\u0103 cu acoperi\u0219uri de \u021bigl\u0103 \u0219i este construit \u00een mod amfiteatru la poalele muntelui Itamos. \u00cen centrul ei ve\u021bi g\u0103si biserica Aghios Stefanos dat\u00e2nd din 1837, construit\u0103 peste o biseric\u0103 mai veche distrus\u0103 \u00een 1821, \u0219i renovat\u0103 \u00een 2007. Icoanele g\u0103site \u00een biseric\u0103 dateaz\u0103 din secolul al 18-lea \u0219i unele dintre ele \u00eenc\u0103 se p\u0103streaz\u0103 \u00een interior. \u00cen a\u0219ezare func\u021bioneaz\u0103 unele taverne. \u00cen jurul lui, sunt trasee \u2013 unele marcate \u2013 care duc la Muntele Itamos.<\/p>\n<h2><strong>Toroni<\/strong><\/h2>\n<p>S\u0103p\u0103turile au ar\u0103tat c\u0103 zona a fost locuit\u0103 \u00eenc\u0103 din timpuri preistorice. Vechiul Toroni era cel mai important ora\u0219 din Halkidiki. Era situat pe partea de nord \u0219i nord-vest a dealului Vigla, care este digul de vest al Kofos Limin. \u00cen acel loc sunt vizibile ziduri din perioada clasic\u0103 (sec. 4-5 \u00ee.Hr.) \u0219i din perioada elenistic\u0103 timpurie (sec. 3 \u00ee.Hr.). Ast\u0103zi, la fa\u021ba locului ve\u021bi vedea ce a mai r\u0103mas din fortifica\u021bii \u2013 un turn rotund \u00een loca\u021bia Anemomilos (Moara de v\u00e2nt) \u0219i p\u0103r\u021bi din fortifica\u021biile din v\u00e2rful Vigla. S\u0103p\u0103turile de la cimitir au scos la iveal\u0103, printre altele, o hidra de argint din secolul al 5-lea \u00ee.Hr. cu meduse sculptate pe m\u00e2nere, expuse acum la Muzeul de Arheologie din Salonic. Pe fundul m\u0103rii au fost descoperite docurile portului antic.<\/p>\n<h3>Castelul din Likithos<\/h3>\n<p>Urme de locuire datate din epoca timpurie a bronzului (mileniul al 3-lea \u00ee.Hr.), funda\u021biile caselor \u0219i ruinele par\u021biale din epoca timpurie a fierului (secolele 11-8 \u00ee.Hr.) au fost descoperite pe peninsula st\u00e2ncoas\u0103. A fost una dintre cele dou\u0103 cet\u0103\u021bi ale lui Toroni. Ora\u0219ul antic avea ziduri puternice fortificate \u0219i, conform lui Tucidide, a existat chiar \u0219i un templu dedicat Atenei \u00een Likithos. V\u00e2rful peninsulei spre mare avea propriile fortifica\u021bii care comunicau cu castelul printr-o poart\u0103 interioar\u0103.<\/p>\n<h2><strong>Neos (noul) Marmaras<\/strong><\/h2>\n<p>A\u0219ezarea a fost construit\u0103 \u00een 1922 de refugia\u021bi din Asia Mic\u0103 pe o zon\u0103 st\u00e2ncoas\u0103 cu porturi mici. Era gleba Balabani a m\u0103n\u0103stirii Gregorios din Muntele Athos. A\u0219ezarea ini\u021bial\u0103 a refugia\u021bilor a crescut rapid \u0219i p\u00e2n\u0103 \u00een 1970, locuitorii satului Parthenonas au venit s\u0103 se stabileasc\u0103 pe partea de vest. Odinioar\u0103 sat de pescari \u0219i a\u0219ezare rural\u0103, a devenit o atrac\u021bie turistic\u0103 \u0219i acum este plin\u0103 de hoteluri, camere de \u00eenchiriat, blocuri de locuin\u021be si taverne. \u00cen port, situat \u00een centrul a\u0219ez\u0103rii, se leag\u0103 b\u0103rcile de pescuit \u0219i iahturile. In apropierea portului vei vedea biserica Taxiarches unde inca mai poti vedea icoane aduse din Marmaras de catre refugiati.<\/p>\n<h2><strong>M\u0103n\u0103stirea Ormylia<\/strong><\/h2>\n<p>Complexul impun\u0103tor al m\u0103n\u0103stirii se afl\u0103 la 4,5 km sud de satul Ormylia \u0219i este cel mai mare din Grecia, cu peste 100 de c\u0103lug\u0103ri\u021be. A fost o gleb\u0103 a m\u0103n\u0103stirii Vatopedi \u00eenc\u0103 din secolul al 12-lea. \u00cen 1924, a fost dat refugia\u021bilor pentru ca ace\u0219tia s\u0103 construiasc\u0103 acolo satul Vatopedi. \u00cen incint\u0103 func\u021bioneaz\u0103 ateliere de \u021besut, broderie, hagiografie \u0219i standardizare a produselor tradi\u021bionale, precum \u0219i un Centru de Diagnosticare a Artei, dotat cu tehnologie de ultim\u0103 genera\u021bie, dedicat conserv\u0103rii relicvelor \u0219i icoanelor. M\u0103n\u0103stirea este deschis\u0103 vizitatorilor mar\u021bi, joi, s\u00e2mb\u0103t\u0103 \u00eentre orele 10:00-16:00 \u0219i duminic\u0103 \u00eentre orele 10:00-19:00. Tel.: +30 23710 41498.<\/p>\n<p>&nbsp;<\/p>\n<h2 style=\"text-align: center;\"><strong>Plaje<\/strong><\/h2>\n<h2 style=\"text-align: center;\">SPRE EST<\/h2>\n<h2><strong>Kavourotripes<\/strong><\/h2>\n<p>Aceast\u0103 plaj\u0103 exotic\u0103 este considerat\u0103 de mul\u021bi cea mai frumoas\u0103 din Halkidiki. Este situat la 6 km dupa campingul Armenistis. Este format din \u0219ase golfuri cu mici insule st\u00e2ncoase, ape turcoaz \u0219i nisip alb. Dac\u0103 dori\u021bi s\u0103 evita\u021bi aglomera\u021biile mari, este recomandabil s\u0103 vizita\u021bi Kavourotripes \u00een Iunie sau Septembrie.<\/p>\n<h2><strong>Karidi<\/strong><\/h2>\n<p>O serie de plaje mici, de vis, l\u00e2ng\u0103 Vourvourou. Pini care cascad\u0103 \u00een apele turcoaz, nisip fin alb \u0219i st\u00e2nci \u00een forma\u021biuni minunate \u2013 asem\u0103n\u0103toare celor din Kavourotripes.<\/p>\n<h2><strong>Kalamitsi<\/strong><\/h2>\n<p>Un golf frumos, nisipos, la marginea micii a\u0219ez\u0103ri, cu un skerry \u00een fa\u021b\u0103. \u00cen localitate func\u021bioneaz\u0103 taverne \u0219i un bar pe plaj\u0103.<\/p>\n<p>&nbsp;<\/p>\n<h2 style=\"text-align: center;\">SPRE VEST<\/h2>\n<h2><strong>Aghios Ioannis si Kastri<\/strong><\/h2>\n<p>Plaje frumoase, dar aglomerate, cu ape turcoaz, langa coasta Nikiti. Vizavi de plaja Kastri, se afla insula mica. Capela Aghios Ioannis, dup\u0103 care a primit numele zonei, a fost construit\u0103 pe o st\u00e2nc\u0103 joas\u0103 \u00een a doua jum\u0103tate a secolului al 19-lea.<\/p>\n<h2><strong>Kalogria<\/strong><\/h2>\n<p>Una dintre cele mai faimoase plaje din Sithonia. Ap\u0103 albastr\u0103 limpede cu nuan\u021be de verde \u0219i fund nisipos. Vegeta\u021bie luxuriant\u0103 \u00een lateral; exist\u0103 baruri pe plaj\u0103 care ofer\u0103 cafea, sucuri etc.<\/p>\n<h2><strong>Toroni<\/strong><\/h2>\n<p>Dup\u0103 Toroni, se \u00eentinde plaja lung\u0103 cu nisip care \u00eei poart\u0103 numele. \u00cen v\u00e2rful s\u0103u se afl\u0103 castelul Lykithos.<\/p>\n<p>[\/vc_column_text][\/vc_column][\/vc_row]<\/p>\n","protected":false},"excerpt":{"rendered":"<p>[vc_row][vc_column][vc_column_text] Satul Vechi \u0219i coasta Nikiti Este clasificat\u0103 ca a\u0219ezare istoric\u0103. Este format din case de piatr\u0103, dintre care multe au fost construite \u00een secolul al 19-lea \u0219i au fost restaurate \u00een ultimii ani. Satul a fost construit pe dealuri, are multe izvoare \u0219i o pia\u021b\u0103 veche cu trei f\u00e2nt\u00e2ni. Urc\u00e2nd pe strada principal\u0103 pietruit\u0103, [&hellip;]<\/p>\n","protected":false},"author":2,"featured_media":0,"parent":0,"menu_order":0,"comment_status":"closed","ping_status":"closed","template":"","meta":[],"yoast_head":"<!-- This site is optimized with the Yoast SEO plugin v17.7.1 - https:\/\/yoast.com\/wordpress\/plugins\/seo\/ -->\n<title>Ghid Sithonia - Kseynasa Nikiti Suites<\/title>\n<meta name=\"robots\" content=\"index, follow, max-snippet:-1, max-image-preview:large, max-video-preview:-1\" \/>\n<link rel=\"canonical\" href=\"https:\/\/kseynasa.gr\/ro\/sithonia-guide\/\" \/>\n<meta property=\"og:locale\" content=\"ro_RO\" \/>\n<meta property=\"og:type\" content=\"article\" \/>\n<meta property=\"og:title\" content=\"Ghid Sithonia - Kseynasa Nikiti Suites\" \/>\n<meta property=\"og:description\" content=\"[vc_row][vc_column][vc_column_text] Satul Vechi \u0219i coasta Nikiti Este clasificat\u0103 ca a\u0219ezare istoric\u0103. Este format din case de piatr\u0103, dintre care multe au fost construite \u00een secolul al 19-lea \u0219i au fost restaurate \u00een ultimii ani. Satul a fost construit pe dealuri, are multe izvoare \u0219i o pia\u021b\u0103 veche cu trei f\u00e2nt\u00e2ni. Urc\u00e2nd pe strada principal\u0103 pietruit\u0103, [&hellip;]\" \/>\n<meta property=\"og:url\" content=\"https:\/\/kseynasa.gr\/ro\/sithonia-guide\/\" \/>\n<meta property=\"og:site_name\" content=\"Kseynasa Nikiti Suites\" \/>\n<meta property=\"article:modified_time\" content=\"2021-12-31T17:01:43+00:00\" \/>\n<meta name=\"twitter:card\" content=\"summary_large_image\" \/>\n<meta name=\"twitter:label1\" content=\"Est. reading time\" \/>\n\t<meta name=\"twitter:data1\" content=\"6 minute\" \/>\n<script type=\"application\/ld+json\" class=\"yoast-schema-graph\">{\"@context\":\"https:\/\/schema.org\",\"@graph\":[{\"@type\":\"WebSite\",\"@id\":\"https:\/\/kseynasa.gr\/#website\",\"url\":\"https:\/\/kseynasa.gr\/\",\"name\":\"Kseynasa Nikiti Suites\",\"description\":\"at Nikiti Sithonia Chalkidiki Greece\",\"potentialAction\":[{\"@type\":\"SearchAction\",\"target\":{\"@type\":\"EntryPoint\",\"urlTemplate\":\"https:\/\/kseynasa.gr\/?s={search_term_string}\"},\"query-input\":\"required name=search_term_string\"}],\"inLanguage\":\"ro-RO\"},{\"@type\":\"WebPage\",\"@id\":\"https:\/\/kseynasa.gr\/ro\/sithonia-guide\/#webpage\",\"url\":\"https:\/\/kseynasa.gr\/ro\/sithonia-guide\/\",\"name\":\"Ghid Sithonia - Kseynasa Nikiti Suites\",\"isPartOf\":{\"@id\":\"https:\/\/kseynasa.gr\/#website\"},\"datePublished\":\"2021-02-18T09:15:15+00:00\",\"dateModified\":\"2021-12-31T17:01:43+00:00\",\"breadcrumb\":{\"@id\":\"https:\/\/kseynasa.gr\/ro\/sithonia-guide\/#breadcrumb\"},\"inLanguage\":\"ro-RO\",\"potentialAction\":[{\"@type\":\"ReadAction\",\"target\":[\"https:\/\/kseynasa.gr\/ro\/sithonia-guide\/\"]}]},{\"@type\":\"BreadcrumbList\",\"@id\":\"https:\/\/kseynasa.gr\/ro\/sithonia-guide\/#breadcrumb\",\"itemListElement\":[{\"@type\":\"ListItem\",\"position\":1,\"name\":\"Home\",\"item\":\"https:\/\/kseynasa.gr\/ro\/\"},{\"@type\":\"ListItem\",\"position\":2,\"name\":\"Ghid Sithonia\"}]}]}<\/script>\n<!-- \/ Yoast SEO plugin. -->","yoast_head_json":{"title":"Ghid Sithonia - Kseynasa Nikiti Suites","robots":{"index":"index","follow":"follow","max-snippet":"max-snippet:-1","max-image-preview":"max-image-preview:large","max-video-preview":"max-video-preview:-1"},"canonical":"https:\/\/kseynasa.gr\/ro\/sithonia-guide\/","og_locale":"ro_RO","og_type":"article","og_title":"Ghid Sithonia - Kseynasa Nikiti Suites","og_description":"[vc_row][vc_column][vc_column_text] Satul Vechi \u0219i coasta Nikiti Este clasificat\u0103 ca a\u0219ezare istoric\u0103. Este format din case de piatr\u0103, dintre care multe au fost construite \u00een secolul al 19-lea \u0219i au fost restaurate \u00een ultimii ani. Satul a fost construit pe dealuri, are multe izvoare \u0219i o pia\u021b\u0103 veche cu trei f\u00e2nt\u00e2ni. Urc\u00e2nd pe strada principal\u0103 pietruit\u0103, [&hellip;]","og_url":"https:\/\/kseynasa.gr\/ro\/sithonia-guide\/","og_site_name":"Kseynasa Nikiti Suites","article_modified_time":"2021-12-31T17:01:43+00:00","twitter_card":"summary_large_image","twitter_misc":{"Est. reading time":"6 minute"},"schema":{"@context":"https:\/\/schema.org","@graph":[{"@type":"WebSite","@id":"https:\/\/kseynasa.gr\/#website","url":"https:\/\/kseynasa.gr\/","name":"Kseynasa Nikiti Suites","description":"at Nikiti Sithonia Chalkidiki Greece","potentialAction":[{"@type":"SearchAction","target":{"@type":"EntryPoint","urlTemplate":"https:\/\/kseynasa.gr\/?s={search_term_string}"},"query-input":"required name=search_term_string"}],"inLanguage":"ro-RO"},{"@type":"WebPage","@id":"https:\/\/kseynasa.gr\/ro\/sithonia-guide\/#webpage","url":"https:\/\/kseynasa.gr\/ro\/sithonia-guide\/","name":"Ghid Sithonia - Kseynasa Nikiti Suites","isPartOf":{"@id":"https:\/\/kseynasa.gr\/#website"},"datePublished":"2021-02-18T09:15:15+00:00","dateModified":"2021-12-31T17:01:43+00:00","breadcrumb":{"@id":"https:\/\/kseynasa.gr\/ro\/sithonia-guide\/#breadcrumb"},"inLanguage":"ro-RO","potentialAction":[{"@type":"ReadAction","target":["https:\/\/kseynasa.gr\/ro\/sithonia-guide\/"]}]},{"@type":"BreadcrumbList","@id":"https:\/\/kseynasa.gr\/ro\/sithonia-guide\/#breadcrumb","itemListElement":[{"@type":"ListItem","position":1,"name":"Home","item":"https:\/\/kseynasa.gr\/ro\/"},{"@type":"ListItem","position":2,"name":"Ghid Sithonia"}]}]}},"_links":{"self":[{"href":"https:\/\/kseynasa.gr\/ro\/wp-json\/wp\/v2\/pages\/3602"}],"collection":[{"href":"https:\/\/kseynasa.gr\/ro\/wp-json\/wp\/v2\/pages"}],"about":[{"href":"https:\/\/kseynasa.gr\/ro\/wp-json\/wp\/v2\/types\/page"}],"author":[{"embeddable":true,"href":"https:\/\/kseynasa.gr\/ro\/wp-json\/wp\/v2\/users\/2"}],"replies":[{"embeddable":true,"href":"https:\/\/kseynasa.gr\/ro\/wp-json\/wp\/v2\/comments?post=3602"}],"version-history":[{"count":3,"href":"https:\/\/kseynasa.gr\/ro\/wp-json\/wp\/v2\/pages\/3602\/revisions"}],"predecessor-version":[{"id":3669,"href":"https:\/\/kseynasa.gr\/ro\/wp-json\/wp\/v2\/pages\/3602\/revisions\/3669"}],"wp:attachment":[{"href":"https:\/\/kseynasa.gr\/ro\/wp-json\/wp\/v2\/media?parent=3602"}],"curies":[{"name":"wp","href":"https:\/\/api.w.org\/{rel}","templated":true}]}}