{"id":3606,"date":"2021-02-18T12:28:25","date_gmt":"2021-02-18T12:28:25","guid":{"rendered":"https:\/\/kseynasa.gr\/chalkidiki\/"},"modified":"2021-12-31T17:16:44","modified_gmt":"2021-12-31T17:16:44","slug":"chalkidiki","status":"publish","type":"page","link":"https:\/\/kseynasa.gr\/ro\/chalkidiki\/","title":{"rendered":"CHALKIDIKI"},"content":{"rendered":"<p>[vc_row][vc_column][vc_column_text]<\/p>\n<h2 style=\"text-align: center;\">\u00cen zona Kassandrei<\/h2>\n<p>&nbsp;<\/p>\n<h2><strong>Olynthus Antic<\/strong><\/h2>\n<p>Coco\u021bat \u00eentr-o loca\u021bie aleas\u0103 cu \u00een\u021belepciune, care supraveghea c\u00e2mpia, a fost un ora\u0219 exemplar din punct de vedere arhitectural \u0219i organizatoric al vremurilor clasice. \u00cenc\u0103 din primii ani ai s\u0103p\u0103turilor efectuate \u00een anii 1920, a oferit informa\u021bii pre\u021bioase despre urbanizarea a\u0219ez\u0103rilor din zona cu blocuri, artere largi, paralele, zone publice \u0219i, \u00een general, o percep\u021bie asupra conceptului de urbanism hipodamian. Pentru a evita c\u0103ldura verii v\u0103 suger\u0103m s\u0103 vizita\u021bi site-ul diminea\u021ba devreme, deoarece va trebui s\u0103 v\u0103 plimba\u021bi mult. C\u00e2nd ajunge\u021bi pe dealul de nord, ve\u021bi vedea \u00een sus \u0219i \u00eenchide modul \u00een care era organizat\u0103 via\u021ba de zi cu zi a ora\u0219ului acum 2.500 de ani. Fiecare bloc a fost format din 10 case cu curte interioar\u0103 comun\u0103, ap\u0103 curent\u0103 \u0219i un sistem de drenaj sofisticat. Pentru a g\u0103si site-ul, conduce\u021bi de la Nikiti spre Nea Moudania \u0219i dup\u0103 ce trece\u021bi de Kalyves Polygyrou, ve\u021bi vedea indicatorul relevant \u00een dreapta dvs.<\/p>\n<h2><strong>Pe\u0219tera de la Petralona<\/strong><\/h2>\n<p>Este situat la poalele vestice ale muntelui Katsika, chiar \u00een afara satului omonim de refugia\u021bi Petralona, la 20 km nord-vest de Nea Moudania. Pe\u0219tera Petralona are \u00eenc\u0103peri de stalagmite impresionante, dar ceea ce o face at\u00e2t de special\u0103 este faptul c\u0103 \u00een ea a fost descoperit un craniu uman, protejat cu material stalagmitic. Are o vechime de 250.000 de ani (500.000 sau mai mult de ani, conform altora). A apar\u021binut unui b\u0103rbat de 30-35 de ani, prea b\u0103tr\u00e2n pentru vremea lui, deoarece durata medie de via\u021b\u0103 nu dep\u0103\u0219ea 25 de ani. Descoperirile sugereaz\u0103 c\u0103 oamenii \u0219i animalele au folosit pe\u0219tera ca ad\u0103post timp de 700.000 de ani. Pe l\u00e2ng\u0103 craniul lui Archanthropos, au fost descoperite \u0219i oase de animale disp\u0103rute din Halkidiki, precum ur\u0219i, lei de pe\u0219ter\u0103, rinoceri, hiene, c\u0103prioare. Decorarea stalagmitelor din pe\u0219ter\u0103 o face s\u0103 figureze printre cele mai frumoase pe\u0219teri din Europa. Se remarc\u0103 stalagmitele \u201epitici\u201d care s-au dezvoltat pe podeaua uneia dintre camere. L\u00e2ng\u0103 pe\u0219ter\u0103, ve\u021bi g\u0103si Muzeul Antropologic din Petralona. Tel. +30 23730 71671.<\/p>\n<h2><strong>Canalul Poteidea<\/strong><\/h2>\n<p>Poteidea a fost o colonie corintic\u0103 din secolul al 7-lea \u00ee.Hr. \u0219i a jucat un rol important \u00een r\u0103zboaiele mediane. Apostazia sa de la Alian\u021ba atenian\u0103 a fost una dintre cauzele r\u0103zboiului din Peloponesia. Nu \u0219tim exact c\u00e2nd a fost deschis canalul. Ceea ce \u0219tim este c\u0103 avea 1.250 m lungime \u0219i 40 m l\u0103\u021bime \u0219i c\u0103 a existat \u00eenainte de secolul 1 d.Hr. Este considerat de a fi un proiect g\u00e2ndit \u0219i finalizat de regele Cassander al Macedoniei cu 400 de ani mai devreme, pentru a facilita naviga\u021bia \u0219i pentru a proteja ora\u0219ul. Istmul peninsulei Kassandra, desp\u0103r\u021bit de canal, era protejat de un sistem de fortifica\u021bii care avea aceea\u0219i lungime ca \u0219i canalul, \u00eempiedic\u00e2nd p\u0103trunderea pe uscat; a fost probabil o lucrare ulterioar\u0103 a lui Justinian. Ast\u0103zi, au supravie\u021buit doar fragmente din zid, precum \u0219i funda\u021biile unuia dintre turnurile sale de col\u021b din Thermaikos.<\/p>\n<h2><strong>Afytos<\/strong><\/h2>\n<p>Situat pe peninsula Kassandra, Afytos este un sat plin de via\u021b\u0103, cu vederi minunate la mare de la o anumit\u0103 \u00een\u0103l\u021bime. Are restaurante, magazine, cafe-baruri \u0219i multe case frumoase construite de me\u0219teri locali cu calcar local. Dintre casele deschise vizitatorilor, merit\u0103 s\u0103 arunc\u0103m o privire mai atent\u0103 la cele ale lui Katsanis \u0219i ale pictorului Paralis. Un alt loc de interes este biserica central\u0103 Aghios Dimitrios, construit\u0103 la mijlocul secolului al 19-lea, care este singura \u00een stil bazilic\u0103 cu cupol\u0103 din Halkidiki. La majoritatea caselor din Afytos, sculpturile populare \u00een piatr\u0103 informeaz\u0103 vizitatorii despre anul \u00een care a fost construit \u0219i despre primul proprietar. Pentru a merge la Afytos, vei traversa canalul Poteidea, vei trece pe l\u00e2ng\u0103 Nea Fokea \u0219i vei g\u0103si indicatorul relevant care \u00ee\u021bi arat\u0103 drumul spre Afytos, pe partea st\u00e2ng\u0103 a drumului.<\/p>\n<p>&nbsp;<\/p>\n<h2 style=\"text-align: center;\">\u00cen Halkidiki Central\u0103<\/h2>\n<p>&nbsp;<\/p>\n<h2><strong>Muzeul Arheologic din Polygyros<\/strong><\/h2>\n<p>Este situat \u00een Pia\u021ba Heroou, \u00een centrul ora\u0219ului Polygyros. Exponatele acoper\u0103 o perioad\u0103 de la epoca bronzului p\u00e2n\u0103 la perioada roman\u0103. Merit\u0103 s\u0103 vezi Kourosul semifinisat \u0219i un Kore dat\u00e2nd din secolul al 6-lea \u00ee.Hr., g\u0103site \u00een mare \u00een largul str\u0103vechii Stageira, cuf\u0103rul clazomenian din Acanthus (considerat ca dat\u00e2nd din secolul al 5-lea \u00ee.Hr.), decorat cu imagini pictate, \u0219i Statui Stratonio, care probabil provin de la sf\u00e2r\u0219itul secolului I \u00ee.Hr.: a\u0219a-numita \u201eDoamna din Stratoni\u201d \u0219i o statuie masculin\u0103. Exist\u0103, de asemenea, arme \u0219i bijuterii din perioadele arhaice t\u00e2rzii \u0219i clasice, precum \u0219i descoperiri de la Olint. \u00centr-un spa\u021biu separat, ve\u021bi vedea expozi\u021bia intitulat\u0103 \u201eTrei colonii de Andros \u00een Chalkidiki: Sani, Acanthus, Stageira\u201d. Deschis de la 8.30 la 15.00, Luni \u00eenchis, tel. +30 23710 22148.<\/p>\n<h2><strong>Stageira antic\u0103<\/strong><\/h2>\n<p>Unul dintre cele mai importante situri istorice din Halkidiki, se afl\u0103 pe peninsula Liotopi, aproape de a\u0219ezarea Olympiada. Ora\u0219ul antic a fost construit pe dou\u0103 dealuri \u2013 cel de coast\u0103 de nord \u0219i cel mai mare de sud. S\u0103p\u0103tura a \u00eenceput \u00een 1990 \u0219i a ar\u0103tat c\u0103 primul deal a fost locuit de coloni\u0219ti din Andros pe la mijlocul secolului al 7-lea \u00ee.Hr. Mai t\u00e2rziu, Calkidienii au venit \u0219i ei aici pentru a se stabili. Cre\u0219terea popula\u021biei a dus la extinderea ora\u0219ului pe cel\u0103lalt deal la \u00eenceputul secolului al V-lea \u00ee.Hr. Apoi, a fost construit zidul puternic care \u00eenconjura ora\u0219ul cu turnuri fortificate. \u00cen pia\u021ba, situat\u0103 pe \u201eg\u00e2tul\u201d dintre cele dou\u0103 dealuri, s-au efectuat cercet\u0103ri la o arcade de l\u00e2ng\u0103 depozite publice \u0219i magazine. S\u0103p\u0103turile au scos la iveal\u0103 \u0219i cetatea, templele, casele \u0219i alte cl\u0103diri pe care le pute\u021bi vedea dac\u0103 face\u021bi turul fie de la intrarea din nordul dealului, aproape de plaja Sykia, fie din v\u00e2rful dealului sudic, unde se afl\u0103 cetatea, oferind magnifice vederi asupra intregii cetati. Pentru mai multe informa\u021bii, v\u0103 rug\u0103m s\u0103 suna\u021bi la +30 2310 801402.<\/p>\n<h2><strong>Fort\u0103rea\u021ba din Ouranoupolis<\/strong><\/h2>\n<p>Turnul Prosforiou, simbolul Ouranoupolis, se crede c\u0103 a fost construit \u00een secolul al 12-lea \u0219i este cel mai mare \u0219i cel mai bine conservat turn din Halkidiki. Complexul este format din cetatea bizantin\u0103, mica incint\u0103 fortificat\u0103 \u0219i \u0219antierul de b\u0103rci din 1865. A apar\u021binut lui Prosforion glebe, Ouranoupolis de ast\u0103zi, iar m\u0103n\u0103stirea Vatopedi avea deja s\u00e2mbure ini\u021bial \u00een posesia sa \u00een 1018. \u00cen 1379, despotul Salonicului , Ioannis Paleologos, a r\u0103mas aici. Din cauza unui cutremur din 1585, a suferit pagube majore, iar \u00een 1858 a fost nelocuit\u0103. \u00cen acela\u0219i an, \u00eens\u0103, a \u00eenceput un amplu program de restaurare \u0219i a luat forma pe care o are ast\u0103zi. \u00cen trecutul recent, a fost legat de istoria cuplului Loch care s-a stabilit acolo. Refacerea \u0219i restaurarea cet\u0103\u021bii a fost efectuat\u0103 de cel de-al 10-lea Eforat al Antichit\u0103\u021bilor Bizantine. Ast\u0103zi, este deschis vizitatorilor \u0219i func\u021bioneaz\u0103 ca spa\u021biu expozi\u021bional. Ve\u021bi vedea descoperiri arheologice din Ouranoupolis \u0219i NE Halkidiki, o camer\u0103 cu obiecte apar\u021bin\u00e2nd cuplului Loch, modele ale m\u0103n\u0103stirilor athonite. La ultimul etaj al turnului, care ofer\u0103 priveli\u0219ti magnifice, se afl\u0103 o mic\u0103 capel\u0103. Tel. +30 23770 71651.<\/p>\n<h2><strong>M\u0103n\u0103stirea Zygos<\/strong><\/h2>\n<p>Situat la 2 km de Ouranoupolis, este una dintre atrac\u021biile majore din Halkidiki. De\u0219i exist\u0103 o s\u0103p\u0103tur\u0103 \u00een curs de desf\u0103\u0219urare la m\u0103n\u0103stire, situl este deschis vizitatorilor \u0219i exist\u0103 indicatoare explicative. Zeci de oameni vin aici \u00een fiecare zi \u00een timpul verii. Potrivit supraveghetorului \u0219tiin\u021bific, arheologul Ioakeim Papaggelos, ceea ce face ca aceast\u0103 m\u0103n\u0103stire s\u0103 fie deosebit de important\u0103 este faptul c\u0103 permite vizitatorilor \u0219i exper\u021bilor s\u0103 studieze prin ea m\u0103n\u0103stirile situate \u00een interiorul Muntelui Athos, din punct de vedere al arheologiei, structurii cl\u0103dirii \u0219i organiz\u0103rii spa\u021biului de cult. M\u0103n\u0103stirea Zygos a fost fondat\u0103 \u00een secolul al 10-lea \u0219i \u00een 1198, era deja pustie. Abia a fost reconstruit\u0103 \u2013 deci, ce este acolo dateaz\u0103 din vechiul Munte Athos! M\u0103n\u0103stirea a fost \u00eenchinat\u0103 profetului Ilie \u0219i prima referin\u021b\u0103 cunoscut\u0103 despre Zygos de pe peninsula Athos provine dintr-un manuscris din 942. Se pare c\u0103, \u00een jurul anului 1206, un domn franc care s-a repezit s\u0103 jefuiasc\u0103 Muntele Athos s-a stabilit la castelul Zygos, motiv pentru care m\u0103n\u0103stirea a fost \u00eenchinat\u0103. este adesea citat ca Fragkokastro. Dup\u0103 cum demonstreaz\u0103 s\u0103p\u0103turile, a fost construit \u00eentr-o loca\u021bie \u00een care facilit\u0103\u021bile existau deja din secolul al 4-lea p\u00e2n\u0103 \u00een secolul al 6-lea d.Hr. Construc\u021bia katholikonului cu cele dou\u0103 capele ale sale a \u00eenceput la \u00eenceputul secolului al 11-lea, dup\u0103 patru etape de construc\u021bie. Podelele sunt decorate cu marmur\u0103 ornamentat\u0103. \u00cen timp ce vizita\u021bi site-ul, ve\u021bi vedea \u0219i locurile \u00een care au fost construite cuptoarele, moara, \u201elinos\u201d (o teasc\u0103 de vin construit\u0103) \u0219i \u201ebanca\u201d.<\/p>\n<h2><strong>Satul Arnaia<\/strong><\/h2>\n<p>Cel mai frumos sat din Halkidiki de Nord (72 km de Nikiti \u0219i 35 km de Polygyros) este \u0219i cel mai mare din zon\u0103. P\u00e2n\u0103 \u00een 1928, numele Arnaia a fost Liarigkova \u0219i a fost citat pentru prima dat\u0103 \u00eentr-un document de la sf\u00e2r\u0219itul secolului al 14-lea ca o gleb\u0103 a m\u0103n\u0103stirii Kastamonitou din Muntele Athos. Se pare c\u0103 satul a fost \u00eentemeiat \u00een secolul al 16-lea de c\u0103tre cultivatorii glebei \u00een jurul f\u00e2nt\u00e2nii vechii plane, situat\u0103 \u00een pia\u021ba central\u0103. Apa f\u00e2nt\u00e2nii curge ast\u0103zi prin portbagajul avionului \u0219i conform tradi\u021biei, cine bea ap\u0103 de aici se c\u0103s\u0103tore\u0219te cu un b\u0103rbat sau o femeie din Arnaia! \u00cen jurul pie\u021bei centrale exist\u0103 cartiere \u00een care se pot admira casele pitore\u0219ti construite \u00een arhitectura tradi\u021bional\u0103 macedonean\u0103, pictate cu culori frumoase. La sud de pia\u021ba central\u0103 se afl\u0103 celebrul Conac Iatrou, care func\u021bioneaz\u0103 ast\u0103zi ca muzeu de folclor (dac\u0103 dori\u021bi s\u0103 vizita\u021bi v\u0103 rug\u0103m s\u0103 contacta\u021bi +30 23723 50121). Cobor\u00e2nd pe drumul principal v\u0103 ve\u021bi g\u0103si \u00een fa\u021ba celebrei \u0219coli din 1871, a\u0219a-numita \u0219coal\u0103 urban\u0103 a Liarigkova. Este cel mai bine construit din secolul al 19-lea din Halkidiki, iar din 1990, prim\u0103ria este g\u0103zduit\u0103 aici. O clopotni\u021b\u0103 dat\u00e2nd din 1889 este adiacent\u0103. Al\u0103turi, se afl\u0103 biserica Aghios Stefanos \u0219i vizavi, vechiul han care func\u021bioneaz\u0103 ca pensiune. Biserica a fost construit\u0103 \u00een 1812, a incendiat \u00een 1821 \u0219i a fost reconstruit\u0103 pentru a fi distrus\u0103 din nou de un incendiu \u00een 2005. \u00cen timpul lucr\u0103rilor de restaurare din 2006, sub biseric\u0103 au fost descoperite ruinele a trei biserici anterioare: una paleocre\u0219tin\u0103, una bizantin\u0103. una cu hagiografii importante \u0219i o biseric\u0103 post-bizantin\u0103 care a fost construit\u0103 \u00eenainte de 1812. La doar 2 km de sat, spre nord, se \u00eentinde o p\u0103dure frumoas\u0103 de aproximativ 12,5 acri, cu stejari seculari. Cr\u00e2ngul Aghia Paraskevi g\u0103zduie\u0219te un bar municipal \u0219i o cafenea-restaurant.<\/p>\n<h2><strong>Muntele Athos<\/strong><\/h2>\n<p>Legenda spune c\u0103 \u00een timpul b\u0103t\u0103liei dintre zei \u0219i uria\u0219i, Athos, un uria\u0219 trac, a aruncat o st\u00e2nc\u0103 masiv\u0103 asupra lui Poseidon, dar aceasta i-a sc\u0103pat printre degete \u0219i a aterizat \u00een Marea Egee, form\u00e2nd peninsula Athos. Conform tradi\u021biei biserice\u0219ti, Muntele Athos a fost d\u0103ruit de Domnul Fecioarei Maria ca \u201egr\u0103dina \u0219i paradisul ei, precum \u0219i m\u00e2ntuire, un refugiu pentru cei ce caut\u0103 m\u00e2ntuirea\u201d. \u00cen aceast\u0103 f\u00e2\u0219ie alungit\u0103 de p\u0103m\u00e2nt, de o mie de ani \u00eencoace, c\u0103lug\u0103rii din Muntele Athos \u0219i-au dedicat via\u021ba p\u0103cii, rug\u0103ciunii \u0219i monahismului. Clasificat ca sit al Patrimoniului Mondial, este o organiza\u021bie politic\u0103 din \u021bar\u0103 cunoscut\u0103 sub numele de \u201eStatul Monahal Autonom al Sf\u00e2ntului Munte\u201d. Ast\u0103zi, \u00een Muntele Athos sunt 20 de m\u0103n\u0103stiri. Primii pustnici au venit pe Muntele Athos \u00een secolul al IV-lea d.Hr. Cei mai vechi anahore\u021bi (emi\u021bi) confirma\u021bi istoric (secolul al 9-lea d.Hr.) au fost Petros o Athoniatis \u0219i Efthimios o Neos. Primii asce\u021bi s-au a\u0219ezat singuri sau \u00een grupuri mici \u0219i au adus cu ei vechea tradi\u021bie monahal\u0103 a R\u0103s\u0103ritului \u2013 adic\u0103 urm\u00e2nd post \u0219i rug\u0103ciune stricte. Schimbarea major\u0103 a formei de ascez\u0103 din Muntele Athos a avut loc atunci c\u00e2nd Athanasios Athonitul, \u00een 963, cu sprijinul prietenului s\u0103u \u00eemp\u0103ratul Nikiforos Fokas, a fondat prima m\u0103n\u0103stire cenobitic\u0103, Megisti Lavra. \u00cen 971, \u00eemp\u0103ratul Ioannis Tsimiskis a semnat faimosul Typikon (Cart\u0103) \u2013 cunoscut \u00een mod obi\u0219nuit drept Tragos pentru c\u0103 era scris pe o piele de capr\u0103 \u2013 setul de reguli \u0219i discipline ale monahismului athonit care guverneaz\u0103 \u0219i ast\u0103zi m\u0103n\u0103stirile. Una dintre cele mai stricte reguli fiind a\u0219a-numitul avaton, proclamat de \u00eemp\u0103ratul Constantin al IX-lea Monomachos \u00een 1046, care impune interdic\u021bia de intrare pentru femei.<\/p>\n<p>BIZANTUL. Sistemul cenobitic al monahismului organizat de pe Muntele Athos s-a r\u0103sp\u00e2ndit rapid \u0219i a c\u00e2\u0219tigat adep\u021bi spirituali \u00een tot Imperiul Bizantin. M\u0103n\u0103stirile au devenit riguroase din punct de vedere financiar, nu numai datorit\u0103 favorii \u0219i protec\u021biei \u00eemp\u0103ra\u021bilor, ci \u0219i datorit\u0103 amplas\u0103rii lor geografice proeminente din punct de vedere maritim. Treptat, au devenit complexe mari de cl\u0103diri fortificate, care con\u021bin nu numai chiliile c\u0103lug\u0103rilor, ci toate facilit\u0103\u021bile necesare pentru a servi func\u021bionarea lor autonom\u0103. De la \u00eenceput, Muntele Athos a atras c\u0103lug\u0103ri din diverse na\u021biuni, dob\u00e2ndind \u00eenc\u0103 de atunci un caracter atemporal, inter-ortodox. Ocuparea de c\u0103tre franci \u00een timpul celei de-a patra cruciade \u0219i atacurile de prad\u0103 asupra m\u0103n\u0103stirilor de c\u0103tre Compania Catalan\u0103 a Estului (1307-1309) au agravat rela\u021bia Muntelui Athos cu Occidentul. \u00cen secolul al 14-lea, istoria m\u0103n\u0103stirilor a fost marcat\u0103 de atacurile de piraterie catastrofale ale emirilor turci din Asia Mic\u0103. Amenin\u021b\u0103rile continue au fost motivul din spatele arhitecturii asem\u0103n\u0103toare cet\u0103\u021bii formate de-a lungul secolelor.[\/vc_column_text][\/vc_column][\/vc_row]<\/p>\n","protected":false},"excerpt":{"rendered":"<p>[vc_row][vc_column][vc_column_text] \u00cen zona Kassandrei &nbsp; Olynthus Antic Coco\u021bat \u00eentr-o loca\u021bie aleas\u0103 cu \u00een\u021belepciune, care supraveghea c\u00e2mpia, a fost un ora\u0219 exemplar din punct de vedere arhitectural \u0219i organizatoric al vremurilor clasice. \u00cenc\u0103 din primii ani ai s\u0103p\u0103turilor efectuate \u00een anii 1920, a oferit informa\u021bii pre\u021bioase despre urbanizarea a\u0219ez\u0103rilor din zona cu blocuri, artere largi, paralele, [&hellip;]<\/p>\n","protected":false},"author":2,"featured_media":0,"parent":0,"menu_order":0,"comment_status":"closed","ping_status":"closed","template":"","meta":[],"yoast_head":"<!-- This site is optimized with the Yoast SEO plugin v17.7.1 - https:\/\/yoast.com\/wordpress\/plugins\/seo\/ -->\n<title>CHALKIDIKI - Kseynasa Nikiti Suites<\/title>\n<meta name=\"robots\" content=\"index, follow, max-snippet:-1, max-image-preview:large, max-video-preview:-1\" \/>\n<link rel=\"canonical\" href=\"https:\/\/kseynasa.gr\/ro\/chalkidiki\/\" \/>\n<meta property=\"og:locale\" content=\"ro_RO\" \/>\n<meta property=\"og:type\" content=\"article\" \/>\n<meta property=\"og:title\" content=\"CHALKIDIKI - Kseynasa Nikiti Suites\" \/>\n<meta property=\"og:description\" content=\"[vc_row][vc_column][vc_column_text] \u00cen zona Kassandrei &nbsp; Olynthus Antic Coco\u021bat \u00eentr-o loca\u021bie aleas\u0103 cu \u00een\u021belepciune, care supraveghea c\u00e2mpia, a fost un ora\u0219 exemplar din punct de vedere arhitectural \u0219i organizatoric al vremurilor clasice. \u00cenc\u0103 din primii ani ai s\u0103p\u0103turilor efectuate \u00een anii 1920, a oferit informa\u021bii pre\u021bioase despre urbanizarea a\u0219ez\u0103rilor din zona cu blocuri, artere largi, paralele, [&hellip;]\" \/>\n<meta property=\"og:url\" content=\"https:\/\/kseynasa.gr\/ro\/chalkidiki\/\" \/>\n<meta property=\"og:site_name\" content=\"Kseynasa Nikiti Suites\" \/>\n<meta property=\"article:modified_time\" content=\"2021-12-31T17:16:44+00:00\" \/>\n<meta name=\"twitter:card\" content=\"summary_large_image\" \/>\n<meta name=\"twitter:label1\" content=\"Est. reading time\" \/>\n\t<meta name=\"twitter:data1\" content=\"10 minute\" \/>\n<script type=\"application\/ld+json\" class=\"yoast-schema-graph\">{\"@context\":\"https:\/\/schema.org\",\"@graph\":[{\"@type\":\"WebSite\",\"@id\":\"https:\/\/kseynasa.gr\/#website\",\"url\":\"https:\/\/kseynasa.gr\/\",\"name\":\"Kseynasa Nikiti Suites\",\"description\":\"at Nikiti Sithonia Chalkidiki Greece\",\"potentialAction\":[{\"@type\":\"SearchAction\",\"target\":{\"@type\":\"EntryPoint\",\"urlTemplate\":\"https:\/\/kseynasa.gr\/?s={search_term_string}\"},\"query-input\":\"required name=search_term_string\"}],\"inLanguage\":\"ro-RO\"},{\"@type\":\"WebPage\",\"@id\":\"https:\/\/kseynasa.gr\/ro\/chalkidiki\/#webpage\",\"url\":\"https:\/\/kseynasa.gr\/ro\/chalkidiki\/\",\"name\":\"CHALKIDIKI - Kseynasa Nikiti Suites\",\"isPartOf\":{\"@id\":\"https:\/\/kseynasa.gr\/#website\"},\"datePublished\":\"2021-02-18T12:28:25+00:00\",\"dateModified\":\"2021-12-31T17:16:44+00:00\",\"breadcrumb\":{\"@id\":\"https:\/\/kseynasa.gr\/ro\/chalkidiki\/#breadcrumb\"},\"inLanguage\":\"ro-RO\",\"potentialAction\":[{\"@type\":\"ReadAction\",\"target\":[\"https:\/\/kseynasa.gr\/ro\/chalkidiki\/\"]}]},{\"@type\":\"BreadcrumbList\",\"@id\":\"https:\/\/kseynasa.gr\/ro\/chalkidiki\/#breadcrumb\",\"itemListElement\":[{\"@type\":\"ListItem\",\"position\":1,\"name\":\"Home\",\"item\":\"https:\/\/kseynasa.gr\/ro\/\"},{\"@type\":\"ListItem\",\"position\":2,\"name\":\"CHALKIDIKI\"}]}]}<\/script>\n<!-- \/ Yoast SEO plugin. -->","yoast_head_json":{"title":"CHALKIDIKI - Kseynasa Nikiti Suites","robots":{"index":"index","follow":"follow","max-snippet":"max-snippet:-1","max-image-preview":"max-image-preview:large","max-video-preview":"max-video-preview:-1"},"canonical":"https:\/\/kseynasa.gr\/ro\/chalkidiki\/","og_locale":"ro_RO","og_type":"article","og_title":"CHALKIDIKI - Kseynasa Nikiti Suites","og_description":"[vc_row][vc_column][vc_column_text] \u00cen zona Kassandrei &nbsp; Olynthus Antic Coco\u021bat \u00eentr-o loca\u021bie aleas\u0103 cu \u00een\u021belepciune, care supraveghea c\u00e2mpia, a fost un ora\u0219 exemplar din punct de vedere arhitectural \u0219i organizatoric al vremurilor clasice. \u00cenc\u0103 din primii ani ai s\u0103p\u0103turilor efectuate \u00een anii 1920, a oferit informa\u021bii pre\u021bioase despre urbanizarea a\u0219ez\u0103rilor din zona cu blocuri, artere largi, paralele, [&hellip;]","og_url":"https:\/\/kseynasa.gr\/ro\/chalkidiki\/","og_site_name":"Kseynasa Nikiti Suites","article_modified_time":"2021-12-31T17:16:44+00:00","twitter_card":"summary_large_image","twitter_misc":{"Est. reading time":"10 minute"},"schema":{"@context":"https:\/\/schema.org","@graph":[{"@type":"WebSite","@id":"https:\/\/kseynasa.gr\/#website","url":"https:\/\/kseynasa.gr\/","name":"Kseynasa Nikiti Suites","description":"at Nikiti Sithonia Chalkidiki Greece","potentialAction":[{"@type":"SearchAction","target":{"@type":"EntryPoint","urlTemplate":"https:\/\/kseynasa.gr\/?s={search_term_string}"},"query-input":"required name=search_term_string"}],"inLanguage":"ro-RO"},{"@type":"WebPage","@id":"https:\/\/kseynasa.gr\/ro\/chalkidiki\/#webpage","url":"https:\/\/kseynasa.gr\/ro\/chalkidiki\/","name":"CHALKIDIKI - Kseynasa Nikiti Suites","isPartOf":{"@id":"https:\/\/kseynasa.gr\/#website"},"datePublished":"2021-02-18T12:28:25+00:00","dateModified":"2021-12-31T17:16:44+00:00","breadcrumb":{"@id":"https:\/\/kseynasa.gr\/ro\/chalkidiki\/#breadcrumb"},"inLanguage":"ro-RO","potentialAction":[{"@type":"ReadAction","target":["https:\/\/kseynasa.gr\/ro\/chalkidiki\/"]}]},{"@type":"BreadcrumbList","@id":"https:\/\/kseynasa.gr\/ro\/chalkidiki\/#breadcrumb","itemListElement":[{"@type":"ListItem","position":1,"name":"Home","item":"https:\/\/kseynasa.gr\/ro\/"},{"@type":"ListItem","position":2,"name":"CHALKIDIKI"}]}]}},"_links":{"self":[{"href":"https:\/\/kseynasa.gr\/ro\/wp-json\/wp\/v2\/pages\/3606"}],"collection":[{"href":"https:\/\/kseynasa.gr\/ro\/wp-json\/wp\/v2\/pages"}],"about":[{"href":"https:\/\/kseynasa.gr\/ro\/wp-json\/wp\/v2\/types\/page"}],"author":[{"embeddable":true,"href":"https:\/\/kseynasa.gr\/ro\/wp-json\/wp\/v2\/users\/2"}],"replies":[{"embeddable":true,"href":"https:\/\/kseynasa.gr\/ro\/wp-json\/wp\/v2\/comments?post=3606"}],"version-history":[{"count":5,"href":"https:\/\/kseynasa.gr\/ro\/wp-json\/wp\/v2\/pages\/3606\/revisions"}],"predecessor-version":[{"id":3673,"href":"https:\/\/kseynasa.gr\/ro\/wp-json\/wp\/v2\/pages\/3606\/revisions\/3673"}],"wp:attachment":[{"href":"https:\/\/kseynasa.gr\/ro\/wp-json\/wp\/v2\/media?parent=3606"}],"curies":[{"name":"wp","href":"https:\/\/api.w.org\/{rel}","templated":true}]}}